{"id":330992,"date":"2022-08-21T20:54:07","date_gmt":"2024-04-12T12:22:27","guid":{"rendered":"https:\/\/www.moskito.cz\/produkt\/feststehendes-messer-crkt-minimalist-bowie-gears-2387g\/"},"modified":"2025-05-07T11:10:29","modified_gmt":"2025-05-07T10:10:29","slug":"feststehendes-messer-crkt-minimalist-bowie-gears-2387g","status":"publish","type":"product","link":"https:\/\/www.moskito.cz\/de\/produkt\/feststehendes-messer-crkt-minimalist-bowie-gears-2387g\/","title":{"rendered":"Feststehendes Messer CRKT MINIMALIST BOWIE GEARS 2387G"},"content":{"rendered":"<p>Feststehendes Messer <strong>CRKT<\/strong> MINIMALIST BOWIE GEARS 2387G.<\/p>\n<p>Speziell gebaut f\u00fcr alles, was geschnitten werden muss.<\/p>\n<p>Dieses kompakte Messer mit feststehender Klinge und stabilen Griffen ist neu mit 3D-gedruckten Zahnr\u00e4dern ausgestattet, die immer f\u00fcr Gespr\u00e4chsstoff am Lagerfeuer sorgen. Sie f\u00fchlen sich im Wald oder in der Garage genauso wohl.<br \/>\nGriff und Geh\u00e4use leuchten im Dunkeln<br \/>\nKompaktes Design f\u00fcr einfachen Transport<br \/>\nDie Scheide funktioniert als Halsmesser oder am G\u00fcrtel.<\/p>\n<p>SPEZIFIKATIONEN<br \/>\nKlingenl\u00e4nge 2,13&#8243; (53,98 mm)<br \/>\nKlinge Klinge Plain<br \/>\nKlingenstahl 8Cr13MoV<br \/>\nOberfl\u00e4chenbehandlung der Klinge Satin<br \/>\nKlingenst\u00e4rke: 0,11 Zoll (2,74 mm)<br \/>\nGesamtl\u00e4nge 5,13&#8243; (130,18 mm)<br \/>\nGewicht 1,60 oz (45,36 g)<br \/>\nGriff aus glasfaserverst\u00e4rktem Nylon<br \/>\nStil: Feststehendes Messer mit Scheide<br \/>\nSchalenmaterial<\/p>\n","protected":false},"excerpt":{"rendered":"<p>Entworfen von Alan Folts in Melbourne, Florida.<\/p>\n","protected":false},"featured_media":330993,"comment_status":"open","ping_status":"closed","template":"","meta":[],"pwb-brand":[3457],"product_brand":[],"product_cat":[3285,3287],"product_tag":[3669],"class_list":{"0":"post-330992","1":"product","2":"type-product","3":"status-publish","4":"has-post-thumbnail","6":"pwb-brand-crkt-de","7":"product_cat-messer","8":"product_cat-solide-messer","9":"product_tag-b2b-de","11":"first","12":"outofstock","13":"taxable","14":"shipping-taxable","15":"purchasable","16":"product-type-simple"},"brands":[{"id":3457,"name":"CRKT","slug":"crkt-de"}],"_links":{"self":[{"href":"https:\/\/www.moskito.cz\/de\/wp-json\/wp\/v2\/product\/330992","targetHints":{"allow":["GET"]}}],"collection":[{"href":"https:\/\/www.moskito.cz\/de\/wp-json\/wp\/v2\/product"}],"about":[{"href":"https:\/\/www.moskito.cz\/de\/wp-json\/wp\/v2\/types\/product"}],"replies":[{"embeddable":true,"href":"https:\/\/www.moskito.cz\/de\/wp-json\/wp\/v2\/comments?post=330992"}],"wp:featuredmedia":[{"embeddable":true,"href":"https:\/\/www.moskito.cz\/de\/wp-json\/wp\/v2\/media\/330993"}],"wp:attachment":[{"href":"https:\/\/www.moskito.cz\/de\/wp-json\/wp\/v2\/media?parent=330992"}],"wp:term":[{"taxonomy":"pwb-brand","embeddable":true,"href":"https:\/\/www.moskito.cz\/de\/wp-json\/wp\/v2\/pwb-brand?post=330992"},{"taxonomy":"product_brand","embeddable":true,"href":"https:\/\/www.moskito.cz\/de\/wp-json\/wp\/v2\/product_brand?post=330992"},{"taxonomy":"product_cat","embeddable":true,"href":"https:\/\/www.moskito.cz\/de\/wp-json\/wp\/v2\/product_cat?post=330992"},{"taxonomy":"product_tag","embeddable":true,"href":"https:\/\/www.moskito.cz\/de\/wp-json\/wp\/v2\/product_tag?post=330992"}],"curies":[{"name":"wp","href":"https:\/\/api.w.org\/{rel}","templated":true}]}}