{"id":331093,"date":"2019-10-01T14:32:49","date_gmt":"2024-04-12T12:46:23","guid":{"rendered":"https:\/\/www.moskito.cz\/produkt\/crkt-woods-chogan-t-hawk-2730-axt\/"},"modified":"2025-07-11T07:50:04","modified_gmt":"2025-07-11T06:50:04","slug":"crkt-woods-chogan-t-hawk-2730-axt","status":"publish","type":"product","link":"https:\/\/www.moskito.cz\/de\/produkt\/crkt-woods-chogan-t-hawk-2730-axt\/","title":{"rendered":"CRKT Woods Chogan T-Hawk 2730 Axt"},"content":{"rendered":"<p><strong>CRKT<\/strong> Woods Chogan T-Hawk 2730 Axt<\/p>\n<p>Entworfen von Ryan Johnson von RMJ Tactical in Chattanooga, Tennessee<br \/>\nMachen Sie ein sch\u00f6nes Kaminfeuer. Verdammt, bau eine sch\u00f6ne H\u00fctte.<\/p>\n<p>Mit einem Griff aus Hickoryholz, einer hitzegeschmiedeten Klinge und einem Hammer macht diese Zweihand-Campingaxt das Leben einfacher, wenn Sie nicht am Netz sind.<\/p>\n<p>Ryan Johnson von RMJ Tactical in Chattanooga, Tennessee, hat den Woods Chogan\u2122 T-Hawk entworfen. Als Spezialist f\u00fcr die Anwendung moderner Technik auf jahrhundertealte Werkzeug- und Waffenkonzepte legt das Unternehmen mit einer neuen Outdoor-Linie von Tomahawks, die so gro\u00df schwingen wie die offene Wildnis, in der sie sich befinden, noch einmal nach.<br \/>\nGeschmiedete Z\u00e4higkeit: 1055-Kohlenstoffstahl sorgt f\u00fcr Haltbarkeit und Schnitthaltigkeit<br \/>\nLanglebig: Tennessee-Hickory ist ein dichtes Material, das starker Beanspruchung standh\u00e4lt<br \/>\nMehrzweckwerkzeug: Holz einfach spalten oder Zeltheringe einschlagen<\/p>\n<p>SPEZIFIKATIONEN<br \/>\nKlingenl\u00e4nge 3,50&#8243; (88,90 mm)<br \/>\nAxtklinge mit Hammer<br \/>\nKlingenstahl 1055 Kohlenstoffstahl<br \/>\nOberfl\u00e4chenbehandlung der Klinge. Transparenter Lack<br \/>\nKlingenst\u00e4rke: 13,21 mm.<br \/>\nGesamtl\u00e4nge 19,00&#8243; (482,60 mm)<br \/>\nGewicht 1,99 lb (0,90 kg)<br \/>\nGriff aus Tennessee Hickory<br \/>\nTomahawk-Stil<\/p>\n<p><iframe title=\"Chogan &amp; Kangee Woods T-Hawks | Designed by Ryan Johnson of RMJ Tactical\" width=\"800\" height=\"450\" src=\"https:\/\/www.youtube.com\/embed\/QlvDOLxr5S8?feature=oembed\" frameborder=\"0\" allow=\"accelerometer; autoplay; clipboard-write; encrypted-media; gyroscope; picture-in-picture; web-share\" referrerpolicy=\"strict-origin-when-cross-origin\" allowfullscreen><\/iframe><\/p>\n<p>&nbsp;<\/p>\n","protected":false},"excerpt":{"rendered":"<p>Entworfen von Ryan Johnson von RMJ Tactical in Chattanooga, Tennessee<\/p>\n","protected":false},"featured_media":166023,"comment_status":"open","ping_status":"closed","template":"","meta":[],"pwb-brand":[3457],"product_brand":[],"product_cat":[3301,3285],"product_tag":[3669],"class_list":{"0":"post-331093","1":"product","2":"type-product","3":"status-publish","4":"has-post-thumbnail","6":"pwb-brand-crkt-de","7":"product_cat-axte","8":"product_cat-messer","9":"product_tag-b2b-de","11":"first","12":"outofstock","13":"taxable","14":"shipping-taxable","15":"purchasable","16":"product-type-simple"},"brands":[{"id":3457,"name":"CRKT","slug":"crkt-de"}],"_links":{"self":[{"href":"https:\/\/www.moskito.cz\/de\/wp-json\/wp\/v2\/product\/331093","targetHints":{"allow":["GET"]}}],"collection":[{"href":"https:\/\/www.moskito.cz\/de\/wp-json\/wp\/v2\/product"}],"about":[{"href":"https:\/\/www.moskito.cz\/de\/wp-json\/wp\/v2\/types\/product"}],"replies":[{"embeddable":true,"href":"https:\/\/www.moskito.cz\/de\/wp-json\/wp\/v2\/comments?post=331093"}],"wp:featuredmedia":[{"embeddable":true,"href":"https:\/\/www.moskito.cz\/de\/wp-json\/wp\/v2\/media\/166023"}],"wp:attachment":[{"href":"https:\/\/www.moskito.cz\/de\/wp-json\/wp\/v2\/media?parent=331093"}],"wp:term":[{"taxonomy":"pwb-brand","embeddable":true,"href":"https:\/\/www.moskito.cz\/de\/wp-json\/wp\/v2\/pwb-brand?post=331093"},{"taxonomy":"product_brand","embeddable":true,"href":"https:\/\/www.moskito.cz\/de\/wp-json\/wp\/v2\/product_brand?post=331093"},{"taxonomy":"product_cat","embeddable":true,"href":"https:\/\/www.moskito.cz\/de\/wp-json\/wp\/v2\/product_cat?post=331093"},{"taxonomy":"product_tag","embeddable":true,"href":"https:\/\/www.moskito.cz\/de\/wp-json\/wp\/v2\/product_tag?post=331093"}],"curies":[{"name":"wp","href":"https:\/\/api.w.org\/{rel}","templated":true}]}}