{"id":331232,"date":"2023-09-28T09:05:04","date_gmt":"2024-04-12T13:13:06","guid":{"rendered":"https:\/\/www.moskito.cz\/produkt\/axt-crkt-odr-2753\/"},"modified":"2025-05-07T11:10:36","modified_gmt":"2025-05-07T10:10:36","slug":"axt-crkt-odr-2753","status":"publish","type":"product","link":"https:\/\/www.moskito.cz\/de\/produkt\/axt-crkt-odr-2753\/","title":{"rendered":"Axt CRKT Odr 2753"},"content":{"rendered":"<p>Axt <strong>CRKT<\/strong> Odr 2753<\/p>\n<p>Ein Multitool in einer Axt, gesandt von den G\u00f6ttern.<\/p>\n<p>Mit seinem Mehrzweckkopf, der auf der einen Seite eine Standard-Axtklinge und auf der anderen einen Dorn hat, schneidet die Odr\u2122 wie eine Axt und bricht den Boden wie eine Spitzhacke auf. Es ist ein vielseitiges Werkzeug, das Sie im Camp oder zu Hause immer griffbereit haben und das sich perfekt zum Spalten von Holz oder zum Durchbrechen von felsigem Boden eignet.<\/p>\n<p>Geschmiedete Z\u00e4higkeit: 1055-Kohlenstoffstahl sorgt f\u00fcr Haltbarkeit und Schnitthaltigkeit<br \/>\nVerbesserter Schutz: Schwarze Beschichtung verbessert die Korrosionsbest\u00e4ndigkeit<br \/>\nMehrzweckwerkzeug: Holz leicht spalten oder die Spitze f\u00fcr Penetrationsaufgaben verwenden<br \/>\nLanglebig: Tennessee-Hickory ist ein dichtes Material, das starker Beanspruchung standh\u00e4lt<br \/>\nFeuerbehandelt: Der Tennessee-Hickory-Stiel wird gebrannt, um ihm eine dunkle Textur zu verleihen<\/p>\n<p>Stahlsorte: Kohlenstoffstahl<br \/>\nKlingenmaterial: 1055<br \/>\nGriffmaterial: Holz<br \/>\nGeh\u00e4use: ohne Geh\u00e4use<br \/>\nGesamtl\u00e4nge: 53,3 cm<br \/>\nGewicht: 710 g<br \/>\nKlingenfinish: Schwarz<\/p>\n<p>&nbsp;<\/p>\n<p>&nbsp;<\/p>\n","protected":false},"excerpt":{"rendered":"<p><strong>DesignerElmer RoushBrasstown, North Carolina.<\/strong><\/p>\n<p><strong>Elmer verbrachte seine Zeit auf dem Schlachtfeld. Aber was ihn heutzutage wirklich reizt, ist, wie ein Schmied mit einem Hammer gegen hei\u00dfen Stahl zu k\u00e4mpfen. Er hat Freude daran, funktionale Kantenwerkzeuge von Hand zu schmieden und bringt \u00fcber 40 Jahre Erfahrung in das Forged By War\u2122-Programm ein. Sein Spezialgebiet sind \u00c4xte und historische Nachbildungen wie Wikinger\u00e4xte. Obwohl seine Entw\u00fcrfe modern wirken, basieren sie tats\u00e4chlich auf Werkzeugen und Ger\u00e4ten, die Jahrtausende alt sind.<\/strong><\/p>\n<p>&nbsp;<\/p>\n","protected":false},"featured_media":331233,"comment_status":"open","ping_status":"closed","template":"","meta":[],"pwb-brand":[3457],"product_brand":[],"product_cat":[3301],"product_tag":[3669],"class_list":{"0":"post-331232","1":"product","2":"type-product","3":"status-publish","4":"has-post-thumbnail","6":"pwb-brand-crkt-de","7":"product_cat-axte","8":"product_tag-b2b-de","10":"first","11":"instock","12":"taxable","13":"shipping-taxable","14":"purchasable","15":"product-type-simple"},"brands":[{"id":3457,"name":"CRKT","slug":"crkt-de"}],"_links":{"self":[{"href":"https:\/\/www.moskito.cz\/de\/wp-json\/wp\/v2\/product\/331232","targetHints":{"allow":["GET"]}}],"collection":[{"href":"https:\/\/www.moskito.cz\/de\/wp-json\/wp\/v2\/product"}],"about":[{"href":"https:\/\/www.moskito.cz\/de\/wp-json\/wp\/v2\/types\/product"}],"replies":[{"embeddable":true,"href":"https:\/\/www.moskito.cz\/de\/wp-json\/wp\/v2\/comments?post=331232"}],"wp:featuredmedia":[{"embeddable":true,"href":"https:\/\/www.moskito.cz\/de\/wp-json\/wp\/v2\/media\/331233"}],"wp:attachment":[{"href":"https:\/\/www.moskito.cz\/de\/wp-json\/wp\/v2\/media?parent=331232"}],"wp:term":[{"taxonomy":"pwb-brand","embeddable":true,"href":"https:\/\/www.moskito.cz\/de\/wp-json\/wp\/v2\/pwb-brand?post=331232"},{"taxonomy":"product_brand","embeddable":true,"href":"https:\/\/www.moskito.cz\/de\/wp-json\/wp\/v2\/product_brand?post=331232"},{"taxonomy":"product_cat","embeddable":true,"href":"https:\/\/www.moskito.cz\/de\/wp-json\/wp\/v2\/product_cat?post=331232"},{"taxonomy":"product_tag","embeddable":true,"href":"https:\/\/www.moskito.cz\/de\/wp-json\/wp\/v2\/product_tag?post=331232"}],"curies":[{"name":"wp","href":"https:\/\/api.w.org\/{rel}","templated":true}]}}