{"id":331293,"date":"2023-12-04T21:27:10","date_gmt":"2024-04-12T13:36:32","guid":{"rendered":"https:\/\/www.moskito.cz\/produkt\/spyderco-leafjumper-c262sblk390-klappmesser\/"},"modified":"2025-05-07T11:10:38","modified_gmt":"2025-05-07T10:10:38","slug":"spyderco-leafjumper-c262sblk390-klappmesser","status":"publish","type":"product","link":"https:\/\/www.moskito.cz\/de\/produkt\/spyderco-leafjumper-c262sblk390-klappmesser\/","title":{"rendered":"Spyderco LeafJumper C262SBLK390 Klappmesser"},"content":{"rendered":"<p><strong>Spyderco<\/strong> LeafJumper C262SBLK390 Klappmesser<\/p>\n<p>Sal Glesser, Mitbegr\u00fcnder <strong>von Spyderco<\/strong> , hatte schon immer ein starkes Interesse daran, Messer zu entwerfen, die bestimmte Leistungskriterien erf\u00fcllen. Seine unglaubliche F\u00e4higkeit, die Bed\u00fcrfnisse der Endbenutzer zu verstehen und sich mit ihnen zu identifizieren, hat zu einigen der kultigsten Designs <strong>von Spyderco<\/strong> gef\u00fchrt, darunter Mariner, Police Model, Civilian, Military, Rescue und Assist, um nur einige zu nennen.<\/p>\n<p>Ein neueres Beispiel f\u00fcr Salos spezifischen Ansatz beim Messerdesign ist der RockJumper, den er entwickelt hat, um den anspruchsvollen Anforderungen von Outdoor-Enthusiasten und Kletterern gerecht zu werden. Der im Jahr 2020 eingef\u00fchrte RockJumper gewann nicht nur eine treue Anh\u00e4ngerschaft, sondern weckte auch die Nachfrage nach einer Version mit einer konventionelleren Klingenform. Sals neuestes Design, der LeafJumper, ist die Antwort auf diesen Ruf.<\/p>\n<p>Die Entwicklung des Designs<\/p>\n<p>Sals Ziel bei der Entwicklung des RockJumper war es, ein leichtes Klappmesser zu schaffen, das eine beeindruckende Schneidleistung und schnelle, beidh\u00e4ndige Einhandkontrolle bietet. Um dies in einem praktischen und leicht zu transportierenden Paket zu erreichen, hat er das Design so modifiziert, dass es den perfekten \u201eMittelweg\u201c zwischen den Delica 4- und Endura 4-Leichtgewichten bietet und dennoch die gleichen bew\u00e4hrten Funktionen und Vorteile bietet.<\/p>\n<p>Viele der charakteristischen Merkmale der Delica 4 und Endura 4 finden sich in ihrem Griffdesign wieder. Ihre leichten, ergonomischen Griffe sind aus Edelstahl gefertigt. Die Eins\u00e4tze sind skelettiert, um das Gewicht zu reduzieren und den Messern eine beeindruckende strukturelle Festigkeit zu verleihen. Sie unterst\u00fctzen ihren robusten hinteren Verriegelungsmechanismus und bieten solide Verankerungspunkte f\u00fcr ihre Taschenclips mit vier Positionen. Die Liner bestehen aus robusten, spritzgegossenen Schuppen aus glasfaserverst\u00e4rktem Nylon (FRN) und verf\u00fcgen \u00fcber das charakteristische bidirektionale Texturmuster von Spyderco f\u00fcr einen sicheren, rutschfesten Halt. Passende hintere FRN-Abstandshalter sorgen f\u00fcr zus\u00e4tzliche Festigkeit und verankern die Federn f\u00fcr einen hinteren Klingenverriegelungsmechanismus, der einfach mit beiden H\u00e4nden zu bedienen ist.<\/p>\n<p>Alle diese Merkmale sind originalgetreu in den Griff des RockJumper integriert, der \u00fcber ein breites Profil verf\u00fcgt, das sich an beiden Enden erweitert und die Hand des Benutzers f\u00fcr einen sichereren Halt \u201efixiert\u201c. Das handgef\u00fcllte Design liegt au\u00dferdem flach auf der Handfl\u00e4che und erm\u00f6glicht eine instinktive taktile Ausrichtung der Ebene und Kante der Klinge. Da viele Outdoor-Enthusiasten und Bergsteiger gerne Sicherungsseile an ihren Messern verwenden, befindet sich am hinteren Ende des Griffs zus\u00e4tzlich ein \u00fcbergro\u00dfes Seilloch.<\/p>\n<p>Am \u201eBusiness-Ende\u201c verf\u00fcgt der RockJumper \u00fcber eine vollst\u00e4ndig geschliffene Klinge aus VG-10-Edelstahl mit klassischem Wharncliffe-Profil. Der Klingenr\u00fccken kr\u00fcmmt sich anmutig und trifft an einer au\u00dfergew\u00f6hnlich scharfen Spitze auf die perfekt gerade Schneide. Das Ergebnis ist eine Klinge, die alles von skalpellartiger Pr\u00e4zision bis hin zu extremer Schneidkraft in einem einzigen Paket bietet. Es ist in einer Vielzahl von PlainEdge- oder vollst\u00e4ndig gezahnten SpyderEdge-Konfigurationen erh\u00e4ltlich und verf\u00fcgt stolz \u00fcber eine vollst\u00e4ndig zug\u00e4ngliche runde \u00d6ffnung f\u00fcr sicheres, einh\u00e4ndiges \u00d6ffnen.<\/p>\n<p>Ein neues Kapitel aufschlagen<\/p>\n<p>Obwohl die Wharncliffe-Klingenform \u00e4u\u00dferst praktisch und vielseitig ist, bevorzugen einige Messerbenutzer eine eher \u201ebauchige\u201c Klinge und eine robustere Spitze, die n\u00e4her an der Mittellinie des Messers liegt. Um diesen Vorlieben gerecht zu werden, beschloss Sal, den RockJumper-Griff mit einer breiten, blattf\u00f6rmigen Klinge auszustatten, und der LeafJumper war geboren.<\/p>\n<p>Wie der Name schon sagt, ist das charakteristische Merkmal des LeafJumper die Form seiner Klinge, die dem symmetrischen Profil eines Bambusblatts \u00e4hnelt. Obwohl diese Form Standard ist, seit der Mensch vor 2,5 Millionen Jahren die ersten Messer herstellte, ist Spyderco vielleicht am besten daf\u00fcr bekannt, sie in modernen Klappmesserdesigns zur Geltung zu bringen. Manix 2 und Manix 2 XL, UK Penknife, Chaparral-Familie, Caly 3.5 und Lil&#8216; Temperance 3 Lightweight sind der Beweis daf\u00fcr.<\/p>\n<p>Die LeafJumper-Klinge ist in verschiedenen PlainEdge- oder vollst\u00e4ndig gezahnten SpyderEdge-Formaten erh\u00e4ltlich und ein Kunstwerk. Seine vollst\u00e4ndig zug\u00e4ngliche, charakteristische runde \u00d6ffnung verk\u00fcndet die Herkunft des Spyderco-Messers und erm\u00f6glicht ein schnelles und zuverl\u00e4ssiges \u00d6ffnen mit einer Hand und beiden H\u00e4nden. Wie der RockJumper verf\u00fcgt auch die LeafJumper-Klinge \u00fcber eine minimale Fehlsch\u00e4rfe (den nicht abgeschr\u00e4gten Bereich in voller Dicke, der dem Griff am n\u00e4chsten liegt), der eine maximale Klingenl\u00e4nge bietet. Dies arbeitet mit der verfeinerten Ergonomie des Griffs zusammen, um die Hand weiter nach vorne zu positionieren und eine bessere Schneidleistung in der N\u00e4he des Klingenr\u00fcckens, der dem Griff am n\u00e4chsten ist, zu erm\u00f6glichen. V\u00f6llig flach und wundersch\u00f6n satiniert, um eine reibungsarme Schneidleistung zu gew\u00e4hrleisten. Die leicht erh\u00f6hte Kante der Klinge hebt die Spitze an und richtet sie an der Mittelachse des Messers aus. Durch das Anheben der Spitze wird sie au\u00dferdem dicker und fester, sodass sie sich besser f\u00fcr Piercings und andere punktuelle Aufgaben eignet.<\/p>\n<p>Mit Ausnahme des eingespritzten Namens ist der LeafJumper-Griff genau derselbe wie der RockJumper und bietet genau die gleichen Vorteile. Der breite Handladegriff basiert auf einer Konstruktion aus skelettierten Edelstahleins\u00e4tzen und verf\u00fcgt \u00fcber eine FRN-Skala, einen geformten FRN-R\u00fcckeneinsatz und einen robusten R\u00fcckverriegelungsmechanismus mit positiver Selbstschlie\u00dffunktion. FRN-Schalen sind mit unserem Zwei-Wege-Strukturmuster mit hoher Traktion versehen, das selbst unter anspruchsvollsten Bedingungen einen sicheren, rutschfesten Halt bietet. Um einen einfachen Transport zu gew\u00e4hrleisten und das Messer sofort griffbereit zu halten, verf\u00fcgt der Griff \u00fcber einen Sanduhr-Taschenclip mit vier Positionen, der f\u00fcr die linke oder rechte Seite nach oben oder unten konfiguriert werden kann. F\u00fcr Benutzer, die die zus\u00e4tzliche Sicherheit von Sicherheitsleinen und Lanyards bevorzugen, bietet das hintere Ende des Griffs eine gro\u00dfz\u00fcgige Lanyard-\u00d6ffnung. Zusammengenommen machen diese Merkmale das Design des LeafJumper v\u00f6llig symmetrisch, sodass jeder Aspekt seines Tragens, seiner Entfaltung und seiner Bedienung v\u00f6llig beidh\u00e4ndig m\u00f6glich ist.<\/p>\n<p>Inspiriert von Sal Glessers urspr\u00fcnglichem RockJumper-Design ist das LeafJumper ein mittelgro\u00dfes Backlock-Klappmesser mit breitem, ergonomischem Griff und einer vielseitigen blattf\u00f6rmigen Klinge. Dieser elit\u00e4re Ausdruck \u00fcberragt das Design mit einer Klinge aus B\u00f6hler-K390-Stahl. K390 ist ein hochmoderner Werkzeugstahl, der den Strapazen des industriellen Schneidens, Stanzens und Stanzens standh\u00e4lt und bei der Verwendung an Messerklingen au\u00dfergew\u00f6hnliche Festigkeit und Schnitthaltigkeit bietet. Der FRN K390 LeafJumper-Griff ist in der charakteristischen blauen Farbe geformt, die f\u00fcr die Elite-Messerfamilie Spyderco K390 reserviert ist.<\/p>\n<p>Der LeafJumper ist ein beeindruckendes Schneidwerkzeug, das alle bew\u00e4hrten Eigenschaften des RockJumper \u00fcbernimmt und sie mit den Vorteilen einer blattf\u00f6rmigen Klinge zum Ausdruck bringt. Wenn Sie auf der Suche nach einem mittelgro\u00dfen Klappmesser sind, das sowohl unerm\u00fcdliche Leistung als auch den ikonischen Spyderco-Stil bietet, sind Sie hier genau richtig.<\/p>\n<p>Spezifikationen<br \/>\nKlingenl\u00e4nge: 7,8 cm<br \/>\nL\u00e4nge geschlossen: 11,3 cm<br \/>\nGesamtl\u00e4nge: 19,1 cm<br \/>\nKlingenst\u00e4rke: 0,3 cm<br \/>\nKlingenmaterial: B\u00f6hler K390 Werkzeugstahl<br \/>\nKlingenstil: Blattform<br \/>\nKlingenschliff: V\u00f6llig flach<br \/>\nOberfl\u00e4chenbehandlung der Klinge: satiniert<br \/>\nKlingenkante: gezahnt<br \/>\nGriffmaterial: FRN<br \/>\nGrifffarbe: Blau<br \/>\nVerriegelungsmechanismus: Lockback<br \/>\nTaschenclip: Edelstahl (Tip-Up\/Down, Rechts-\/Links-Trageweise)<br \/>\nModellnummer: C262SBLK390<br \/>\nModellname: LeafJumper K390<br \/>\nDesigner: Sal Glesser<br \/>\nGewicht: 85 g<br \/>\nHergestellt in Japan<\/p>\n","protected":false},"excerpt":{"rendered":"<p><strong>Sal Glesser, Mitbegr\u00fcnder von Spyderco, hatte schon immer ein starkes Interesse daran, Messer zu entwerfen, die bestimmte Leistungskriterien erf\u00fcllen.<\/strong><\/p>\n<p><strong>Kostenloser Transport.<\/strong><\/p>\n","protected":false},"featured_media":331298,"comment_status":"open","ping_status":"closed","template":"","meta":[],"pwb-brand":[3427],"product_brand":[],"product_cat":[3285,3303],"product_tag":[3669],"class_list":{"0":"post-331293","1":"product","2":"type-product","3":"status-publish","4":"has-post-thumbnail","6":"pwb-brand-spyderco-de","7":"product_cat-messer","8":"product_cat-schliesmesser","9":"product_tag-b2b-de","11":"first","12":"instock","13":"taxable","14":"shipping-taxable","15":"purchasable","16":"product-type-simple"},"brands":[{"id":3427,"name":"Spyderco","slug":"spyderco-de"}],"_links":{"self":[{"href":"https:\/\/www.moskito.cz\/de\/wp-json\/wp\/v2\/product\/331293","targetHints":{"allow":["GET"]}}],"collection":[{"href":"https:\/\/www.moskito.cz\/de\/wp-json\/wp\/v2\/product"}],"about":[{"href":"https:\/\/www.moskito.cz\/de\/wp-json\/wp\/v2\/types\/product"}],"replies":[{"embeddable":true,"href":"https:\/\/www.moskito.cz\/de\/wp-json\/wp\/v2\/comments?post=331293"}],"wp:featuredmedia":[{"embeddable":true,"href":"https:\/\/www.moskito.cz\/de\/wp-json\/wp\/v2\/media\/331298"}],"wp:attachment":[{"href":"https:\/\/www.moskito.cz\/de\/wp-json\/wp\/v2\/media?parent=331293"}],"wp:term":[{"taxonomy":"pwb-brand","embeddable":true,"href":"https:\/\/www.moskito.cz\/de\/wp-json\/wp\/v2\/pwb-brand?post=331293"},{"taxonomy":"product_brand","embeddable":true,"href":"https:\/\/www.moskito.cz\/de\/wp-json\/wp\/v2\/product_brand?post=331293"},{"taxonomy":"product_cat","embeddable":true,"href":"https:\/\/www.moskito.cz\/de\/wp-json\/wp\/v2\/product_cat?post=331293"},{"taxonomy":"product_tag","embeddable":true,"href":"https:\/\/www.moskito.cz\/de\/wp-json\/wp\/v2\/product_tag?post=331293"}],"curies":[{"name":"wp","href":"https:\/\/api.w.org\/{rel}","templated":true}]}}