{"id":331362,"date":"2022-09-17T14:10:35","date_gmt":"2024-04-12T13:38:33","guid":{"rendered":"https:\/\/www.moskito.cz\/produkt\/solides-messer-crkt-clever-girl-2709\/"},"modified":"2025-05-07T11:10:39","modified_gmt":"2025-05-07T10:10:39","slug":"solides-messer-crkt-clever-girl-2709","status":"publish","type":"product","link":"https:\/\/www.moskito.cz\/de\/produkt\/solides-messer-crkt-clever-girl-2709\/","title":{"rendered":"Solides Messer CRKT CLEVER GIRL 2709"},"content":{"rendered":"<p>Solides Messer <strong>CRKT<\/strong> CLEVER GIRL 2709.<\/p>\n<p>Geschmiedet, um gut auszusehen, wenn es h\u00e4sslich wird. Wenn Sie sich in einer dunklen Kampfsituation befinden, m\u00f6chten Sie keine sch\u00f6ne CQB-Umgebung. Sie m\u00f6chten etwas, das Sie schnell zeichnen und instinktiv verwenden k\u00f6nnen. Betreten Sie das taktische Messer Clever Girl\u2122 mit erh\u00f6hter Klinge und feststehender Klinge.<\/p>\n<p>Im Rahmen des Forged By War\u00ae-Programms entwarf Austin McGlaun aus Columbus, Georgia das Clever Girl\u2122. Es entspricht seiner Philosophie, dass ein Messer mehr als ein Werkzeug ist. Es handelt sich um eine psychologische Abschreckung, die sich stark von einer Waffe unterscheidet. Dadurch wird dem Angreifer sehr schnell klar, dass Sie es ernst meinen. Clever Girl\u2122 wurde entwickelt, damit Sie es sich schnappen, bei Bedarf verwenden und dann nach Hause zu Ihrer Familie gehen k\u00f6nnen.<\/p>\n<p>Mit einer schwarzen, pulverbeschichteten Klinge ist es ein Messer, bei dem die Funktion im Mittelpunkt steht. Es ist hier, um Sie zu besch\u00fctzen und den Soldaten am Ende seiner Patrouille nach Hause zu bringen \u2013 sei es im Feld, auf einer Mission oder in Umgebungen mit hohem Stress. Fassen Sie einfach den stabilen Griff des G10, der au\u00dfergew\u00f6hnlichen Halt bietet, und ziehen Sie ihn aus dem Geh\u00e4use. Dann lassen Sie Ihren K\u00f6rper auf Autopilot laufen.<\/p>\n<p>Du willst nicht, dass ein h\u00fcbsches M\u00e4dchen auf dich aufpasst, wenn du um dein Leben k\u00e4mpfst. Du willst Clever Girl\u2122.<\/p>\n<p>\u00dcber Forged By War\u00ae<\/p>\n<p>Im Jahr 2013 wandte sich Ryan Johnson von RMJ Tactical, ein Designer von Elite-, Milit\u00e4r- und taktischen Tomahawks, an CRKT\u00ae mit der Nachricht, dass er mit mehreren Kriegsveteranen zusammengearbeitet habe, die mit unterschiedlichem Grad an posttraumatischem Stress (PTS) aus dem Krieg zur\u00fcckgekehrt waren. .<\/p>\n<p>Um ihnen bei der Bew\u00e4ltigung ihrer Herausforderungen zu helfen, entwarfen und schmiedeten sie Stahl zu ihren eigenen Werkzeugen. Basierend auf ihren in Kampfsituationen gesammelten Erfahrungen schufen sie die Werkzeuge, die sie auf dem Schlachtfeld zur Verf\u00fcgung haben wollten.<\/p>\n<p>CRKT\u00ae liegen unsere zur\u00fcckkehrenden Veteranen sehr am Herzen und wir haben einen Weg gefunden, der Gemeinschaft, die sie hervorgebracht hat, etwas zur\u00fcckzugeben. Im Jahr 2016 haben wir das Forged By War\u00ae-Programm gestartet.<\/p>\n<p>Hierbei handelt es sich um einsatzbereite Werkzeuge, die von Veteranen entwickelt wurden und deren Erl\u00f6s teilweise an die vom Veteranen bevorzugte Wohlt\u00e4tigkeitsorganisation gespendet wird.<\/p>\n<p>SPEZIFIKATIONEN<br \/>\nKlingenl\u00e4nge 4,60&#8243; (116,84 mm)<br \/>\nKlinge Klinge Plain<br \/>\nKlinge aus SK-5-Stahl<br \/>\nOberfl\u00e4chenbehandlung der Klinge mit Pulverbeschichtung<br \/>\nKlingenst\u00e4rke: 0,16 Zoll (4,01 mm)<br \/>\nGesamtl\u00e4nge 10,13&#8243; (257,18 mm)<br \/>\nGewicht 6,30 oz (178,60 g)<br \/>\nG10-Griff<br \/>\nStil: Feststehendes Messer mit Scheide<br \/>\nSchalenmaterial Thermoplast<br \/>\nSchalengewicht 1,60 oz (45,36 g)<\/p>\n<p><iframe title=\"Forged By War:  Clever Girl Knife by Austin McGlaun\" width=\"800\" height=\"450\" src=\"https:\/\/www.youtube.com\/embed\/mquAgNleDpc?feature=oembed\" frameborder=\"0\" allow=\"accelerometer; autoplay; clipboard-write; encrypted-media; gyroscope; picture-in-picture; web-share\" referrerpolicy=\"strict-origin-when-cross-origin\" allowfullscreen><\/iframe><\/p>\n<p>&nbsp;<\/p>\n","protected":false},"excerpt":{"rendered":"<p>Entworfen von Austin McGlaun in Columbus, Georgia.<\/p>\n","protected":false},"featured_media":331363,"comment_status":"open","ping_status":"closed","template":"","meta":[],"pwb-brand":[3457],"product_brand":[],"product_cat":[3287,3285],"product_tag":[3669],"class_list":{"0":"post-331362","1":"product","2":"type-product","3":"status-publish","4":"has-post-thumbnail","6":"pwb-brand-crkt-de","7":"product_cat-solide-messer","8":"product_cat-messer","9":"product_tag-b2b-de","11":"first","12":"instock","13":"taxable","14":"shipping-taxable","15":"purchasable","16":"product-type-simple"},"brands":[{"id":3457,"name":"CRKT","slug":"crkt-de"}],"_links":{"self":[{"href":"https:\/\/www.moskito.cz\/de\/wp-json\/wp\/v2\/product\/331362","targetHints":{"allow":["GET"]}}],"collection":[{"href":"https:\/\/www.moskito.cz\/de\/wp-json\/wp\/v2\/product"}],"about":[{"href":"https:\/\/www.moskito.cz\/de\/wp-json\/wp\/v2\/types\/product"}],"replies":[{"embeddable":true,"href":"https:\/\/www.moskito.cz\/de\/wp-json\/wp\/v2\/comments?post=331362"}],"wp:featuredmedia":[{"embeddable":true,"href":"https:\/\/www.moskito.cz\/de\/wp-json\/wp\/v2\/media\/331363"}],"wp:attachment":[{"href":"https:\/\/www.moskito.cz\/de\/wp-json\/wp\/v2\/media?parent=331362"}],"wp:term":[{"taxonomy":"pwb-brand","embeddable":true,"href":"https:\/\/www.moskito.cz\/de\/wp-json\/wp\/v2\/pwb-brand?post=331362"},{"taxonomy":"product_brand","embeddable":true,"href":"https:\/\/www.moskito.cz\/de\/wp-json\/wp\/v2\/product_brand?post=331362"},{"taxonomy":"product_cat","embeddable":true,"href":"https:\/\/www.moskito.cz\/de\/wp-json\/wp\/v2\/product_cat?post=331362"},{"taxonomy":"product_tag","embeddable":true,"href":"https:\/\/www.moskito.cz\/de\/wp-json\/wp\/v2\/product_tag?post=331362"}],"curies":[{"name":"wp","href":"https:\/\/api.w.org\/{rel}","templated":true}]}}