{"id":331390,"date":"2023-12-15T20:58:39","date_gmt":"2024-04-12T13:39:59","guid":{"rendered":"https:\/\/www.moskito.cz\/produkt\/columbia-river-crkt-bugsy-stonewashed-3600-feststehendes-messer\/"},"modified":"2025-05-07T11:10:39","modified_gmt":"2025-05-07T10:10:39","slug":"columbia-river-crkt-bugsy-stonewashed-3600-feststehendes-messer","status":"publish","type":"product","link":"https:\/\/www.moskito.cz\/de\/produkt\/columbia-river-crkt-bugsy-stonewashed-3600-feststehendes-messer\/","title":{"rendered":"Columbia River CRKT Bugsy Stonewashed 3600 feststehendes Messer"},"content":{"rendered":"<p>Columbia River <strong>CRKT<\/strong> Bugsy Stonewashed 3600 feststehendes Messer<\/p>\n<p>Das im Dschungel geborene und in den USA hergestellte Fixed Blade <strong>Bugsy<\/strong> ist das erste CRKT-Messer der ma\u00dfgeschneiderten Messermacherin und \u00dcberlebensk\u00fcnstlerin Kaila Cumings. Da Tragbarkeit und Komfort die wichtigsten Designziele sind, ist der Griff so kompakt wie m\u00f6glich, ohne dass die Ergonomie darunter leidet, und das mitgelieferte Trageband sorgt f\u00fcr zus\u00e4tzlichen Halt. Bugsy ist zum Teil nach Kailas erstem Auftritt in Discoverys \u201eNaked and Afraid\u201c benannt, bei dem sie im kolumbianischen Dschungel von Kopf bis Fu\u00df mit Insektenstichen bedeckt war. Der Name hat aber auch eine heitere Verbindung: Es ist der Spitzname ihrer Tochter.<\/p>\n<p>Bugsy ist ein Premium-Kompaktmesser mit feststehender Klinge, der in zwei Versionen erh\u00e4ltlich ist, um den unterschiedlichen Bed\u00fcrfnissen von Outdoor-Enthusiasten gerecht zu werden. W\u00e4hlen Sie entweder eine Stonewash-Klinge mit glatter Schneide, einen Micarta-Griff und eine Lederscheide; oder eine schwarze Cerakote-beschichtete Klinge mit Veff-Zacken, passendem schwarzem G10-Griff und Kydexscheide.<\/p>\n<p>Beide Modelle werden in den USA aus 1095-Kohlenstoffstahl hergestellt, um Festigkeit und Schnitthaltigkeit zu gew\u00e4hrleisten. Die fast 10 cm lange Klinge tr\u00e4gt einen gro\u00dfen Bauch, wodurch sie f\u00fcr die Jagd geeignet ist, wobei die Veff-Verzahnungen etwas Klingenl\u00e4nge zugunsten der F\u00e4higkeit zum Seilschneiden eintauschen. Mit den Hauptzielen des Designs auf Tragbarkeit und Komfort ist der Griff so kompakt wie m\u00f6glich, ohne dass die Ergonomie darunter leidet, und das mitgelieferte Trageband sorgt f\u00fcr zus\u00e4tzlichen Halt.<\/p>\n<p>Kaila wuchs im l\u00e4ndlichen New Hampshire auf und verliebte sich in die Natur, nachdem ihr Vater sie auf die Jagd, zum Angeln und zum Zelten gebracht hatte, was dazu beitrug, schon in jungen Jahren \u00dcberlebensf\u00e4higkeiten zu entwickeln. Dies f\u00fchrte schlie\u00dflich zu einer Karriere als Messerk\u00e4mpfer und professioneller \u00dcberlebensk\u00fcnstler und trat dreimal in Discoverys \u201eNaked and Afraid\u201c auf, einer Show, in der die Teilnehmer 21 Tage und N\u00e4chte lang an abgelegenen Orten auf sich allein gestellt sind.<\/p>\n<p>Hergestellt in den USA<br \/>\n1095-Kohlenstoffstahl sorgt f\u00fcr Haltbarkeit und Schnitthaltigkeit<br \/>\nDer Micarta-Griff vereint St\u00e4rke mit optischer Attraktivit\u00e4t<br \/>\nDer Anh\u00e4nger verf\u00fcgt \u00fcber einen verl\u00e4ngerten Griff f\u00fcr bessere Kontrolle<br \/>\nHochwertiges, strapazierf\u00e4higes Holster aus Vollnarbenleder mit G\u00fcrtelschlaufe<\/p>\n<p>Spezifikationen<br \/>\nKlingenl\u00e4nge: 9,6 cm<br \/>\nGriffl\u00e4nge: 9,28 cm<br \/>\nGesamtl\u00e4nge: 18,89 cm<br \/>\nKlingenmaterial: 1095 Kohlenstoffstahl<br \/>\nKlingenst\u00e4rke: 0,38 cm<br \/>\nKlingenstil: Drop Point<br \/>\nOberfl\u00e4chenbehandlung der Klinge: Stonewash<br \/>\nGriffmaterial: Braunes Micarta<br \/>\nGeh\u00e4usematerial: Leder<br \/>\nGewicht: 4,30 Unzen. (121,90 g)<br \/>\nGewicht mit Koffer: 7,10 Unzen. (201,28 g)<br \/>\nDesigner: Kaila Cummings<br \/>\nHergestellt in den USA von TOPS Knives<\/p>\n<p><iframe title=\"CRKT BUGSY\u2122 I Kaila Cumings Design\" width=\"800\" height=\"450\" src=\"https:\/\/www.youtube.com\/embed\/ObJ9Jpv211A?feature=oembed\" frameborder=\"0\" allow=\"accelerometer; autoplay; clipboard-write; encrypted-media; gyroscope; picture-in-picture; web-share\" referrerpolicy=\"strict-origin-when-cross-origin\" allowfullscreen><\/iframe><\/p>\n<p>&nbsp;<\/p>\n","protected":false},"excerpt":{"rendered":"<p><strong>DESIGNER: Kaila Cumings<\/strong><br \/>\n<strong>Brattleboro, Vermont<\/strong><br \/>\n<strong>Kaila Cumings, eine lebenslange Abenteurerin, wuchs mit Camping und Jagd in den W\u00e4ldern des l\u00e4ndlichen New Hampshire auf. Kaila ist eine ma\u00dfgefertigte Messermacherin, die in der Schmiede und am Amboss von Hand arbeitet, sich vom Metall leiten l\u00e4sst und nach dem Motto lebt, dass es keine gebrochenen Klingen, sondern nur kleinere Messer gibt.<\/strong><\/p>\n","protected":false},"featured_media":331391,"comment_status":"open","ping_status":"closed","template":"","meta":[],"pwb-brand":[3457],"product_brand":[],"product_cat":[3285,3287],"product_tag":[3669],"class_list":{"0":"post-331390","1":"product","2":"type-product","3":"status-publish","4":"has-post-thumbnail","6":"pwb-brand-crkt-de","7":"product_cat-messer","8":"product_cat-solide-messer","9":"product_tag-b2b-de","11":"first","12":"instock","13":"taxable","14":"shipping-taxable","15":"purchasable","16":"product-type-simple"},"brands":[{"id":3457,"name":"CRKT","slug":"crkt-de"}],"_links":{"self":[{"href":"https:\/\/www.moskito.cz\/de\/wp-json\/wp\/v2\/product\/331390","targetHints":{"allow":["GET"]}}],"collection":[{"href":"https:\/\/www.moskito.cz\/de\/wp-json\/wp\/v2\/product"}],"about":[{"href":"https:\/\/www.moskito.cz\/de\/wp-json\/wp\/v2\/types\/product"}],"replies":[{"embeddable":true,"href":"https:\/\/www.moskito.cz\/de\/wp-json\/wp\/v2\/comments?post=331390"}],"wp:featuredmedia":[{"embeddable":true,"href":"https:\/\/www.moskito.cz\/de\/wp-json\/wp\/v2\/media\/331391"}],"wp:attachment":[{"href":"https:\/\/www.moskito.cz\/de\/wp-json\/wp\/v2\/media?parent=331390"}],"wp:term":[{"taxonomy":"pwb-brand","embeddable":true,"href":"https:\/\/www.moskito.cz\/de\/wp-json\/wp\/v2\/pwb-brand?post=331390"},{"taxonomy":"product_brand","embeddable":true,"href":"https:\/\/www.moskito.cz\/de\/wp-json\/wp\/v2\/product_brand?post=331390"},{"taxonomy":"product_cat","embeddable":true,"href":"https:\/\/www.moskito.cz\/de\/wp-json\/wp\/v2\/product_cat?post=331390"},{"taxonomy":"product_tag","embeddable":true,"href":"https:\/\/www.moskito.cz\/de\/wp-json\/wp\/v2\/product_tag?post=331390"}],"curies":[{"name":"wp","href":"https:\/\/api.w.org\/{rel}","templated":true}]}}