{"id":331472,"date":"2022-09-14T20:11:21","date_gmt":"2024-04-12T13:44:41","guid":{"rendered":"https:\/\/www.moskito.cz\/produkt\/feststehendes-messer-crkt-biwa-2382\/"},"modified":"2024-04-12T14:44:41","modified_gmt":"2024-04-12T13:44:41","slug":"feststehendes-messer-crkt-biwa-2382","status":"publish","type":"product","link":"https:\/\/www.moskito.cz\/de\/produkt\/feststehendes-messer-crkt-biwa-2382\/","title":{"rendered":"Feststehendes Messer CRKT BIWA 2382"},"content":{"rendered":"<p>Feststehendes Messer <strong>CRKT<\/strong> BIWA 2382.<\/p>\n<p>Federkonstruktion f\u00fcr alles, was auf dem Camp-Men\u00fc landet. Wenn es auch nur auf das geringste zus\u00e4tzliche Gewicht ankommt, ist das leichte Jagd- und Angelmesser Biwa\u2122 \/bee-wah\/ mit fester Klinge die richtige Wahl. Mit einem Gewicht von nur 1,6 Unzen l\u00e4sst sie sich genauso heimlich einstecken wie einige andere Trockenfliegen, schwingt aber hin und her, wenn eine Bergforelle auf Ihre Angel trifft.<\/p>\n<p>Der in Melbourne, Florida ans\u00e4ssige Designer Alan Folts entwarf das ma\u00dfgeschneiderte Messer, aus dem das Biwa\u2122 werden sollte, nachdem er dem Druck seiner minimalistischen Jagdfreunde widerstanden hatte, ein Jagdmesser zu entwickeln, das so wenig wie m\u00f6glich wie m\u00f6glich war. Biwa\u2122, benannt nach einer japanischen Forellenart, trifft genau ins Schwarze.<\/p>\n<p>Die lange distale Verj\u00fcngung der satinierten Klinge ist ein leistungsstarkes Werkzeug zum Schneiden, Schlie\u00dfen und mehr. Wenn Sie auf die Rille am G10-Griff sto\u00dfen, ist diese so gefertigt, dass Sie wissen, wo sich die Klinge befindet, selbst wenn das gesamte Messer au\u00dfer Sichtweite sinkt. Die robuste, spritzgegossene Scheide l\u00e4sst sich leicht an einem Rucksack befestigen oder schnell in ein Neck Knife verwandeln.<\/p>\n<p>Seien Sie vorsichtig, Kreaturen der Wildnis.<\/p>\n<p>SPEZIFIKATIONEN<br \/>\nKlingenl\u00e4nge 3,02&#8243; (76,66 mm)<br \/>\nKlinge Klinge Plain<br \/>\nKlingenstahl 8Cr13MoV<br \/>\nOberfl\u00e4chenbehandlung der Klinge Satin<br \/>\nKlingenst\u00e4rke: 0,11 Zoll (2,82 mm)<br \/>\nGesamtl\u00e4nge 6,63&#8243; (168,28 mm)<br \/>\nGewicht 1,60 oz (45,36 g)<br \/>\nGriff: Mit Harz impr\u00e4gnierte Fasern<br \/>\nStil: Feststehendes Messer mit Scheide<br \/>\nSchalenmaterial Thermoplast<br \/>\nSchalengewicht 1,10 oz (31,18 g)<\/p>\n<p><iframe title=\"CRKT BIWA\u2122 | Alan Folts Design\" width=\"800\" height=\"450\" src=\"https:\/\/www.youtube.com\/embed\/svqloJHdQ4E?feature=oembed\" frameborder=\"0\" allow=\"accelerometer; autoplay; clipboard-write; encrypted-media; gyroscope; picture-in-picture; web-share\" referrerpolicy=\"strict-origin-when-cross-origin\" allowfullscreen><\/iframe><\/p>\n<p>&nbsp;<\/p>\n","protected":false},"excerpt":{"rendered":"<p>Entworfen von Alan Folts in Melbourne, Florida.<\/p>\n","protected":false},"featured_media":331473,"comment_status":"open","ping_status":"closed","template":"","meta":[],"pwb-brand":[3457],"product_brand":[],"product_cat":[3287,3285],"product_tag":[3669],"class_list":{"0":"post-331472","1":"product","2":"type-product","3":"status-publish","4":"has-post-thumbnail","6":"pwb-brand-crkt-de","7":"product_cat-solide-messer","8":"product_cat-messer","9":"product_tag-b2b-de","11":"first","12":"instock","13":"sale","14":"taxable","15":"shipping-taxable","16":"purchasable","17":"product-type-simple"},"brands":[{"id":3457,"name":"CRKT","slug":"crkt-de"}],"_links":{"self":[{"href":"https:\/\/www.moskito.cz\/de\/wp-json\/wp\/v2\/product\/331472","targetHints":{"allow":["GET"]}}],"collection":[{"href":"https:\/\/www.moskito.cz\/de\/wp-json\/wp\/v2\/product"}],"about":[{"href":"https:\/\/www.moskito.cz\/de\/wp-json\/wp\/v2\/types\/product"}],"replies":[{"embeddable":true,"href":"https:\/\/www.moskito.cz\/de\/wp-json\/wp\/v2\/comments?post=331472"}],"wp:featuredmedia":[{"embeddable":true,"href":"https:\/\/www.moskito.cz\/de\/wp-json\/wp\/v2\/media\/331473"}],"wp:attachment":[{"href":"https:\/\/www.moskito.cz\/de\/wp-json\/wp\/v2\/media?parent=331472"}],"wp:term":[{"taxonomy":"pwb-brand","embeddable":true,"href":"https:\/\/www.moskito.cz\/de\/wp-json\/wp\/v2\/pwb-brand?post=331472"},{"taxonomy":"product_brand","embeddable":true,"href":"https:\/\/www.moskito.cz\/de\/wp-json\/wp\/v2\/product_brand?post=331472"},{"taxonomy":"product_cat","embeddable":true,"href":"https:\/\/www.moskito.cz\/de\/wp-json\/wp\/v2\/product_cat?post=331472"},{"taxonomy":"product_tag","embeddable":true,"href":"https:\/\/www.moskito.cz\/de\/wp-json\/wp\/v2\/product_tag?post=331472"}],"curies":[{"name":"wp","href":"https:\/\/api.w.org\/{rel}","templated":true}]}}