{"id":331474,"date":"2022-09-17T12:48:20","date_gmt":"2024-04-12T13:44:41","guid":{"rendered":"https:\/\/www.moskito.cz\/produkt\/feststehendes-messer-crkt-catchall-2866\/"},"modified":"2025-05-07T11:10:40","modified_gmt":"2025-05-07T10:10:40","slug":"feststehendes-messer-crkt-catchall-2866","status":"publish","type":"product","link":"https:\/\/www.moskito.cz\/de\/produkt\/feststehendes-messer-crkt-catchall-2866\/","title":{"rendered":"Feststehendes Messer CRKT CATCHALL 2866"},"content":{"rendered":"<p>Feststehendes Messer <strong>CRKT<\/strong> CATCHALL 2866.<\/p>\n<p>Es geht um das schlimmstm\u00f6gliche Szenario.<\/p>\n<p>Das vom Messermacher Russ Kommer entworfene Catchall\u2122 verdankt seinen Namen seiner F\u00e4higkeit, in einer Vielzahl von Situationen zu funktionieren. Mit feststehender Klinge und Schaffu\u00dfklingenform ist dieses Multitool nicht nur ein praktisches K\u00fcchenmesser, sondern ein vielseitiges Outdoor-Must-have.<br \/>\nEinfaches Sch\u00e4rfen: Die Klinge aus rostfreiem Stahl mit hohem Kohlenstoffgehalt l\u00e4sst sich gut sch\u00e4rfen<br \/>\nN\u00fctzlicher Nutzen: Die Form der Schafsfu\u00dfklinge erm\u00f6glicht das Schneiden<br \/>\nEleganter Look: Die satinierte Klinge hat ein modernes Aussehen<br \/>\nStark und leicht: Der glasfaserverst\u00e4rkte Nylongriff ist langlebig und leicht<br \/>\nSicherer Halt: Konturierter Griff f\u00fcr au\u00dfergew\u00f6hnliche Kontrolle<br \/>\nKompatibel mit dem Getriebe: Robustes Thermoplastgeh\u00e4use mit Montagem\u00f6glichkeiten.<\/p>\n<p>SPEZIFIKATIONEN<br \/>\nKlingenl\u00e4nge 5,51&#8243; (140,03 mm)<br \/>\nKlinge Klinge Plain<br \/>\nKlingenstahl 8Cr13MoV<br \/>\nOberfl\u00e4chenbehandlung der Klinge Satin, B\u00fcrste<br \/>\nKlingenst\u00e4rke: 0,13 Zoll (3,35 mm)<br \/>\nGesamtl\u00e4nge 10,25&#8243; (260,35 mm)<br \/>\nGewicht 7,50 oz (212,62 g)<br \/>\nGriff aus glasfaserverst\u00e4rktem Nylon mit Gummibeschichtung<br \/>\nStil: Feststehendes Messer mit Scheide<br \/>\nSchalenmaterial Thermoplast<br \/>\nSchalengewicht 2,40 oz (68,04 g)<\/p>\n<p><iframe title=\"CRKT CATCHALL\u2122 | Russ Kommer Design\" width=\"800\" height=\"450\" src=\"https:\/\/www.youtube.com\/embed\/ZGcwQnY1Quo?feature=oembed\" frameborder=\"0\" allow=\"accelerometer; autoplay; clipboard-write; encrypted-media; gyroscope; picture-in-picture; web-share\" referrerpolicy=\"strict-origin-when-cross-origin\" allowfullscreen><\/iframe><\/p>\n<p>&nbsp;<\/p>\n","protected":false},"excerpt":{"rendered":"<p>Entworfen von Russ Kommer in Fargo, North Dakota.<\/p>\n","protected":false},"featured_media":331482,"comment_status":"open","ping_status":"closed","template":"","meta":[],"pwb-brand":[3457],"product_brand":[],"product_cat":[3287,3285],"product_tag":[3669],"class_list":{"0":"post-331474","1":"product","2":"type-product","3":"status-publish","4":"has-post-thumbnail","6":"pwb-brand-crkt-de","7":"product_cat-solide-messer","8":"product_cat-messer","9":"product_tag-b2b-de","11":"first","12":"instock","13":"sale","14":"taxable","15":"shipping-taxable","16":"purchasable","17":"product-type-simple"},"brands":[{"id":3457,"name":"CRKT","slug":"crkt-de"}],"_links":{"self":[{"href":"https:\/\/www.moskito.cz\/de\/wp-json\/wp\/v2\/product\/331474","targetHints":{"allow":["GET"]}}],"collection":[{"href":"https:\/\/www.moskito.cz\/de\/wp-json\/wp\/v2\/product"}],"about":[{"href":"https:\/\/www.moskito.cz\/de\/wp-json\/wp\/v2\/types\/product"}],"replies":[{"embeddable":true,"href":"https:\/\/www.moskito.cz\/de\/wp-json\/wp\/v2\/comments?post=331474"}],"wp:featuredmedia":[{"embeddable":true,"href":"https:\/\/www.moskito.cz\/de\/wp-json\/wp\/v2\/media\/331482"}],"wp:attachment":[{"href":"https:\/\/www.moskito.cz\/de\/wp-json\/wp\/v2\/media?parent=331474"}],"wp:term":[{"taxonomy":"pwb-brand","embeddable":true,"href":"https:\/\/www.moskito.cz\/de\/wp-json\/wp\/v2\/pwb-brand?post=331474"},{"taxonomy":"product_brand","embeddable":true,"href":"https:\/\/www.moskito.cz\/de\/wp-json\/wp\/v2\/product_brand?post=331474"},{"taxonomy":"product_cat","embeddable":true,"href":"https:\/\/www.moskito.cz\/de\/wp-json\/wp\/v2\/product_cat?post=331474"},{"taxonomy":"product_tag","embeddable":true,"href":"https:\/\/www.moskito.cz\/de\/wp-json\/wp\/v2\/product_tag?post=331474"}],"curies":[{"name":"wp","href":"https:\/\/api.w.org\/{rel}","templated":true}]}}