{"id":331539,"date":"2022-09-14T17:27:14","date_gmt":"2024-04-12T13:49:34","guid":{"rendered":"https:\/\/www.moskito.cz\/produkt\/feststehendes-messer-crkt-spec-klein-pocket-everyday-cleaver-2398\/"},"modified":"2025-05-07T11:10:41","modified_gmt":"2025-05-07T10:10:41","slug":"feststehendes-messer-crkt-spec-klein-pocket-everyday-cleaver-2398","status":"publish","type":"product","link":"https:\/\/www.moskito.cz\/de\/produkt\/feststehendes-messer-crkt-spec-klein-pocket-everyday-cleaver-2398\/","title":{"rendered":"Feststehendes Messer CRKT SPEC (KLEIN. POCKET. EVERYDAY. CLEAVER.) 2398"},"content":{"rendered":"<p>Feststehendes Messer <strong>CRKT<\/strong> SPEC (KLEIN. POCKET. EVERYDAY. CLEAVER.) 2398.<\/p>\n<p>Kraftvoller Schneidanw\u00e4rter.<\/p>\n<p>Hacken, schneiden oder w\u00fcrfeln, der SPEC\u2122 (LITTLE POCKET. EVERY DAY. CLEAVER.) k\u00fcmmert sich um Ihre Schneidbed\u00fcrfnisse unterwegs. Dieses vom Messermacher Alan Folts entworfene tragbare Messer ist ein gefragtes Grundnahrungsmittel f\u00fcr Campingk\u00fcchen, Holzarbeiten und verschiedene Garagenarbeiten. Inspiriert durch das m\u00e4chtige Metzgerbeil, das f\u00fcr den Hackklotz hergestellt wurde, l\u00e4sst sich dieses neu gestaltete Messer nicht von seiner tragbaren Gr\u00f6\u00dfe abhalten.<\/p>\n<p>SPEZIFIKATIONEN<br \/>\nKlingenl\u00e4nge 2,44&#8243; (61,87 mm)<br \/>\nKlinge Klinge Plain<br \/>\nKlingenstahl 8Cr13MoV<br \/>\nOberfl\u00e4chenfinish der Klinge Perlstrahlen<br \/>\nKlingenst\u00e4rke: 0,10 Zoll (2,64 mm)<br \/>\nGesamtl\u00e4nge 5,63&#8243; (142,88 mm)<br \/>\nGewicht 2,10 oz (59,53 g)<br \/>\nG10-Griff<br \/>\nStil: Feststehendes Messer mit Scheide<br \/>\nSchalenmaterial Thermoplast<br \/>\nSchalengewicht 1,10 oz (31,18 g)<\/p>\n","protected":false},"excerpt":{"rendered":"<p>Entworfen von Alan Folts in Melbourne, Florida.<\/p>\n","protected":false},"featured_media":331540,"comment_status":"open","ping_status":"closed","template":"","meta":[],"pwb-brand":[3457],"product_brand":[],"product_cat":[3285,3287],"product_tag":[3669],"class_list":{"0":"post-331539","1":"product","2":"type-product","3":"status-publish","4":"has-post-thumbnail","6":"pwb-brand-crkt-de","7":"product_cat-messer","8":"product_cat-solide-messer","9":"product_tag-b2b-de","11":"first","12":"instock","13":"taxable","14":"shipping-taxable","15":"purchasable","16":"product-type-simple"},"brands":[{"id":3457,"name":"CRKT","slug":"crkt-de"}],"_links":{"self":[{"href":"https:\/\/www.moskito.cz\/de\/wp-json\/wp\/v2\/product\/331539","targetHints":{"allow":["GET"]}}],"collection":[{"href":"https:\/\/www.moskito.cz\/de\/wp-json\/wp\/v2\/product"}],"about":[{"href":"https:\/\/www.moskito.cz\/de\/wp-json\/wp\/v2\/types\/product"}],"replies":[{"embeddable":true,"href":"https:\/\/www.moskito.cz\/de\/wp-json\/wp\/v2\/comments?post=331539"}],"wp:featuredmedia":[{"embeddable":true,"href":"https:\/\/www.moskito.cz\/de\/wp-json\/wp\/v2\/media\/331540"}],"wp:attachment":[{"href":"https:\/\/www.moskito.cz\/de\/wp-json\/wp\/v2\/media?parent=331539"}],"wp:term":[{"taxonomy":"pwb-brand","embeddable":true,"href":"https:\/\/www.moskito.cz\/de\/wp-json\/wp\/v2\/pwb-brand?post=331539"},{"taxonomy":"product_brand","embeddable":true,"href":"https:\/\/www.moskito.cz\/de\/wp-json\/wp\/v2\/product_brand?post=331539"},{"taxonomy":"product_cat","embeddable":true,"href":"https:\/\/www.moskito.cz\/de\/wp-json\/wp\/v2\/product_cat?post=331539"},{"taxonomy":"product_tag","embeddable":true,"href":"https:\/\/www.moskito.cz\/de\/wp-json\/wp\/v2\/product_tag?post=331539"}],"curies":[{"name":"wp","href":"https:\/\/api.w.org\/{rel}","templated":true}]}}