{"id":331632,"date":"2022-09-13T20:26:20","date_gmt":"2024-04-12T13:52:42","guid":{"rendered":"https:\/\/www.moskito.cz\/produkt\/feststehendes-messer-crkt-obake-2367\/"},"modified":"2025-05-07T11:10:43","modified_gmt":"2025-05-07T10:10:43","slug":"feststehendes-messer-crkt-obake-2367","status":"publish","type":"product","link":"https:\/\/www.moskito.cz\/de\/produkt\/feststehendes-messer-crkt-obake-2367\/","title":{"rendered":"Feststehendes Messer CRKT OBAKE 2367"},"content":{"rendered":"<p>Feststehendes Messer <strong>CRKT<\/strong> OBAKE 2367.<\/p>\n<p>Es sagt etwas \u00fcber dich aus. Gehen Sie einfach weg.<\/p>\n<p>Mit einer einzigartig ge\u00e4tzten Klinge und einem Griff im Rochenhaut-Stil, der um eine Kordel gewickelt ist, ist dieses taktisch inspirierte Alltagsmesser der wahre Inbegriff von Coolness.<\/p>\n<p>Das von Lucas Burnley aus Bend, OR, entworfene Obake\u2122 ist eine raffinierte Kombination aus klassischem Messerstil und modernen Materialien und Techniken. Es ist ein weiteres Beispiel f\u00fcr Burnleys \u00dcberzeugung, dass Messer ein pers\u00f6nlicher Ausdruck der Unabh\u00e4ngigkeit sind. Und dieser gibt eine Aussage ab, wenn man ihn in die Tat umsetzt.<\/p>\n<p>Es ist eine Reminiszenz an das klassische japanische Kwaiken-Design und verf\u00fcgt \u00fcber eine solide Klinge mit einem einzigartigen grauen Titannitrid-Finish, das mit S\u00e4ure ge\u00e4tzt wird, um jedem Messer ein einzigartiges Aussehen zu verleihen. Es ist, als h\u00e4tte er eine Klinge exklusiv f\u00fcr Sie hergestellt, die Sie wegwerfen k\u00f6nnen, wenn Sie sie brauchen.<\/p>\n<p>Der Griff verf\u00fcgt \u00fcber eine Nylonschnur im Katana-Stil, die mit schwarzem Kunstleder umwickelt ist und f\u00fcr au\u00dfergew\u00f6hnlichen und sicheren Halt bei jedem Wetter sorgt. Wenn St\u00fcrme oder Probleme auftauchen, sind Sie bereit.<\/p>\n<p>Die Obake\u2122-Scheide besteht aus glasfaserverst\u00e4rktem Nylon f\u00fcr gleichm\u00e4\u00dfigen Halt auch in nassen Umgebungen. Das Paracord-Lanyard am Holster ist so konzipiert, dass es an der G\u00fcrtelschlaufe befestigt wird und das Holster an Ort und Stelle h\u00e4lt, wenn das Messer eingesetzt wird. Eine Totenkopfperle verleiht dem Paracord-Lanyard einen nicht ganz so subtilen Akzent.<\/p>\n<p>Obake\u2122 ist nicht auf der Suche nach einem Job, aber er ist bereit, als Chef aufzutreten, wenn es an der Zeit ist, die Arbeit zu erledigen.<\/p>\n<p>SPEZIFIKATIONEN<br \/>\nKlingenl\u00e4nge 3,55&#8243; (90,27 mm)<br \/>\nKlinge Klinge Plain<br \/>\nKlingenstahl 8Cr13MoV<br \/>\nKlingenoberfl\u00e4chenbehandlung Titannitrid, S\u00e4ure\u00e4tzung<br \/>\nKlingenst\u00e4rke: 0,13 Zoll (3,18 mm)<br \/>\nGesamtl\u00e4nge 7,56&#8243; (192,10 mm)<br \/>\nGewicht 2,40 oz (68,04 g)<br \/>\nGriff aus Edelstahl mit Kabel umwickelt<br \/>\nStil: Feststehendes Messer mit Scheide<br \/>\nScheidenband, schwarze Kordel; Totenkopfperle aus Metall \u2013 Zinkgusslegierung, galvanische Verchromung<br \/>\nSchalenmaterial Thermoplast<br \/>\nSchalengewicht 1,10 oz (31,18 g)<\/p>\n<p><iframe title=\"CRKT Obake Knife Overview | by Lucas Burnley\" width=\"800\" height=\"450\" src=\"https:\/\/www.youtube.com\/embed\/NpIHiL2JFnc?feature=oembed\" frameborder=\"0\" allow=\"accelerometer; autoplay; clipboard-write; encrypted-media; gyroscope; picture-in-picture; web-share\" referrerpolicy=\"strict-origin-when-cross-origin\" allowfullscreen><\/iframe><\/p>\n<p>&nbsp;<\/p>\n","protected":false},"excerpt":{"rendered":"<p>Entworfen von Lucas Burnley in Bend, Oregon.<\/p>\n","protected":false},"featured_media":331633,"comment_status":"open","ping_status":"closed","template":"","meta":[],"pwb-brand":[3457],"product_brand":[],"product_cat":[3287,3285],"product_tag":[3669],"class_list":{"0":"post-331632","1":"product","2":"type-product","3":"status-publish","4":"has-post-thumbnail","6":"pwb-brand-crkt-de","7":"product_cat-solide-messer","8":"product_cat-messer","9":"product_tag-b2b-de","11":"first","12":"outofstock","13":"taxable","14":"shipping-taxable","15":"purchasable","16":"product-type-simple"},"brands":[{"id":3457,"name":"CRKT","slug":"crkt-de"}],"_links":{"self":[{"href":"https:\/\/www.moskito.cz\/de\/wp-json\/wp\/v2\/product\/331632","targetHints":{"allow":["GET"]}}],"collection":[{"href":"https:\/\/www.moskito.cz\/de\/wp-json\/wp\/v2\/product"}],"about":[{"href":"https:\/\/www.moskito.cz\/de\/wp-json\/wp\/v2\/types\/product"}],"replies":[{"embeddable":true,"href":"https:\/\/www.moskito.cz\/de\/wp-json\/wp\/v2\/comments?post=331632"}],"wp:featuredmedia":[{"embeddable":true,"href":"https:\/\/www.moskito.cz\/de\/wp-json\/wp\/v2\/media\/331633"}],"wp:attachment":[{"href":"https:\/\/www.moskito.cz\/de\/wp-json\/wp\/v2\/media?parent=331632"}],"wp:term":[{"taxonomy":"pwb-brand","embeddable":true,"href":"https:\/\/www.moskito.cz\/de\/wp-json\/wp\/v2\/pwb-brand?post=331632"},{"taxonomy":"product_brand","embeddable":true,"href":"https:\/\/www.moskito.cz\/de\/wp-json\/wp\/v2\/product_brand?post=331632"},{"taxonomy":"product_cat","embeddable":true,"href":"https:\/\/www.moskito.cz\/de\/wp-json\/wp\/v2\/product_cat?post=331632"},{"taxonomy":"product_tag","embeddable":true,"href":"https:\/\/www.moskito.cz\/de\/wp-json\/wp\/v2\/product_tag?post=331632"}],"curies":[{"name":"wp","href":"https:\/\/api.w.org\/{rel}","templated":true}]}}