{"id":331666,"date":"2022-09-14T19:42:17","date_gmt":"2024-04-12T13:54:49","guid":{"rendered":"https:\/\/www.moskito.cz\/produkt\/feststehendes-messer-crkt-tailbone-2415\/"},"modified":"2025-05-07T11:10:43","modified_gmt":"2025-05-07T10:10:43","slug":"feststehendes-messer-crkt-tailbone-2415","status":"publish","type":"product","link":"https:\/\/www.moskito.cz\/de\/produkt\/feststehendes-messer-crkt-tailbone-2415\/","title":{"rendered":"Feststehendes Messer CRKT TAILBONE 2415"},"content":{"rendered":"<p>Feststehendes Messer <strong>CRKT<\/strong> TAILBONE 2415.<\/p>\n<p>Es mag wie eine solide Klinge aussehen, aber es steckt noch mehr dahinter. Auf den ersten Blick sieht das Tailbone\u2122 Outdoor-Messer mit fester Klinge aus wie ein gew\u00f6hnliches Halsmesser mit einem mit Paracord umwickelten Griff. Aber es wird lebendig in der Hand. Der Kettengriff der Maschine ist f\u00fcr eine hervorragende Ergonomie beweglich, bleibt aber beim Schneiden oder Schneiden perfekt fixiert. Es ist \u00e4u\u00dferst benutzerfreundlich und v\u00f6llig unerwartet.<\/p>\n<p>In unserer Welt gibt es \u00fcberall Biomimikry \u2013 von der Natur inspirierte Designs. TJ Schwarz aus Boise, Idaho, hat dieses Konzept \u00fcbernommen, als er einen Messergriff mit feststehender Klinge auf der Basis des Fischgr\u00e4tenmusters entwarf. TJ schreckt nie vor einer mutigen neuen Idee zur\u00fcck. TJ hat das Tailbone\u2122 mit einer einfachen Klinge mit Stonewashed-Spitze und einem Griff entwickelt, die alle Konventionen aus dem Wasser sprengt. Der flexible Griff bewegt sich vertikal und passt sich beim Tragen als Neck Knife Ihrem Griff oder Ihrer Brust an, ohne horizontales Spiel zuzulassen. Es ist f\u00fcr einen besseren Halt mit Paracord umwickelt und verf\u00fcgt \u00fcber eine gro\u00dfe Finger\u00f6ffnung und Paspeln zur Kontrolle. Die robuste, spritzgegossene Scheide l\u00e4sst sich leicht an einem Rucksack befestigen oder schnell in ein Neck Knife verwandeln.<\/p>\n<p>Tailbone\u2122 ist alles, was Sie erwartet haben und alles, was Mutter Natur nicht war.<\/p>\n<p>SPEZIFIKATIONEN<br \/>\nKlingenl\u00e4nge 2,13&#8243; (53,98 mm)<br \/>\nKlinge Klinge Plain<br \/>\nKlingenstahl 8Cr13MoV<br \/>\nStonewash-Klingenfinish<br \/>\nKlingenst\u00e4rke: 0,15 Zoll (3,91 mm)<br \/>\nGesamtl\u00e4nge 6,31&#8243; (160,35 mm)<br \/>\nGewicht 2,00 oz (56,70 g)<br \/>\nGriff aus Kohlenstoffstahl mit Kordel umwickelt<br \/>\nStil: Feststehendes Messer mit Scheide<br \/>\nSchalenmaterial Thermoplast<br \/>\nSchalengewicht 1,00 oz (28,35 g)<\/p>\n<p><iframe title=\"CRKT TAILBONE\u2122 | T.J. Schwarz Design\" width=\"800\" height=\"450\" src=\"https:\/\/www.youtube.com\/embed\/_nRDhu-pd_w?feature=oembed\" frameborder=\"0\" allow=\"accelerometer; autoplay; clipboard-write; encrypted-media; gyroscope; picture-in-picture; web-share\" referrerpolicy=\"strict-origin-when-cross-origin\" allowfullscreen><\/iframe><\/p>\n<p>&nbsp;<\/p>\n","protected":false},"excerpt":{"rendered":"<p>Entworfen von TJ Schwarz in Boise, Idaho.<\/p>\n","protected":false},"featured_media":331667,"comment_status":"open","ping_status":"closed","template":"","meta":[],"pwb-brand":[3457],"product_brand":[],"product_cat":[3287,3285],"product_tag":[3669],"class_list":{"0":"post-331666","1":"product","2":"type-product","3":"status-publish","4":"has-post-thumbnail","6":"pwb-brand-crkt-de","7":"product_cat-solide-messer","8":"product_cat-messer","9":"product_tag-b2b-de","11":"first","12":"instock","13":"sale","14":"taxable","15":"shipping-taxable","16":"purchasable","17":"product-type-simple"},"brands":[{"id":3457,"name":"CRKT","slug":"crkt-de"}],"_links":{"self":[{"href":"https:\/\/www.moskito.cz\/de\/wp-json\/wp\/v2\/product\/331666","targetHints":{"allow":["GET"]}}],"collection":[{"href":"https:\/\/www.moskito.cz\/de\/wp-json\/wp\/v2\/product"}],"about":[{"href":"https:\/\/www.moskito.cz\/de\/wp-json\/wp\/v2\/types\/product"}],"replies":[{"embeddable":true,"href":"https:\/\/www.moskito.cz\/de\/wp-json\/wp\/v2\/comments?post=331666"}],"wp:featuredmedia":[{"embeddable":true,"href":"https:\/\/www.moskito.cz\/de\/wp-json\/wp\/v2\/media\/331667"}],"wp:attachment":[{"href":"https:\/\/www.moskito.cz\/de\/wp-json\/wp\/v2\/media?parent=331666"}],"wp:term":[{"taxonomy":"pwb-brand","embeddable":true,"href":"https:\/\/www.moskito.cz\/de\/wp-json\/wp\/v2\/pwb-brand?post=331666"},{"taxonomy":"product_brand","embeddable":true,"href":"https:\/\/www.moskito.cz\/de\/wp-json\/wp\/v2\/product_brand?post=331666"},{"taxonomy":"product_cat","embeddable":true,"href":"https:\/\/www.moskito.cz\/de\/wp-json\/wp\/v2\/product_cat?post=331666"},{"taxonomy":"product_tag","embeddable":true,"href":"https:\/\/www.moskito.cz\/de\/wp-json\/wp\/v2\/product_tag?post=331666"}],"curies":[{"name":"wp","href":"https:\/\/api.w.org\/{rel}","templated":true}]}}