{"id":331733,"date":"2022-09-14T20:55:19","date_gmt":"2024-04-12T13:56:39","guid":{"rendered":"https:\/\/www.moskito.cz\/produkt\/feststehendes-messer-crkt-minimalist-katana-2394\/"},"modified":"2025-05-07T11:10:45","modified_gmt":"2025-05-07T10:10:45","slug":"feststehendes-messer-crkt-minimalist-katana-2394","status":"publish","type":"product","link":"https:\/\/www.moskito.cz\/de\/produkt\/feststehendes-messer-crkt-minimalist-katana-2394\/","title":{"rendered":"Feststehendes Messer CRKT MINIMALIST KATANA 2394"},"content":{"rendered":"<p>Feststehendes Messer <strong>CRKT<\/strong> MINIMALIST KATANA 2394.<\/p>\n<p>Genauigkeit ist Macht.<\/p>\n<p>Der Messerhersteller Alan Folts stellt das Minimalist\u00ae Katana vor, ein Design, bei dem es sowohl um Kontrolle als auch um K\u00f6nnen geht. Nach dem Vorbild des urspr\u00fcnglichen Minimalist\u00ae mit einer etwas gr\u00f6\u00dferen Klinge k\u00f6nnen Sie sich dennoch an der leichten und tragbaren Zusammensetzung f\u00fcr die Vielseitigkeit unterwegs erfreuen. Ergreifen Sie den Drei-Finger-Griff und Sie werden sofort wissen: Das ist Minimalist\u00ae durch und durch.<br \/>\nEinfaches Sch\u00e4rfen: Die Klinge aus rostfreiem Kohlenstoffstahl h\u00e4lt die Schneide gut<br \/>\nMinimiert Reflexionen: Perlstrahlende Oberfl\u00e4chenbehandlung reduziert Reflexionen<br \/>\nSolide und optisch: Der Griff aus Kunstharz vereint St\u00e4rke mit optischer Attraktivit\u00e4t<br \/>\nGetriebekompatibel: Robuste Thermoplastschale mit Montagem\u00f6glichkeit<br \/>\nKompaktes Werkzeug: Leicht und einfach zu transportieren.<\/p>\n<p>SPEZIFIKATIONEN<br \/>\nKlingenl\u00e4nge 3,56&#8243; (90,50 mm)<br \/>\nKlinge Klinge Plain<br \/>\nKlingenstahl 8Cr13MoV<br \/>\nOberfl\u00e4chenfinish der Klinge Perlstrahlen<br \/>\nKlingenst\u00e4rke: 0,13 Zoll (3,30 mm)<br \/>\nGesamtl\u00e4nge 6,63&#8243; (168,28 mm)<br \/>\nGewicht 2,40 oz (68,04 g)<br \/>\nGriff: Mit Harz impr\u00e4gnierte Fasern<br \/>\nStil: Feststehendes Messer mit Scheide<br \/>\nSchalenmaterial Thermoplast<br \/>\nSchalengewicht 1,30 oz (36,85 g)<\/p>\n<p>&nbsp;<\/p>\n","protected":false},"excerpt":{"rendered":"<p>Entworfen von Alan Folts in Melbourne, Florida.<\/p>\n","protected":false},"featured_media":331742,"comment_status":"open","ping_status":"closed","template":"","meta":[],"pwb-brand":[3457],"product_brand":[],"product_cat":[3285,3287],"product_tag":[3669],"class_list":{"0":"post-331733","1":"product","2":"type-product","3":"status-publish","4":"has-post-thumbnail","6":"pwb-brand-crkt-de","7":"product_cat-messer","8":"product_cat-solide-messer","9":"product_tag-b2b-de","11":"first","12":"instock","13":"taxable","14":"shipping-taxable","15":"purchasable","16":"product-type-simple"},"brands":[{"id":3457,"name":"CRKT","slug":"crkt-de"}],"_links":{"self":[{"href":"https:\/\/www.moskito.cz\/de\/wp-json\/wp\/v2\/product\/331733","targetHints":{"allow":["GET"]}}],"collection":[{"href":"https:\/\/www.moskito.cz\/de\/wp-json\/wp\/v2\/product"}],"about":[{"href":"https:\/\/www.moskito.cz\/de\/wp-json\/wp\/v2\/types\/product"}],"replies":[{"embeddable":true,"href":"https:\/\/www.moskito.cz\/de\/wp-json\/wp\/v2\/comments?post=331733"}],"wp:featuredmedia":[{"embeddable":true,"href":"https:\/\/www.moskito.cz\/de\/wp-json\/wp\/v2\/media\/331742"}],"wp:attachment":[{"href":"https:\/\/www.moskito.cz\/de\/wp-json\/wp\/v2\/media?parent=331733"}],"wp:term":[{"taxonomy":"pwb-brand","embeddable":true,"href":"https:\/\/www.moskito.cz\/de\/wp-json\/wp\/v2\/pwb-brand?post=331733"},{"taxonomy":"product_brand","embeddable":true,"href":"https:\/\/www.moskito.cz\/de\/wp-json\/wp\/v2\/product_brand?post=331733"},{"taxonomy":"product_cat","embeddable":true,"href":"https:\/\/www.moskito.cz\/de\/wp-json\/wp\/v2\/product_cat?post=331733"},{"taxonomy":"product_tag","embeddable":true,"href":"https:\/\/www.moskito.cz\/de\/wp-json\/wp\/v2\/product_tag?post=331733"}],"curies":[{"name":"wp","href":"https:\/\/api.w.org\/{rel}","templated":true}]}}