{"id":331983,"date":"2024-04-13T19:07:23","date_gmt":"2024-04-13T18:09:32","guid":{"rendered":"https:\/\/www.moskito.cz\/produkt\/schliessmesser-crkt-psd-ii-7910\/"},"modified":"2025-05-07T11:10:50","modified_gmt":"2025-05-07T10:10:50","slug":"schliessmesser-crkt-psd-ii-7910","status":"publish","type":"product","link":"https:\/\/www.moskito.cz\/de\/produkt\/schliessmesser-crkt-psd-ii-7910\/","title":{"rendered":"Schlie\u00dfmesser CRKT PSD II 7910"},"content":{"rendered":"<p>Schlie\u00dfmesser <strong>CRKT<\/strong> PSD II 7910.<\/p>\n<p>Schnell, leistungsstark, tragbar. Jim Hammonds urspr\u00fcngliches PSD erhielt seinen Namen (Particle. Separation. Device.) f\u00fcr seine F\u00e4higkeit, fast alles und \u00fcberall zu durchschneiden. Das PSD II bringt die gleichen F\u00e4higkeiten in ein kleineres, tragbareres Klappmesser, das mehr als einen Zoll an Gesamtl\u00e4nge einspart. Sie finden weiterhin die korrosionsbest\u00e4ndige, vollst\u00e4ndig umkehrbare Klinge und die \u00d6ffnungsunterst\u00fctzung mit IKBS-Lagern f\u00fcr eine schnelle und einfache Einhandbedienung, jetzt jedoch in einem verbesserten Design f\u00fcr den t\u00e4glichen Transport.<\/p>\n<p>So funktioniert die \u00d6ffnungshilfe<\/p>\n<p>Es wird sicher in der Tasche gehalten, aber sobald es entfaltet wird, \u00f6ffnet sich die Klinge mit beeindruckender Geschwindigkeit und erm\u00f6glicht so ein einfaches, kraftvolles \u00d6ffnen mit einer Hand im Schwenkbereich.<\/p>\n<p>Klingenstahl AUS 10<br \/>\nKlingenkante glatt<br \/>\nEDP-Klingenoberfl\u00e4chenfinish<br \/>\nKlingenl\u00e4nge: 7,69 cm<br \/>\nGesamtl\u00e4nge: 17,78 cm<br \/>\nL\u00e4nge geschlossen: 10,15 cm<br \/>\nGewicht 3,60 Unzen. (102,06 g)<br \/>\nGriffmaterial G10<br \/>\nStilvolles Klappmesser mit Liner Lock-Unterst\u00fctzung<\/p>\n<p><iframe title=\"CRKT P.S.D.\u2122 II  I Jim Hammond Design\" width=\"800\" height=\"450\" src=\"https:\/\/www.youtube.com\/embed\/WqtSo-oNagU?feature=oembed\" frameborder=\"0\" allow=\"accelerometer; autoplay; clipboard-write; encrypted-media; gyroscope; picture-in-picture; web-share\" referrerpolicy=\"strict-origin-when-cross-origin\" allowfullscreen><\/iframe><\/p>\n<p>&nbsp;<\/p>\n","protected":false},"excerpt":{"rendered":"<p>DESIGNER<br \/>\nJim Hammond<br \/>\nBirmingham, Alabama<br \/>\nJim war 1994 der erste Cutter, der mit CRKT\u00ae arbeitete, aber davor hatte er \u00fcber 17 Jahre Erfahrung unter dem mit Klingen verzierten G\u00fcrtel. Nach seinem Abschluss an der Clemson University im Jahr 1977 stieg er schnell auf und spezialisierte sich auf Milit\u00e4r- und Sammler-Taktikj\u00e4ger wie unsere FE\u2122-Serie. Als Mitglied der Knife Makers Guild seit 1978 stehen bei seinen Designs \u2013 und Golfschl\u00e4gen \u2013 Perfektion, Geschmack und Funktion im Mittelpunkt.<\/p>\n","protected":false},"featured_media":331934,"comment_status":"open","ping_status":"closed","template":"","meta":[],"pwb-brand":[3457],"product_brand":[],"product_cat":[3303,3285],"product_tag":[3669],"class_list":{"0":"post-331983","1":"product","2":"type-product","3":"status-publish","4":"has-post-thumbnail","6":"pwb-brand-crkt-de","7":"product_cat-schliesmesser","8":"product_cat-messer","9":"product_tag-b2b-de","11":"first","12":"instock","13":"sale","14":"taxable","15":"shipping-taxable","16":"purchasable","17":"product-type-simple"},"brands":[{"id":3457,"name":"CRKT","slug":"crkt-de"}],"_links":{"self":[{"href":"https:\/\/www.moskito.cz\/de\/wp-json\/wp\/v2\/product\/331983","targetHints":{"allow":["GET"]}}],"collection":[{"href":"https:\/\/www.moskito.cz\/de\/wp-json\/wp\/v2\/product"}],"about":[{"href":"https:\/\/www.moskito.cz\/de\/wp-json\/wp\/v2\/types\/product"}],"replies":[{"embeddable":true,"href":"https:\/\/www.moskito.cz\/de\/wp-json\/wp\/v2\/comments?post=331983"}],"wp:featuredmedia":[{"embeddable":true,"href":"https:\/\/www.moskito.cz\/de\/wp-json\/wp\/v2\/media\/331934"}],"wp:attachment":[{"href":"https:\/\/www.moskito.cz\/de\/wp-json\/wp\/v2\/media?parent=331983"}],"wp:term":[{"taxonomy":"pwb-brand","embeddable":true,"href":"https:\/\/www.moskito.cz\/de\/wp-json\/wp\/v2\/pwb-brand?post=331983"},{"taxonomy":"product_brand","embeddable":true,"href":"https:\/\/www.moskito.cz\/de\/wp-json\/wp\/v2\/product_brand?post=331983"},{"taxonomy":"product_cat","embeddable":true,"href":"https:\/\/www.moskito.cz\/de\/wp-json\/wp\/v2\/product_cat?post=331983"},{"taxonomy":"product_tag","embeddable":true,"href":"https:\/\/www.moskito.cz\/de\/wp-json\/wp\/v2\/product_tag?post=331983"}],"curies":[{"name":"wp","href":"https:\/\/api.w.org\/{rel}","templated":true}]}}