{"id":332050,"date":"2024-04-13T19:28:27","date_gmt":"2024-04-13T18:30:42","guid":{"rendered":"https:\/\/www.moskito.cz\/produkt\/zuziehmesser-crkt-padawan-6075\/"},"modified":"2025-05-07T11:10:52","modified_gmt":"2025-05-07T10:10:52","slug":"zuziehmesser-crkt-padawan-6075","status":"publish","type":"product","link":"https:\/\/www.moskito.cz\/de\/produkt\/zuziehmesser-crkt-padawan-6075\/","title":{"rendered":"Zuziehmesser CRKT Padawan 6075"},"content":{"rendered":"<p>Zuziehmesser <strong>CRKT<\/strong> Padawan 6075<\/p>\n<p>Wir stellen vor: <strong>Padawan<\/strong> .<\/p>\n<p>Warum es <strong>Padawan<\/strong> nennen? Buzettis Ausbildung beim renommierten Messermacher Flavio Ikoma \u2013 bekannt als \u201eDer Meister\u201c \u2013 war die perfekte Inspiration f\u00fcr die Einf\u00fchrung seines ersten Entwurfs. Pedro Buzettis erstes Messerdesign mit CRKT, dieses leistungsstarke Klappmesser wurde f\u00fcr Form und Funktion entwickelt, mit einer Klinge aus 14C28N-Stahl an der Spitze und einer sch\u00f6nen Micarta-Beschichtung am Griff f\u00fcr besseren Halt. Die Rahmenverriegelung wurde modifiziert, um die Klinge sicher zu halten, und der Clip sorgt daf\u00fcr, dass das Messer tief in der Tasche sitzt. Padawan ist in zwei Versionen erh\u00e4ltlich.<\/p>\n<p>Spezifikationen:<br \/>\nKlingenl\u00e4nge: 7,64 cm<br \/>\nGriffl\u00e4nge: 10,52 cm<br \/>\nGesamtl\u00e4nge: 18,09 cm<br \/>\nKlingenmaterial: Sandvik 14C28N Edelstahl<br \/>\nKlingenstil: Modifizierter Sheepfoot<br \/>\nKlingenoberfl\u00e4che: Geb\u00fcrsteter Satin<br \/>\nGriffmaterial: Edelstahl mit schwarzer Micarta-Beschichtung<br \/>\nVerriegelungsmechanismus: Rahmenschloss<br \/>\nTaschenclip: hochklappbar, rechtsh\u00e4ndig zu tragen<br \/>\nGewicht: 3,10 Unzen. (87,88 g)<br \/>\nDesigner: Pedro Buzetti<\/p>\n<p><iframe title=\"CRKT Padawan Frame Lock | Pedro Buzetti Design\" width=\"800\" height=\"450\" src=\"https:\/\/www.youtube.com\/embed\/6YZEVM4HSiM?feature=oembed\" frameborder=\"0\" allow=\"accelerometer; autoplay; clipboard-write; encrypted-media; gyroscope; picture-in-picture; web-share\" referrerpolicy=\"strict-origin-when-cross-origin\" allowfullscreen><\/iframe><\/p>\n<p>&nbsp;<\/p>\n<p>&nbsp;<\/p>\n","protected":false},"excerpt":{"rendered":"<p>Pedro Buzetti<br \/>\nPresidente Prudente, Brasilien<br \/>\nDer in Architektur ausgebildete Brasilianer Pedro Buzetti vertritt das Motto \u201eForm und Funktion, nicht eins \u00fcber dem anderen\u201c. Diese Harmonie zeigt sich in seiner ma\u00dfgeschneiderten Arbeit und wird im Padawan-Klappmesser zum Leben erweckt \u2013 Pedros erster Zusammenarbeit mit CRKT. Als Teil einer langen Tradition der Betreuung von Messermachern studierte Pedro bei dem renommierten Hersteller Flavio Ikoma \u2013 dem Erfinder des Deadbolt\u00ae-Schlosses und des IKBS\u2122-Kugellagerstifts. Unter Flavios wachsamen Augen verfeinerte Pedro seine technischen F\u00e4higkeiten und verfeinerte seinen Designansatz, was zu perfekt ausgewogenen Messern mit subtilen Designelementen f\u00fchrte, die von der charakteristischen \u00c4sthetik seines Mentors inspiriert waren. Perfektionismus \u2013 eine weitere Eigenschaft von Flavio \u2013 ist eine Konstante in Pedros Arbeit, wobei jedes fertige St\u00fcck besser ist als das letzte, egal wie geringf\u00fcgig die Verbesserung auch sein mag.<\/p>\n","protected":false},"featured_media":331999,"comment_status":"open","ping_status":"closed","template":"","meta":[],"pwb-brand":[3457],"product_brand":[],"product_cat":[3303,3285],"product_tag":[3669],"class_list":{"0":"post-332050","1":"product","2":"type-product","3":"status-publish","4":"has-post-thumbnail","6":"pwb-brand-crkt-de","7":"product_cat-schliesmesser","8":"product_cat-messer","9":"product_tag-b2b-de","11":"first","12":"outofstock","13":"sale","14":"taxable","15":"shipping-taxable","16":"purchasable","17":"product-type-simple"},"brands":[{"id":3457,"name":"CRKT","slug":"crkt-de"}],"_links":{"self":[{"href":"https:\/\/www.moskito.cz\/de\/wp-json\/wp\/v2\/product\/332050","targetHints":{"allow":["GET"]}}],"collection":[{"href":"https:\/\/www.moskito.cz\/de\/wp-json\/wp\/v2\/product"}],"about":[{"href":"https:\/\/www.moskito.cz\/de\/wp-json\/wp\/v2\/types\/product"}],"replies":[{"embeddable":true,"href":"https:\/\/www.moskito.cz\/de\/wp-json\/wp\/v2\/comments?post=332050"}],"wp:featuredmedia":[{"embeddable":true,"href":"https:\/\/www.moskito.cz\/de\/wp-json\/wp\/v2\/media\/331999"}],"wp:attachment":[{"href":"https:\/\/www.moskito.cz\/de\/wp-json\/wp\/v2\/media?parent=332050"}],"wp:term":[{"taxonomy":"pwb-brand","embeddable":true,"href":"https:\/\/www.moskito.cz\/de\/wp-json\/wp\/v2\/pwb-brand?post=332050"},{"taxonomy":"product_brand","embeddable":true,"href":"https:\/\/www.moskito.cz\/de\/wp-json\/wp\/v2\/product_brand?post=332050"},{"taxonomy":"product_cat","embeddable":true,"href":"https:\/\/www.moskito.cz\/de\/wp-json\/wp\/v2\/product_cat?post=332050"},{"taxonomy":"product_tag","embeddable":true,"href":"https:\/\/www.moskito.cz\/de\/wp-json\/wp\/v2\/product_tag?post=332050"}],"curies":[{"name":"wp","href":"https:\/\/api.w.org\/{rel}","templated":true}]}}