{"id":332107,"date":"2024-04-13T19:46:01","date_gmt":"2024-04-13T18:49:14","guid":{"rendered":"https:\/\/www.moskito.cz\/produkt\/verschlussmesser-crkt-pilar-iv-5321\/"},"modified":"2025-05-07T11:10:53","modified_gmt":"2025-05-07T10:10:53","slug":"verschlussmesser-crkt-pilar-iv-5321","status":"publish","type":"product","link":"https:\/\/www.moskito.cz\/de\/produkt\/verschlussmesser-crkt-pilar-iv-5321\/","title":{"rendered":"Verschlussmesser CRKT Pilar IV 5321"},"content":{"rendered":"<p>Verschlussmesser <strong>CRKT<\/strong> Pilar IV 5321.<\/p>\n<p>Wo minimales Design auf maximalen Nutzen trifft. <strong>Pilar IV<\/strong> verwandelt ein minimalistisches Matrosenmesser in ein ausgesprochen urbanes Basic f\u00fcr den Alltag und beh\u00e4lt dabei den Geist der Klassiker und die epische Geschichte hinter seinem Namen bei. Es ist immer noch unauff\u00e4llig und unauff\u00e4llig, wenn es verstaut ist, und wurde sorgf\u00e4ltig entwickelt, um sein Gewicht bei der Verwendung zu \u00fcbertreffen.<\/p>\n<p>Jesper Voxnaes entwarf die urspr\u00fcngliche Pilar in seinem Logstrup-Laden in D\u00e4nemark und benannte sie nach Ernest Hemingways geliebtem Schiff \u2013 einem 38 Fu\u00df langen Schiff, mit dem er w\u00e4hrend des Zweiten Weltkriegs in karibischen Gew\u00e4ssern abtr\u00fcnnige deutsche U-Boote verfolgte. Der weltber\u00fchmte Autor war auch Kampfveteran im Ersten Weltkrieg, Gro\u00dfwildj\u00e4ger, Seemann und Fischer und w\u00fcrde f\u00fcr seine t\u00e4glichen Unternehmungen sicherlich einen allt\u00e4glichen Messerbegleiter wie das Pilar III w\u00e4hlen.<\/p>\n<p>Die kr\u00e4ftige 3,09-Zoll-Pilar-IV-Klinge hat eine satinierte Oberfl\u00e4che und eine weiche, aber feste Spitze, die sich f\u00fcr detailliertere Aufgaben eignet. Der griffige G10-Griff profitiert von jahrelangem Gebrauch und die auff\u00e4llige Trageschlaufe aus Edelstahl wertet den Look auf. Der Daumenschlitz-\u00d6ffnungsmechanismus entfaltet die Klinge und das kugelgelagerte IKBS-Drehsystem sorgt f\u00fcr eine superweiche Drehung.<\/p>\n<p>Der moderne Hemingway ist der ultimative Mann der Renaissance, und das Pilar IV ist ein Messer, das sich dieser Herausforderung stellt.<\/p>\n<p>Spezifikationen:<br \/>\nKlingenl\u00e4nge: 8,59 cm<br \/>\nGriffl\u00e4nge: 10,82 cm<br \/>\nGesamtl\u00e4nge: 18,65 cm<br \/>\nKlingenmaterial: Werkzeugstahl D2<br \/>\nKlingenst\u00e4rke: 0,38 cm<br \/>\nKlingenstil: Clip Point<br \/>\nOberfl\u00e4chenbehandlung der Klinge: satiniert<br \/>\nGriffmaterial: Schwarzes G10 mit Edelstahlverschluss<br \/>\nVerriegelungsmechanismus: Rahmenschloss<br \/>\nTaschenclip: hochklappbar, rechtsh\u00e4ndig zu tragen<br \/>\nGewicht: 3,90 Unzen. (110,56 g)<br \/>\nDesigner: Jesper Voxnaes<br \/>\nPivot-IKBS<\/p>\n<p><iframe title=\"CRKT Pilar\u00ae IV | Jesper Voxnaes Design\" width=\"800\" height=\"450\" src=\"https:\/\/www.youtube.com\/embed\/BDwicXYSVSc?feature=oembed\" frameborder=\"0\" allow=\"accelerometer; autoplay; clipboard-write; encrypted-media; gyroscope; picture-in-picture; web-share\" referrerpolicy=\"strict-origin-when-cross-origin\" allowfullscreen><\/iframe><\/p>\n<p>&nbsp;<\/p>\n","protected":false},"excerpt":{"rendered":"<p>DESIGNER<br \/>\nJesper Voxnaes<br \/>\nL\u00f6gstrup, D\u00e4nemark<br \/>\nWenn Jesper ein Design testen muss, muss er nur seinen eigenen Hinterhof betreten. Die rauen Elemente und Bedingungen der Fjorde und W\u00e4lder seiner Heimat D\u00e4nemark werden ihr \u00dcbriges tun. Als er anfing, stellte niemand die Messer her, die er entwerfen wollte, also lernte er durch Ausprobieren. Seine Bem\u00fchungen haben sich eindeutig gelohnt, denn er gewann 2013 den IF Award f\u00fcr eines der besten Designs Europas. Jetzt entwickelt und verwendet er Messer wie Amicus\u00ae zum Segeln, Camping und Offroading.<\/p>\n<p>&nbsp;<\/p>\n","protected":false},"featured_media":332055,"comment_status":"open","ping_status":"closed","template":"","meta":[],"pwb-brand":[3457],"product_brand":[],"product_cat":[3303,3285],"product_tag":[3669],"class_list":{"0":"post-332107","1":"product","2":"type-product","3":"status-publish","4":"has-post-thumbnail","6":"pwb-brand-crkt-de","7":"product_cat-schliesmesser","8":"product_cat-messer","9":"product_tag-b2b-de","11":"first","12":"instock","13":"taxable","14":"shipping-taxable","15":"purchasable","16":"product-type-simple"},"brands":[{"id":3457,"name":"CRKT","slug":"crkt-de"}],"_links":{"self":[{"href":"https:\/\/www.moskito.cz\/de\/wp-json\/wp\/v2\/product\/332107","targetHints":{"allow":["GET"]}}],"collection":[{"href":"https:\/\/www.moskito.cz\/de\/wp-json\/wp\/v2\/product"}],"about":[{"href":"https:\/\/www.moskito.cz\/de\/wp-json\/wp\/v2\/types\/product"}],"replies":[{"embeddable":true,"href":"https:\/\/www.moskito.cz\/de\/wp-json\/wp\/v2\/comments?post=332107"}],"wp:featuredmedia":[{"embeddable":true,"href":"https:\/\/www.moskito.cz\/de\/wp-json\/wp\/v2\/media\/332055"}],"wp:attachment":[{"href":"https:\/\/www.moskito.cz\/de\/wp-json\/wp\/v2\/media?parent=332107"}],"wp:term":[{"taxonomy":"pwb-brand","embeddable":true,"href":"https:\/\/www.moskito.cz\/de\/wp-json\/wp\/v2\/pwb-brand?post=332107"},{"taxonomy":"product_brand","embeddable":true,"href":"https:\/\/www.moskito.cz\/de\/wp-json\/wp\/v2\/product_brand?post=332107"},{"taxonomy":"product_cat","embeddable":true,"href":"https:\/\/www.moskito.cz\/de\/wp-json\/wp\/v2\/product_cat?post=332107"},{"taxonomy":"product_tag","embeddable":true,"href":"https:\/\/www.moskito.cz\/de\/wp-json\/wp\/v2\/product_tag?post=332107"}],"curies":[{"name":"wp","href":"https:\/\/api.w.org\/{rel}","templated":true}]}}