{"id":332172,"date":"2024-04-13T20:01:46","date_gmt":"2024-04-13T19:04:36","guid":{"rendered":"https:\/\/www.moskito.cz\/produkt\/crkt-ikoma-bot-deadbolt-5420-schliessmesser\/"},"modified":"2025-05-07T11:10:55","modified_gmt":"2025-05-07T10:10:55","slug":"crkt-ikoma-bot-deadbolt-5420-schliessmesser","status":"publish","type":"product","link":"https:\/\/www.moskito.cz\/de\/produkt\/crkt-ikoma-bot-deadbolt-5420-schliessmesser\/","title":{"rendered":"CRKT Ikoma Bot Deadbolt 5420 Schlie\u00dfmesser"},"content":{"rendered":"<p><strong>CRKT<\/strong> Ikoma Bot Deadbolt 5420 Schlie\u00dfmesser.<\/p>\n<p>Wie eine Verl\u00e4ngerung deiner Hand. Flavio Ikoma hat das Bot zu einem Messer gemacht, nach dem Sie instinktiv greifen und das Sie m\u00fchelos verwenden k\u00f6nnen. Es liegt so nat\u00fcrlich wie m\u00f6glich in der Hand und greift auf Ihr Unterbewusstsein zu, sodass Sie sofortiges Feedback und eine pr\u00e4zise, \u200b\u200bfast automatische Steuerung erhalten. Und es ist auf Geschwindigkeit ausgelegt, mit unterst\u00fctzter \u00d6ffnung und IKBS-Lagern, die die Klinge sanft in die Position schieben, in der sie durch ein starkes Riegelschloss sicher an Ort und Stelle gehalten wird.<\/p>\n<p>Wie Deadbolt funktioniert<br \/>\nStahlschrauben rasten beim Ausfahren in die Klinge ein und sorgen f\u00fcr unglaubliche Festigkeit. Am Drehpunkt befindet sich ein markanter Knopf zum einfachen und intuitiven L\u00f6sen, ohne dass die Finger den Weg der Klinge kreuzen.<\/p>\n<p>Spezifikationen:<br \/>\nKlingenl\u00e4nge: 7,5 cm<br \/>\nL\u00e4nge geschlossen: 10 cm<br \/>\nGesamtl\u00e4nge: 17,5 cm<br \/>\nKlingenmaterial: Edelstahl AUS-10<br \/>\nKlingenstil: Drop Point<br \/>\nKlingenfinish: Schwarz<br \/>\nGriffmaterial: Jade G10<br \/>\nVerriegelungsmechanismus: Bolzen<br \/>\nTaschenclip: (Hochklappen, richtiges Tragen)<br \/>\nGewicht: 4,66 Unzen.<br \/>\nDesigner: Flavio Ikoma<\/p>\n<p><iframe title=\"CRKT Bot I Flavio Ikoma Design\" width=\"800\" height=\"450\" src=\"https:\/\/www.youtube.com\/embed\/EcTWDBzlb7k?feature=oembed\" frameborder=\"0\" allow=\"accelerometer; autoplay; clipboard-write; encrypted-media; gyroscope; picture-in-picture; web-share\" referrerpolicy=\"strict-origin-when-cross-origin\" allowfullscreen><\/iframe><\/p>\n<p>&nbsp;<\/p>\n","protected":false},"excerpt":{"rendered":"<p>DESIGNER<br \/>\nFlavio Ikoma<br \/>\nPresidente Prudente, Brasilien<br \/>\nManche Kinder tr\u00e4umen davon, Ballspieler zu werden. Flavio wollte ein Messer sein. Als Teenager arbeitete er in der Werkstatt seines Vaters an Messern der japanischen Schwertart. Anschlie\u00dfend studierte er Metallurgie, arbeitete mit Ken Onion zusammen und wurde ein Innovator. Flavio brachte nicht nur das revolution\u00e4re IKBS\u2122-Kugellagerstiftsystem auf den Markt (zusammen mit Rick Lala), sondern zeigte der Welt mit seiner bahnbrechenden Deadbolt\u00ae-Innovation auch, dass in der Einfachheit beeindruckende Kraft steckt.<\/p>\n","protected":false},"featured_media":332120,"comment_status":"open","ping_status":"closed","template":"","meta":[],"pwb-brand":[3457],"product_brand":[],"product_cat":[3285,3303],"product_tag":[3669],"class_list":{"0":"post-332172","1":"product","2":"type-product","3":"status-publish","4":"has-post-thumbnail","6":"pwb-brand-crkt-de","7":"product_cat-messer","8":"product_cat-schliesmesser","9":"product_tag-b2b-de","11":"first","12":"instock","13":"taxable","14":"shipping-taxable","15":"purchasable","16":"product-type-simple"},"brands":[{"id":3457,"name":"CRKT","slug":"crkt-de"}],"_links":{"self":[{"href":"https:\/\/www.moskito.cz\/de\/wp-json\/wp\/v2\/product\/332172","targetHints":{"allow":["GET"]}}],"collection":[{"href":"https:\/\/www.moskito.cz\/de\/wp-json\/wp\/v2\/product"}],"about":[{"href":"https:\/\/www.moskito.cz\/de\/wp-json\/wp\/v2\/types\/product"}],"replies":[{"embeddable":true,"href":"https:\/\/www.moskito.cz\/de\/wp-json\/wp\/v2\/comments?post=332172"}],"wp:featuredmedia":[{"embeddable":true,"href":"https:\/\/www.moskito.cz\/de\/wp-json\/wp\/v2\/media\/332120"}],"wp:attachment":[{"href":"https:\/\/www.moskito.cz\/de\/wp-json\/wp\/v2\/media?parent=332172"}],"wp:term":[{"taxonomy":"pwb-brand","embeddable":true,"href":"https:\/\/www.moskito.cz\/de\/wp-json\/wp\/v2\/pwb-brand?post=332172"},{"taxonomy":"product_brand","embeddable":true,"href":"https:\/\/www.moskito.cz\/de\/wp-json\/wp\/v2\/product_brand?post=332172"},{"taxonomy":"product_cat","embeddable":true,"href":"https:\/\/www.moskito.cz\/de\/wp-json\/wp\/v2\/product_cat?post=332172"},{"taxonomy":"product_tag","embeddable":true,"href":"https:\/\/www.moskito.cz\/de\/wp-json\/wp\/v2\/product_tag?post=332172"}],"curies":[{"name":"wp","href":"https:\/\/api.w.org\/{rel}","templated":true}]}}