{"id":332287,"date":"2024-04-13T20:37:45","date_gmt":"2024-04-13T19:41:06","guid":{"rendered":"https:\/\/www.moskito.cz\/produkt\/crkt-carson-m4-02m-klappmesser\/"},"modified":"2025-05-07T11:10:57","modified_gmt":"2025-05-07T10:10:57","slug":"crkt-carson-m4-02m-klappmesser","status":"publish","type":"product","link":"https:\/\/www.moskito.cz\/de\/produkt\/crkt-carson-m4-02m-klappmesser\/","title":{"rendered":"CRKT Carson M4-02M Klappmesser"},"content":{"rendered":"<p><strong>CRKT<\/strong> Carson M4-02M Klappmesser.<\/p>\n<p>Der ma\u00dfgeschneiderte Messermacher und Mitglied der Messergilde Kit Carson ist weithin bekannt f\u00fcr sein M16\u00ae-Design, das wir in vielen CRKT-Serienmodellen anbieten. Doch seit 1990 ist Kits meistverkauftes Custom-Modell sein klassischer M4. Kit sagt auf seine \u00fcbliche unaufdringliche Art: \u201eMan k\u00f6nnte sagen, es ist mein Flaggschiff-Custom. Es ist einfach, mit einer Formverfolgungsfunktion. Keine Gimmicks, die schick aussehen, es aber nicht wert sind, in die Hand zu werfen. Erstellt von Ich bin viele.\u201c Variationen davon, von exotischen Sammlerst\u00fccken bis hin zu Arbeitstaktiken, in vielleicht 20 Versionen, aber ich fordere immer mehr die M4-Produktion.\u201c<\/p>\n<p>In diesem Jahr bietet CRKT das M4-Design in einer kleineren EDC-Gr\u00f6\u00dfe (Everyday Carry Kit) an. Der M4-02M ist mit wei\u00dfen, harzgetr\u00e4nkten Faserschalen und schwarzen G10-Kopfst\u00fctzen ausgestattet. Es ist ein sehr eleganter Look.<\/p>\n<p>W\u00e4hrend wir es entworfen haben, haben wir beschlossen, einen Mehrwert zu schaffen, indem wir eine patentierte OutBurst-f\u00e4hige \u00d6ffnung und einen klassischen Liner-Lock-Mechanismus anbieten. Erstellt bei Aktivierung nach dem \u00d6ffnen und Verriegeln der Klinge eine virtuelle feste Klinge.<\/p>\n<p>Der OutBurst-Mechanismus \u00f6ffnet die Klinge sofort vollst\u00e4ndig, nachdem Sie die Klinge um etwa 30 Grad ge\u00f6ffnet haben. M4-Modelle verf\u00fcgen \u00fcber zwei Daumenstifte zum einh\u00e4ndigen \u00d6ffnen beidh\u00e4ndig und Bronze- und Teflonlager am verstellbaren Klingenzapfen f\u00fcr eine reibungslose, schnelle Bewegung. Die 3,25-Zoll-Klinge ist eine stark hohle Schleifspitze aus hochwertigem 8Cr13MoV-Edelstahl mit perlgestrahlter Oberfl\u00e4che und rasiermesserscharfer Kante. Die robuste InterFrame-Konstruktion ist dem Kit-Design treu und verf\u00fcgt \u00fcber zwei Edelstahleins\u00e4tze, eine Verriegelung und einen hinteren Edelstahlabstandshalter. Alle M4-Modelle verf\u00fcgen \u00fcber hochgesetzte Taschen-\/Ausr\u00fcstungsclips.<\/p>\n<p>Hier haben Sie also ein praktisches EDC-Messer, das f\u00fcr alle Arten des Schneidens und Schnitzens nat\u00fcrlich in der Hand liegt. Wie das Kit ist es etwas unscheinbar, aber es ist ein Messer, zu dem man Jahr f\u00fcr Jahr zur\u00fcckkommt.<\/p>\n<p>Spezifikationen:<br \/>\nKlingenl\u00e4nge: 8,25 cm<br \/>\nGriffl\u00e4nge: 9,52 cm<br \/>\nGesamtl\u00e4nge: 17,78 cm<br \/>\nKlingenmaterial: Edelstahl 8Cr13MoV<br \/>\nKlingenstil: Drop Point<br \/>\nOberfl\u00e4chenbehandlung der Klinge: satiniert<br \/>\nGriffmaterial: Wei\u00dfe, harzimpr\u00e4gnierte Faser mit schwarzen G10-Pads<br \/>\nVerriegelungsmechanismus: Liner Lock<br \/>\nTaschenclip: hochklappbar, rechtsh\u00e4ndig zu tragen<br \/>\nGewicht: 3,30 Unzen. (93,55 g)<br \/>\nDesigner: Kit Carson<br \/>\nAusbruchsunterst\u00fctztes \u00d6ffnen<\/p>\n<p><iframe title=\"CRKT M4\u2122-02M | Kit Carson Design\" width=\"800\" height=\"450\" src=\"https:\/\/www.youtube.com\/embed\/Xs4asshwLgY?feature=oembed\" frameborder=\"0\" allow=\"accelerometer; autoplay; clipboard-write; encrypted-media; gyroscope; picture-in-picture; web-share\" referrerpolicy=\"strict-origin-when-cross-origin\" allowfullscreen><\/iframe><\/p>\n<p>&nbsp;<\/p>\n","protected":false},"excerpt":{"rendered":"<p>Hier haben Sie ein praktisches EDC-Messer, das f\u00fcr alle Arten des Schneidens und Schnitzens nat\u00fcrlich in der Hand liegt. Wie das Kit ist es etwas unscheinbar, aber es ist ein Messer, zu dem man Jahr f\u00fcr Jahr zur\u00fcckkommt.<\/p>\n","protected":false},"featured_media":332234,"comment_status":"open","ping_status":"closed","template":"","meta":[],"pwb-brand":[3457],"product_brand":[],"product_cat":[3285,3303],"product_tag":[3669],"class_list":{"0":"post-332287","1":"product","2":"type-product","3":"status-publish","4":"has-post-thumbnail","6":"pwb-brand-crkt-de","7":"product_cat-messer","8":"product_cat-schliesmesser","9":"product_tag-b2b-de","11":"first","12":"outofstock","13":"taxable","14":"shipping-taxable","15":"purchasable","16":"product-type-simple"},"brands":[{"id":3457,"name":"CRKT","slug":"crkt-de"}],"_links":{"self":[{"href":"https:\/\/www.moskito.cz\/de\/wp-json\/wp\/v2\/product\/332287","targetHints":{"allow":["GET"]}}],"collection":[{"href":"https:\/\/www.moskito.cz\/de\/wp-json\/wp\/v2\/product"}],"about":[{"href":"https:\/\/www.moskito.cz\/de\/wp-json\/wp\/v2\/types\/product"}],"replies":[{"embeddable":true,"href":"https:\/\/www.moskito.cz\/de\/wp-json\/wp\/v2\/comments?post=332287"}],"wp:featuredmedia":[{"embeddable":true,"href":"https:\/\/www.moskito.cz\/de\/wp-json\/wp\/v2\/media\/332234"}],"wp:attachment":[{"href":"https:\/\/www.moskito.cz\/de\/wp-json\/wp\/v2\/media?parent=332287"}],"wp:term":[{"taxonomy":"pwb-brand","embeddable":true,"href":"https:\/\/www.moskito.cz\/de\/wp-json\/wp\/v2\/pwb-brand?post=332287"},{"taxonomy":"product_brand","embeddable":true,"href":"https:\/\/www.moskito.cz\/de\/wp-json\/wp\/v2\/product_brand?post=332287"},{"taxonomy":"product_cat","embeddable":true,"href":"https:\/\/www.moskito.cz\/de\/wp-json\/wp\/v2\/product_cat?post=332287"},{"taxonomy":"product_tag","embeddable":true,"href":"https:\/\/www.moskito.cz\/de\/wp-json\/wp\/v2\/product_tag?post=332287"}],"curies":[{"name":"wp","href":"https:\/\/api.w.org\/{rel}","templated":true}]}}