{"id":332341,"date":"2024-04-13T20:54:49","date_gmt":"2024-04-13T19:57:12","guid":{"rendered":"https:\/\/www.moskito.cz\/produkt\/schliessmesser-crkt-6450d2\/"},"modified":"2025-05-07T11:10:58","modified_gmt":"2025-05-07T10:10:58","slug":"schliessmesser-crkt-6450d2","status":"publish","type":"product","link":"https:\/\/www.moskito.cz\/de\/produkt\/schliessmesser-crkt-6450d2\/","title":{"rendered":"Schlie\u00dfmesser CRKT 6450D2"},"content":{"rendered":"<p>Schlie\u00dfmesser <strong>CRKT<\/strong> 6450D2.<\/p>\n<p>Weichen Sie niemals vom Kurs ab.<\/p>\n<p>Wie der urspr\u00fcngliche Drifter-Fanliebling ist dieses Messer ein Alltagsmesser, das Ihnen die Arbeit abnimmt und Sie nicht im Stich l\u00e4sst. Jetzt mit D2-Klingenstahl ausgestattet, verf\u00fcgt es \u00fcber einen verbesserten Klingengriff, der langfristiger Abnutzung standh\u00e4lt. F\u00fcgen Sie einen wetterfesten G10-Griff, eine einfach zu bedienende Einhandbedienung mit Flipper und eine starke Einsatzverriegelung hinzu, und Sie haben ein abgerundetes Messer, das f\u00fcr eine Vielzahl von Aufgaben bereit ist.<\/p>\n<p>Spezifikationen:<br \/>\nKlingenl\u00e4nge: 7,30 cm<br \/>\nL\u00e4nge geschlossen: 9,29 cm<br \/>\nGesamtl\u00e4nge: 16,51 cm<br \/>\nKlingenmaterial: Werkzeugstahl D2<br \/>\nKlingenstil: Drop Point<br \/>\nKlingenschliff: Hohl<br \/>\nOberfl\u00e4chenbehandlung der Klinge: Stonewash<br \/>\nGriffmaterial: schwarzes G10<br \/>\nVerriegelungsmechanismus: Liner Lock<br \/>\nTaschenclip: Spitze nach unten, Abnutzung rechts<br \/>\nGewicht: 2,40 Unzen. (68,04 g)<\/p>\n<p><iframe title=\"CRKT Drifter Liner Lock\" width=\"800\" height=\"450\" src=\"https:\/\/www.youtube.com\/embed\/AYyOnaCyLQc?feature=oembed\" frameborder=\"0\" allow=\"accelerometer; autoplay; clipboard-write; encrypted-media; gyroscope; picture-in-picture; web-share\" referrerpolicy=\"strict-origin-when-cross-origin\" allowfullscreen><\/iframe><\/p>\n<p>&nbsp;<\/p>\n","protected":false},"excerpt":{"rendered":"<p>Wie der urspr\u00fcngliche Drifter-Fanliebling ist dieses Messer ein Alltagsmesser, das Ihnen die Arbeit abnimmt und Sie nicht im Stich l\u00e4sst.<\/p>\n","protected":false},"featured_media":332291,"comment_status":"open","ping_status":"closed","template":"","meta":[],"pwb-brand":[3457],"product_brand":[],"product_cat":[3303,3285],"product_tag":[3669],"class_list":{"0":"post-332341","1":"product","2":"type-product","3":"status-publish","4":"has-post-thumbnail","6":"pwb-brand-crkt-de","7":"product_cat-schliesmesser","8":"product_cat-messer","9":"product_tag-b2b-de","11":"first","12":"instock","13":"taxable","14":"shipping-taxable","15":"purchasable","16":"product-type-simple"},"brands":[{"id":3457,"name":"CRKT","slug":"crkt-de"}],"_links":{"self":[{"href":"https:\/\/www.moskito.cz\/de\/wp-json\/wp\/v2\/product\/332341","targetHints":{"allow":["GET"]}}],"collection":[{"href":"https:\/\/www.moskito.cz\/de\/wp-json\/wp\/v2\/product"}],"about":[{"href":"https:\/\/www.moskito.cz\/de\/wp-json\/wp\/v2\/types\/product"}],"replies":[{"embeddable":true,"href":"https:\/\/www.moskito.cz\/de\/wp-json\/wp\/v2\/comments?post=332341"}],"wp:featuredmedia":[{"embeddable":true,"href":"https:\/\/www.moskito.cz\/de\/wp-json\/wp\/v2\/media\/332291"}],"wp:attachment":[{"href":"https:\/\/www.moskito.cz\/de\/wp-json\/wp\/v2\/media?parent=332341"}],"wp:term":[{"taxonomy":"pwb-brand","embeddable":true,"href":"https:\/\/www.moskito.cz\/de\/wp-json\/wp\/v2\/pwb-brand?post=332341"},{"taxonomy":"product_brand","embeddable":true,"href":"https:\/\/www.moskito.cz\/de\/wp-json\/wp\/v2\/product_brand?post=332341"},{"taxonomy":"product_cat","embeddable":true,"href":"https:\/\/www.moskito.cz\/de\/wp-json\/wp\/v2\/product_cat?post=332341"},{"taxonomy":"product_tag","embeddable":true,"href":"https:\/\/www.moskito.cz\/de\/wp-json\/wp\/v2\/product_tag?post=332341"}],"curies":[{"name":"wp","href":"https:\/\/api.w.org\/{rel}","templated":true}]}}