{"id":332403,"date":"2024-04-13T21:15:15","date_gmt":"2024-04-13T20:17:25","guid":{"rendered":"https:\/\/www.moskito.cz\/produkt\/schliessmesser-crkt-homefront-compact-k245bkp\/"},"modified":"2025-05-07T11:11:00","modified_gmt":"2025-05-07T10:11:00","slug":"schliessmesser-crkt-homefront-compact-k245bkp","status":"publish","type":"product","link":"https:\/\/www.moskito.cz\/de\/produkt\/schliessmesser-crkt-homefront-compact-k245bkp\/","title":{"rendered":"Schlie\u00dfmesser CRKT Homefront Compact K245BKP"},"content":{"rendered":"<p>Schlie\u00dfmesser <strong>CRKT<\/strong> Homefront Compact K245BKP.<\/p>\n<p>Das Aussehen eines klassischen Messers aus dem Zweiten Weltkrieg mit dem Schnitt und der Verarbeitung eines modernen Favoriten.<\/p>\n<p>Die High-End-Version des beeindruckenden Originals, Ken Onions Homefront Compact, ist ein edles Klappmesser mit Liner-Lock. Es verf\u00fcgt \u00fcber eine k\u00fcrzere Drop-Point-Klinge aus hochwertigem CPM-S35VN-Edelstahl und verf\u00fcgt \u00fcber Details wie eine traditionelle Flossen\u00f6ffnung ohne Unterst\u00fctzung und eine Fangriemen\u00f6se zur einfachen Individualisierung des Anh\u00e4ngers. Die schwarze DLC-beschichtete Klinge im Kontrast zum leichten G10-Griff verleiht dieser Alltagstasche einen auff\u00e4lligen Look.<\/p>\n<p>Spezifikationen:<br \/>\nKlingenl\u00e4nge: 7,34 cm<br \/>\nL\u00e4nge geschlossen: 9,76 cm<br \/>\nGesamtl\u00e4nge: 17,11 cm<br \/>\nKlingenmaterial: CPM-S35VN Edelstahl<br \/>\nKlingenstil: Drop Point<br \/>\nKlingenfinish: Schwarz DLC<br \/>\nGriffmaterial: G10 mit Aluminiumst\u00fctzen<br \/>\nVerriegelungsmechanismus: Liner Lock<br \/>\nTaschenclip: Edelstahl (herausklappbar, rechtsh\u00e4ndig zu tragen)<br \/>\nDesigner: Ken Onion<br \/>\nGewicht: 3,00 Unzen. (85,05 g)<\/p>\n<p><iframe title=\"CRKT Homefront\u2122 Compact | Ken Onion Design\" width=\"800\" height=\"450\" src=\"https:\/\/www.youtube.com\/embed\/vnoEItMchdk?feature=oembed\" frameborder=\"0\" allow=\"accelerometer; autoplay; clipboard-write; encrypted-media; gyroscope; picture-in-picture; web-share\" referrerpolicy=\"strict-origin-when-cross-origin\" allowfullscreen><\/iframe><\/p>\n<p>&nbsp;<\/p>\n","protected":false},"excerpt":{"rendered":"<p>DESIGNER<br \/>\nKen Onion<br \/>\nKaneohe, Hawaii<br \/>\nKen ist der echte Deal. Ken, der j\u00fcngste Neuzugang, der 2008 in die Blade Magazine Hall of Fame aufgenommen wurde, gilt als einer der innovativsten und erfolgreichsten Messerdesigner aller Zeiten. 1996 entwickelte er den ersten kommerziell erfolgreichen unterst\u00fctzten \u00d6ffnungsmechanismus und stellte 20 Jahre sp\u00e4ter seine preisgekr\u00f6nte Field Strip-Technologie vor. Jetzt setzt diese weltver\u00e4ndernde Innovation mit der Field Strip Gen II-Technologie einen neuen Standard, eine Wiedergeburt, die ihrem Namen alle Ehre machen muss.<\/p>\n<p>Kostenloser Transport.<\/p>\n","protected":false},"featured_media":332349,"comment_status":"open","ping_status":"closed","template":"","meta":[],"pwb-brand":[3457],"product_brand":[],"product_cat":[3303,3285],"product_tag":[3669],"class_list":{"0":"post-332403","1":"product","2":"type-product","3":"status-publish","4":"has-post-thumbnail","6":"pwb-brand-crkt-de","7":"product_cat-schliesmesser","8":"product_cat-messer","9":"product_tag-b2b-de","11":"first","12":"instock","13":"sale","14":"taxable","15":"shipping-taxable","16":"purchasable","17":"product-type-simple"},"brands":[{"id":3457,"name":"CRKT","slug":"crkt-de"}],"_links":{"self":[{"href":"https:\/\/www.moskito.cz\/de\/wp-json\/wp\/v2\/product\/332403","targetHints":{"allow":["GET"]}}],"collection":[{"href":"https:\/\/www.moskito.cz\/de\/wp-json\/wp\/v2\/product"}],"about":[{"href":"https:\/\/www.moskito.cz\/de\/wp-json\/wp\/v2\/types\/product"}],"replies":[{"embeddable":true,"href":"https:\/\/www.moskito.cz\/de\/wp-json\/wp\/v2\/comments?post=332403"}],"wp:featuredmedia":[{"embeddable":true,"href":"https:\/\/www.moskito.cz\/de\/wp-json\/wp\/v2\/media\/332349"}],"wp:attachment":[{"href":"https:\/\/www.moskito.cz\/de\/wp-json\/wp\/v2\/media?parent=332403"}],"wp:term":[{"taxonomy":"pwb-brand","embeddable":true,"href":"https:\/\/www.moskito.cz\/de\/wp-json\/wp\/v2\/pwb-brand?post=332403"},{"taxonomy":"product_brand","embeddable":true,"href":"https:\/\/www.moskito.cz\/de\/wp-json\/wp\/v2\/product_brand?post=332403"},{"taxonomy":"product_cat","embeddable":true,"href":"https:\/\/www.moskito.cz\/de\/wp-json\/wp\/v2\/product_cat?post=332403"},{"taxonomy":"product_tag","embeddable":true,"href":"https:\/\/www.moskito.cz\/de\/wp-json\/wp\/v2\/product_tag?post=332403"}],"curies":[{"name":"wp","href":"https:\/\/api.w.org\/{rel}","templated":true}]}}