{"id":332689,"date":"2024-04-14T20:14:08","date_gmt":"2024-04-14T19:16:55","guid":{"rendered":"https:\/\/www.moskito.cz\/produkt\/verteidigungsstift-crkt-williams-grivory-tpenwbg\/"},"modified":"2025-05-07T11:11:10","modified_gmt":"2025-05-07T10:11:10","slug":"verteidigungsstift-crkt-williams-grivory-tpenwbg","status":"publish","type":"product","link":"https:\/\/www.moskito.cz\/de\/produkt\/verteidigungsstift-crkt-williams-grivory-tpenwbg\/","title":{"rendered":"Verteidigungsstift CRKT Williams Grivory TPENWBG"},"content":{"rendered":"<p>Verteidigungsstift <strong>CRKT<\/strong> Williams Grivory TPENWBG<\/p>\n<p>F\u00fcr alle anderen sind sie stilvolle Schreibger\u00e4te mit all den subtilen Funktionen, die Sie von einem guten Stift erwarten w\u00fcrden, aber f\u00fcr Sie sind sie mehr als das. James Williams, ein ehemaliger Armeeoffizier und Kampfsportlehrer, hat sein Design-Know-how auf den Williams Defence Pencil \u00fcbertragen. F\u00fcr diejenigen unter Ihnen, die mit Hissatsu und Hisshou vertraut sind, ist dieses neue Design von James Williams mit Sicherheit eine willkommene Erg\u00e4nzung Ihres Verteidigungsarsenals.<\/p>\n<p>Mit einigen grundlegenden Anweisungen oder Kenntnissen k\u00f6nnen Stifte leicht gegen einen oder mehrere Angreifer eingesetzt werden, um ihnen Warnungen, Schmerzen oder Verletzungen zuzuf\u00fcgen \u2013 und so eine ansonsten m\u00f6glicherweise wehrlose Handlung zu vereiteln.<\/p>\n<p>Und sie sind einfach gro\u00dfartige Schreibwerkzeuge.<\/p>\n<p>Spezifikationen:<br \/>\nGesamtl\u00e4nge: 15,22 cm<br \/>\nKartusche: SCHMIDT MegaLine 4889M<br \/>\nGeh\u00e4usematerial: Graues Grivory<br \/>\nGewicht: 0,80 Unzen. (22,68 g)<\/p>\n<p><iframe title=\"CRKT Williams Defense Pen Grivory\u00ae | James Williams Design\" width=\"800\" height=\"450\" src=\"https:\/\/www.youtube.com\/embed\/F4qAloNI9j4?feature=oembed\" frameborder=\"0\" allow=\"accelerometer; autoplay; clipboard-write; encrypted-media; gyroscope; picture-in-picture; web-share\" referrerpolicy=\"strict-origin-when-cross-origin\" allowfullscreen><\/iframe><\/p>\n<p>&nbsp;<\/p>\n","protected":false},"excerpt":{"rendered":"<p>DESIGNER<br \/>\nJames Williams<br \/>\nVass, North Carolina<br \/>\nSie wollen sich nicht mit Sensei James Williams anlegen. Ein ehemaliger Offizier der US-Armee mit \u00fcber 50 Jahren Kampfsporterfahrung entwickelte das \u201eSystem of Strategy\u201c. Es handelt sich um einen einzigartigen Ansatz f\u00fcr den unbewaffneten Kampf, der Spezialeinheiten und Strafverfolgungsbeh\u00f6rden auf der ganzen Welt beigebracht wird. Wenn er jedoch bewaffnet ist, f\u00fchrt er die Klingen, die er geschaffen hat, wie die massiven Hisshou\u00ae- und Hissatsu\u2122-Klingen, das Shizuka noh Ken\u2122 und das mittlerweile legend\u00e4re Hissatsu\u2122.<\/p>\n","protected":false},"featured_media":332623,"comment_status":"open","ping_status":"closed","template":"","meta":[],"pwb-brand":[3457],"product_brand":[],"product_cat":[3285,3303],"product_tag":[3669],"class_list":{"0":"post-332689","1":"product","2":"type-product","3":"status-publish","4":"has-post-thumbnail","6":"pwb-brand-crkt-de","7":"product_cat-messer","8":"product_cat-schliesmesser","9":"product_tag-b2b-de","11":"first","12":"instock","13":"taxable","14":"shipping-taxable","15":"purchasable","16":"product-type-simple"},"brands":[{"id":3457,"name":"CRKT","slug":"crkt-de"}],"_links":{"self":[{"href":"https:\/\/www.moskito.cz\/de\/wp-json\/wp\/v2\/product\/332689","targetHints":{"allow":["GET"]}}],"collection":[{"href":"https:\/\/www.moskito.cz\/de\/wp-json\/wp\/v2\/product"}],"about":[{"href":"https:\/\/www.moskito.cz\/de\/wp-json\/wp\/v2\/types\/product"}],"replies":[{"embeddable":true,"href":"https:\/\/www.moskito.cz\/de\/wp-json\/wp\/v2\/comments?post=332689"}],"wp:featuredmedia":[{"embeddable":true,"href":"https:\/\/www.moskito.cz\/de\/wp-json\/wp\/v2\/media\/332623"}],"wp:attachment":[{"href":"https:\/\/www.moskito.cz\/de\/wp-json\/wp\/v2\/media?parent=332689"}],"wp:term":[{"taxonomy":"pwb-brand","embeddable":true,"href":"https:\/\/www.moskito.cz\/de\/wp-json\/wp\/v2\/pwb-brand?post=332689"},{"taxonomy":"product_brand","embeddable":true,"href":"https:\/\/www.moskito.cz\/de\/wp-json\/wp\/v2\/product_brand?post=332689"},{"taxonomy":"product_cat","embeddable":true,"href":"https:\/\/www.moskito.cz\/de\/wp-json\/wp\/v2\/product_cat?post=332689"},{"taxonomy":"product_tag","embeddable":true,"href":"https:\/\/www.moskito.cz\/de\/wp-json\/wp\/v2\/product_tag?post=332689"}],"curies":[{"name":"wp","href":"https:\/\/api.w.org\/{rel}","templated":true}]}}