{"id":332801,"date":"2024-04-14T20:57:36","date_gmt":"2024-04-14T19:59:29","guid":{"rendered":"https:\/\/www.moskito.cz\/produkt\/crkt-spannzangenstift-tpenwu\/"},"modified":"2025-05-07T11:11:12","modified_gmt":"2025-05-07T10:11:12","slug":"crkt-spannzangenstift-tpenwu","status":"publish","type":"product","link":"https:\/\/www.moskito.cz\/de\/produkt\/crkt-spannzangenstift-tpenwu\/","title":{"rendered":"CRKT Spannzangenstift TPENWU"},"content":{"rendered":"<p><strong>CRKT<\/strong> Spannzangenstift TPENWU<\/p>\n<p>Der Collet Pen kombiniert ein \u00fcberallhin mitzunehmendes Schreibger\u00e4t mit einem flexiblen Gravurwerkzeug in einem attraktiven und leichten Aluminiumgeh\u00e4use. Unter der hinteren Abdeckung verbirgt sich eine Wolframkarbidnadel, die stark genug ist, um die meisten harten Materialien zu markieren. Es wird von einer Spannzange gehalten, die jede Art von optionalem Gravurwerkzeug aufnehmen kann.<\/p>\n<p>Und es ist einfach ein gro\u00dfartiges Schreibger\u00e4t.<\/p>\n<p>Spezifikationen:<br \/>\nGesamtl\u00e4nge: 13,8 cm<br \/>\nMaterial: graues Aluminium<br \/>\nGewicht: 1,10 Unzen. (31,18 g)<br \/>\nTonabnehmer: Schmidt MegaLine 4876 M<br \/>\nDesigner: Joe Wu<br \/>\nEntworfen in Mountain View, Kalifornien<\/p>\n<p>&nbsp;<\/p>\n","protected":false},"excerpt":{"rendered":"<p>DESIGNER<br \/>\nJoe Wu<br \/>\nMountain View, Kalifornien<br \/>\nJoe Wu t\u00fcftelte st\u00e4ndig und suchte nach neuen M\u00f6glichkeiten, bestehende Designs zu verbessern. Er begann seine Karriere im Produktdesign bei Scout Leather Co. indem wir Produkte herstellen, die auf pers\u00f6nlichen Bed\u00fcrfnissen und Erfahrungen basieren. In den letzten Jahren hat er seine Ideen aufgegriffen und seine Gesch\u00e4ftsf\u00e4higkeiten mithilfe traditioneller Methoden und eines modernen Ansatzes verfeinert. Seine Designs und Ideen basieren auf Einfachheit und Benutzererfahrung. Gutes Design muss nicht kompliziert sein.<\/p>\n","protected":false},"featured_media":332764,"comment_status":"open","ping_status":"closed","template":"","meta":[],"pwb-brand":[3457],"product_brand":[],"product_cat":[3285,3303],"product_tag":[3669],"class_list":{"0":"post-332801","1":"product","2":"type-product","3":"status-publish","4":"has-post-thumbnail","6":"pwb-brand-crkt-de","7":"product_cat-messer","8":"product_cat-schliesmesser","9":"product_tag-b2b-de","11":"first","12":"instock","13":"taxable","14":"shipping-taxable","15":"purchasable","16":"product-type-simple"},"brands":[{"id":3457,"name":"CRKT","slug":"crkt-de"}],"_links":{"self":[{"href":"https:\/\/www.moskito.cz\/de\/wp-json\/wp\/v2\/product\/332801","targetHints":{"allow":["GET"]}}],"collection":[{"href":"https:\/\/www.moskito.cz\/de\/wp-json\/wp\/v2\/product"}],"about":[{"href":"https:\/\/www.moskito.cz\/de\/wp-json\/wp\/v2\/types\/product"}],"replies":[{"embeddable":true,"href":"https:\/\/www.moskito.cz\/de\/wp-json\/wp\/v2\/comments?post=332801"}],"wp:featuredmedia":[{"embeddable":true,"href":"https:\/\/www.moskito.cz\/de\/wp-json\/wp\/v2\/media\/332764"}],"wp:attachment":[{"href":"https:\/\/www.moskito.cz\/de\/wp-json\/wp\/v2\/media?parent=332801"}],"wp:term":[{"taxonomy":"pwb-brand","embeddable":true,"href":"https:\/\/www.moskito.cz\/de\/wp-json\/wp\/v2\/pwb-brand?post=332801"},{"taxonomy":"product_brand","embeddable":true,"href":"https:\/\/www.moskito.cz\/de\/wp-json\/wp\/v2\/product_brand?post=332801"},{"taxonomy":"product_cat","embeddable":true,"href":"https:\/\/www.moskito.cz\/de\/wp-json\/wp\/v2\/product_cat?post=332801"},{"taxonomy":"product_tag","embeddable":true,"href":"https:\/\/www.moskito.cz\/de\/wp-json\/wp\/v2\/product_tag?post=332801"}],"curies":[{"name":"wp","href":"https:\/\/api.w.org\/{rel}","templated":true}]}}