{"id":332847,"date":"2022-06-30T21:01:54","date_gmt":"2022-06-30T20:01:54","guid":{"rendered":"https:\/\/www.moskito.cz\/produkt\/verschlussmesser-extrema-ratio-resolza-12-stone-washed\/"},"modified":"2025-05-07T11:11:14","modified_gmt":"2025-05-07T10:11:14","slug":"verschlussmesser-extrema-ratio-resolza-12-stone-washed","status":"publish","type":"product","link":"https:\/\/www.moskito.cz\/de\/produkt\/verschlussmesser-extrema-ratio-resolza-12-stone-washed\/","title":{"rendered":"Verschlussmesser Extrema Ratio Resolza 12 Stone Washed"},"content":{"rendered":"<p>Verschlussmesser <strong>Extrema Ratio<\/strong> Resolza 12 Stone Washed<\/p>\n<p>RESOLZA, ein Begriff antiken Ursprungs, ist heute eines der ber\u00fchmtesten Traditionsmesser unseres Landes. Es ist kein Zufall, dass der Name auf ein Rasiermesser schlie\u00dfen l\u00e4sst. Vor Jahrhunderten auf Sardinien geboren, begleitet es seine Bewohner noch heute bei ihrer t\u00e4glichen Arbeit als Bauern und Hirten und folgt ihnen auch dann, wenn ihre M\u00e4nner in den Krieg gerufen werden. Chroniken der Sassari-Brigade w\u00e4hrend des Ersten Weltkriegs erw\u00e4hnen dieses Messer in der Ausr\u00fcstung ihrer Soldaten. Wir wollten ihm Tribut zollen, indem wir es nach unseren Grunds\u00e4tzen neu interpretierten, ohne den angesehenen sardischen Handwerkern, die noch immer die Tradition und Weisheit ihrer Vorfahren weitergeben, etwas zu schaden. Die Abmessungen und Proportionen entsprechen der originalen 12-cm-Klinge, die Materialien und die Technik stammen jedoch aus unserer Produktion. In unserem Stil \u00fcberarbeiteter Griff, traditionsgetreue Klinge. Zus\u00e4tzlich zum Original verf\u00fcgt es \u00fcber eine Klingenarretierung an der \u00d6ffnung. Erh\u00e4ltlich in den Versionen RESOLZA BLACK und RESOLZA STONE WASHED.<\/p>\n<p>GEWICHT G: 93<br \/>\nGEWICHT VON OZ.: 3,3<br \/>\nKLINGENL\u00c4NGE (MM): 122<br \/>\nKLINGENL\u00c4NGE (IN): 4,8<br \/>\nGESAMTL\u00c4NGE (MM): 268<br \/>\nGESAMTL\u00c4NGE (H): 10,6<br \/>\nKLINGENST\u00c4RKE (MM): 3<br \/>\nKLINGENST\u00c4RKE (IN): 0,12<br \/>\nKLINGENMATERIAL: B\u00d6HLER N690 STAHL (58HRC)<br \/>\nKLINGENFINISH: STONE WASHED<br \/>\nKLINGENPFEIL: FLACHDRAHT<br \/>\nGRIFFMATERIAL: ELOXIERTES ANTIKORRODALES ALUMINIUM<\/p>\n<p>&nbsp;<\/p>\n","protected":false},"excerpt":{"rendered":"<p><strong>Extrema Ratio mit Sitz in Prato, Italien,<\/strong> entwirft und produziert seit 1997 leistungsstarke Kampf-, Milit\u00e4r-, K\u00fcchen-, Jagd- und taktische Messer und genie\u00dft einen Ruf f\u00fcr \u00fcberlegene Qualit\u00e4t, die in der Milit\u00e4r- und taktischen Messerbranche ihresgleichen sucht. <strong>Kostenloser Transport<\/strong> .<\/p>\n","protected":false},"featured_media":332848,"comment_status":"open","ping_status":"closed","template":"","meta":[],"pwb-brand":[3539],"product_brand":[],"product_cat":[3303,3285],"product_tag":[3669],"class_list":{"0":"post-332847","1":"product","2":"type-product","3":"status-publish","4":"has-post-thumbnail","6":"pwb-brand-extrema-verhaltnis","7":"product_cat-schliesmesser","8":"product_cat-messer","9":"product_tag-b2b-de","11":"first","12":"instock","13":"taxable","14":"shipping-taxable","15":"purchasable","16":"product-type-simple"},"brands":[{"id":3539,"name":"Extrema-Verh\u00e4ltnis","slug":"extrema-verhaltnis"}],"_links":{"self":[{"href":"https:\/\/www.moskito.cz\/de\/wp-json\/wp\/v2\/product\/332847","targetHints":{"allow":["GET"]}}],"collection":[{"href":"https:\/\/www.moskito.cz\/de\/wp-json\/wp\/v2\/product"}],"about":[{"href":"https:\/\/www.moskito.cz\/de\/wp-json\/wp\/v2\/types\/product"}],"replies":[{"embeddable":true,"href":"https:\/\/www.moskito.cz\/de\/wp-json\/wp\/v2\/comments?post=332847"}],"wp:featuredmedia":[{"embeddable":true,"href":"https:\/\/www.moskito.cz\/de\/wp-json\/wp\/v2\/media\/332848"}],"wp:attachment":[{"href":"https:\/\/www.moskito.cz\/de\/wp-json\/wp\/v2\/media?parent=332847"}],"wp:term":[{"taxonomy":"pwb-brand","embeddable":true,"href":"https:\/\/www.moskito.cz\/de\/wp-json\/wp\/v2\/pwb-brand?post=332847"},{"taxonomy":"product_brand","embeddable":true,"href":"https:\/\/www.moskito.cz\/de\/wp-json\/wp\/v2\/product_brand?post=332847"},{"taxonomy":"product_cat","embeddable":true,"href":"https:\/\/www.moskito.cz\/de\/wp-json\/wp\/v2\/product_cat?post=332847"},{"taxonomy":"product_tag","embeddable":true,"href":"https:\/\/www.moskito.cz\/de\/wp-json\/wp\/v2\/product_tag?post=332847"}],"curies":[{"name":"wp","href":"https:\/\/api.w.org\/{rel}","templated":true}]}}