{"id":333063,"date":"2022-10-30T21:12:13","date_gmt":"2022-10-30T20:12:13","guid":{"rendered":"https:\/\/www.moskito.cz\/produkt\/schliessmesser-extrema-ratio-bf2-r-ct-desert\/"},"modified":"2026-03-17T14:22:35","modified_gmt":"2026-03-17T13:22:35","slug":"schliessmesser-extrema-ratio-bf2-r-ct-desert","status":"publish","type":"product","link":"https:\/\/www.moskito.cz\/de\/produkt\/schliessmesser-extrema-ratio-bf2-r-ct-desert\/","title":{"rendered":"Schlie\u00dfmesser Extrema Ratio BF2 R CT DESERT"},"content":{"rendered":"<p>Schlie\u00dfmesser Extrema Ratio BF2 R CT DESERT.<\/p>\n<p>Das Extrema Ratio BF2 R CT Desert ist ein Klappmesser, das sich besonders f\u00fcr den professionellen Einsatz durch Milit\u00e4r- oder Polizeipersonal eignet. Es hat eine Klinge mit glatter Schneide aus BOHLER N690-Stahl in der Farbe Desert Warfare Grau-Sand. Es \u00f6ffnet sich mit dem Hochgeschwindigkeits-Razor-\u00d6ffnungssystem und wird durch einen Linerlock mit sekund\u00e4rem Verriegelungsmechanismus gesichert. Der Griff besteht aus sandfarben eloxiertem Aluminium mit Taschenclip.<\/p>\n<p>Klingenmaterial: N690<br \/>\n Griffmaterial: Aluminium<br \/>\n Sicherung: Linerlock<br \/>\n Klingenl\u00e4nge: 9 cm<br \/>\n Gesamtl\u00e4nge: 21,5 cm<br \/>\n Griffl\u00e4nge: 12,5 cm<br \/>\n Klingenst\u00e4rke: 3 mm<br \/>\n Gewicht: 140g<br \/>\n Verwendung: Taktisch<\/p>\n","protected":false},"excerpt":{"rendered":"<p>Extrema Ratio mit Sitz in Prato, Italien, entwirft und produziert seit 1997 leistungsstarke Kampf-, Milit\u00e4r-, K\u00fcchen-, Jagd- und taktische Messer und genie\u00dft einen Ruf f\u00fcr \u00fcberlegene Qualit\u00e4t, die in der Milit\u00e4r- und taktischen Messerbranche ihresgleichen sucht. <strong>Kostenloser Versand.<\/strong><\/p>\n","protected":false},"featured_media":333064,"comment_status":"open","ping_status":"closed","template":"","meta":[],"pwb-brand":[3539],"product_brand":[],"product_cat":[3303,3285],"product_tag":[3669],"class_list":{"0":"post-333063","1":"product","2":"type-product","3":"status-publish","4":"has-post-thumbnail","6":"pwb-brand-extrema-verhaltnis","7":"product_cat-schliesmesser","8":"product_cat-messer","9":"product_tag-b2b-de","11":"first","12":"instock","13":"taxable","14":"shipping-taxable","15":"purchasable","16":"product-type-simple"},"brands":[{"id":3539,"name":"Extrema-Verh\u00e4ltnis","slug":"extrema-verhaltnis"}],"_links":{"self":[{"href":"https:\/\/www.moskito.cz\/de\/wp-json\/wp\/v2\/product\/333063","targetHints":{"allow":["GET"]}}],"collection":[{"href":"https:\/\/www.moskito.cz\/de\/wp-json\/wp\/v2\/product"}],"about":[{"href":"https:\/\/www.moskito.cz\/de\/wp-json\/wp\/v2\/types\/product"}],"replies":[{"embeddable":true,"href":"https:\/\/www.moskito.cz\/de\/wp-json\/wp\/v2\/comments?post=333063"}],"wp:featuredmedia":[{"embeddable":true,"href":"https:\/\/www.moskito.cz\/de\/wp-json\/wp\/v2\/media\/333064"}],"wp:attachment":[{"href":"https:\/\/www.moskito.cz\/de\/wp-json\/wp\/v2\/media?parent=333063"}],"wp:term":[{"taxonomy":"pwb-brand","embeddable":true,"href":"https:\/\/www.moskito.cz\/de\/wp-json\/wp\/v2\/pwb-brand?post=333063"},{"taxonomy":"product_brand","embeddable":true,"href":"https:\/\/www.moskito.cz\/de\/wp-json\/wp\/v2\/product_brand?post=333063"},{"taxonomy":"product_cat","embeddable":true,"href":"https:\/\/www.moskito.cz\/de\/wp-json\/wp\/v2\/product_cat?post=333063"},{"taxonomy":"product_tag","embeddable":true,"href":"https:\/\/www.moskito.cz\/de\/wp-json\/wp\/v2\/product_tag?post=333063"}],"curies":[{"name":"wp","href":"https:\/\/api.w.org\/{rel}","templated":true}]}}