{"id":333070,"date":"2022-06-09T12:36:43","date_gmt":"2024-04-15T10:03:30","guid":{"rendered":"https:\/\/www.moskito.cz\/produkt\/extrema-ratio-bf1-ct-desert-warfare-klappmesser\/"},"modified":"2025-05-07T11:11:20","modified_gmt":"2025-05-07T10:11:20","slug":"extrema-ratio-bf1-ct-desert-warfare-klappmesser","status":"publish","type":"product","link":"https:\/\/www.moskito.cz\/de\/produkt\/extrema-ratio-bf1-ct-desert-warfare-klappmesser\/","title":{"rendered":"Extrema Ratio BF1 CT DESERT WARFARE Klappmesser"},"content":{"rendered":"<p><strong>Extrema Ratio<\/strong> BF1 CT DESERT WARFARE Klappmesser.<\/p>\n<p>BF1 ist ein Klappmesser f\u00fcr den t\u00e4glichen Gebrauch: einfach, notwendig und funktional. Die Klinge ist poliert, hat einen Flachschliff und eine starke, langlebige Spitze. Die charakteristischen abgesenkten flachen Bereiche im Griff \u2013 ebenfalls schwarz poliert \u2013 erm\u00f6glichen den Zugang zu den \u00d6ffnungsstiften, die im geschlossenen Zustand nicht aus dem Messer herausragen. Der doppelseitige Clip befindet sich auf der R\u00fcckseite der Klinge und nimmt die Haare auf \u2013 f\u00fcr ein diskretes Tragegef\u00fchl. Es nutzt das bew\u00e4hrte Klingenverriegelungssystem LINER-LOCK. Verf\u00fcgbare Versionen: BF1 CT BLACK, BF1 CT BLACK ROUGH, BF1 CT DESERT WARFARE, BF1 CD BLACK, BF1 CD BLACK ROUGH, BF1 CD DESERT WARFARE.<\/p>\n<p>Gewicht g: 88<br \/>\nGewicht: 3,1 Unzen<br \/>\nKlingenl\u00e4nge (mm): 69<br \/>\nKlingenl\u00e4nge (Zoll): 2,7<br \/>\nGesamtl\u00e4nge (mm): 171<br \/>\nGesamtl\u00e4nge (Zoll): 6,7<br \/>\nKlingenst\u00e4rke (mm): 3<br \/>\nKlingenst\u00e4rke (Zoll): 0,12<br \/>\nKlingenmaterial: B\u00f6HLER N690 STAHL (58HRC)<br \/>\nKlingenfinish: DESERT WARFARE<br \/>\nHauptgitter: FLACH<br \/>\nGriffmaterial: KORROSIONSSCHUTZALUMINIUM<\/p>\n<p>&nbsp;<\/p>\n","protected":false},"excerpt":{"rendered":"<p><strong>Extrema Ratio mit Sitz in Prato, Italien,<\/strong> entwirft und produziert seit 1997 leistungsstarke Kampf-, Milit\u00e4r-, K\u00fcchen-, Jagd- und taktische Messer und genie\u00dft einen Ruf f\u00fcr \u00fcberlegene Qualit\u00e4t, die in der Milit\u00e4r- und taktischen Messerbranche ihresgleichen sucht. <strong>Kostenloser Transport<\/strong> .<\/p>\n","protected":false},"featured_media":333071,"comment_status":"open","ping_status":"closed","template":"","meta":[],"pwb-brand":[3539],"product_brand":[],"product_cat":[3285,3303],"product_tag":[3669],"class_list":{"0":"post-333070","1":"product","2":"type-product","3":"status-publish","4":"has-post-thumbnail","6":"pwb-brand-extrema-verhaltnis","7":"product_cat-messer","8":"product_cat-schliesmesser","9":"product_tag-b2b-de","11":"first","12":"instock","13":"taxable","14":"shipping-taxable","15":"purchasable","16":"product-type-simple"},"brands":[{"id":3539,"name":"Extrema-Verh\u00e4ltnis","slug":"extrema-verhaltnis"}],"_links":{"self":[{"href":"https:\/\/www.moskito.cz\/de\/wp-json\/wp\/v2\/product\/333070","targetHints":{"allow":["GET"]}}],"collection":[{"href":"https:\/\/www.moskito.cz\/de\/wp-json\/wp\/v2\/product"}],"about":[{"href":"https:\/\/www.moskito.cz\/de\/wp-json\/wp\/v2\/types\/product"}],"replies":[{"embeddable":true,"href":"https:\/\/www.moskito.cz\/de\/wp-json\/wp\/v2\/comments?post=333070"}],"wp:featuredmedia":[{"embeddable":true,"href":"https:\/\/www.moskito.cz\/de\/wp-json\/wp\/v2\/media\/333071"}],"wp:attachment":[{"href":"https:\/\/www.moskito.cz\/de\/wp-json\/wp\/v2\/media?parent=333070"}],"wp:term":[{"taxonomy":"pwb-brand","embeddable":true,"href":"https:\/\/www.moskito.cz\/de\/wp-json\/wp\/v2\/pwb-brand?post=333070"},{"taxonomy":"product_brand","embeddable":true,"href":"https:\/\/www.moskito.cz\/de\/wp-json\/wp\/v2\/product_brand?post=333070"},{"taxonomy":"product_cat","embeddable":true,"href":"https:\/\/www.moskito.cz\/de\/wp-json\/wp\/v2\/product_cat?post=333070"},{"taxonomy":"product_tag","embeddable":true,"href":"https:\/\/www.moskito.cz\/de\/wp-json\/wp\/v2\/product_tag?post=333070"}],"curies":[{"name":"wp","href":"https:\/\/api.w.org\/{rel}","templated":true}]}}