{"id":333087,"date":"2022-10-30T22:29:00","date_gmt":"2024-04-15T10:05:54","guid":{"rendered":"https:\/\/www.moskito.cz\/produkt\/schliessmesser-extrema-ratio-bf2-r-ct-stone-washed\/"},"modified":"2025-05-07T11:11:21","modified_gmt":"2025-05-07T10:11:21","slug":"schliessmesser-extrema-ratio-bf2-r-ct-stone-washed","status":"publish","type":"product","link":"https:\/\/www.moskito.cz\/de\/produkt\/schliessmesser-extrema-ratio-bf2-r-ct-stone-washed\/","title":{"rendered":"Schlie\u00dfmesser Extrema Ratio BF2 R CT STONE WASHED"},"content":{"rendered":"<p>Schlie\u00dfmesser <strong>Extrema Ratio<\/strong> BF2 R CT STONE WASHED.<\/p>\n<p>Extrema Ratio BF2 R CT Stone Washed ist ein Klappmesser, das sich besonders f\u00fcr den professionellen Einsatz durch Milit\u00e4r- oder Polizeipersonal eignet. Es verf\u00fcgt \u00fcber eine glatte Klinge aus BOHLER N690-Stahl mit Stonewash-Finish. Es \u00f6ffnet sich mit dem Hochgeschwindigkeits-Razor-\u00d6ffnungssystem und wird durch einen Linerlock mit sekund\u00e4rem Verriegelungsmechanismus gesichert. Der Griff besteht aus schwarz eloxiertem Aluminium mit Taschenclip.<\/p>\n<p>Klingenmaterial: N690<br \/>\n Griffmaterial: Aluminium<br \/>\n Sicherung: Linerlock<br \/>\n Klingenl\u00e4nge: 9 cm<br \/>\n Gesamtl\u00e4nge: 21,5 cm<br \/>\n Griffl\u00e4nge: 12,5 cm<br \/>\n Klingenst\u00e4rke: 3 mm<br \/>\n Gewicht: 140g<br \/>\n Verwendung: Taktisch<\/p>\n","protected":false},"excerpt":{"rendered":"<p><strong>Extrema Ratio mit Sitz in Prato, Italien,<\/strong> entwirft und fertigt seit 1997 leistungsstarke Kampf-, Milit\u00e4r-, K\u00fcchen-, Jagd- und taktische Messer und genie\u00dft einen Ruf f\u00fcr \u00fcberlegene Qualit\u00e4t, die in der Milit\u00e4r- und taktischen Messerbranche ihresgleichen sucht. <strong>Kostenloser Versand.<\/strong><\/p>\n","protected":false},"featured_media":333089,"comment_status":"open","ping_status":"closed","template":"","meta":[],"pwb-brand":[3539],"product_brand":[],"product_cat":[3285,3303],"product_tag":[3669],"class_list":{"0":"post-333087","1":"product","2":"type-product","3":"status-publish","4":"has-post-thumbnail","6":"pwb-brand-extrema-verhaltnis","7":"product_cat-messer","8":"product_cat-schliesmesser","9":"product_tag-b2b-de","11":"first","12":"instock","13":"taxable","14":"shipping-taxable","15":"purchasable","16":"product-type-simple"},"brands":[{"id":3539,"name":"Extrema-Verh\u00e4ltnis","slug":"extrema-verhaltnis"}],"_links":{"self":[{"href":"https:\/\/www.moskito.cz\/de\/wp-json\/wp\/v2\/product\/333087","targetHints":{"allow":["GET"]}}],"collection":[{"href":"https:\/\/www.moskito.cz\/de\/wp-json\/wp\/v2\/product"}],"about":[{"href":"https:\/\/www.moskito.cz\/de\/wp-json\/wp\/v2\/types\/product"}],"replies":[{"embeddable":true,"href":"https:\/\/www.moskito.cz\/de\/wp-json\/wp\/v2\/comments?post=333087"}],"wp:featuredmedia":[{"embeddable":true,"href":"https:\/\/www.moskito.cz\/de\/wp-json\/wp\/v2\/media\/333089"}],"wp:attachment":[{"href":"https:\/\/www.moskito.cz\/de\/wp-json\/wp\/v2\/media?parent=333087"}],"wp:term":[{"taxonomy":"pwb-brand","embeddable":true,"href":"https:\/\/www.moskito.cz\/de\/wp-json\/wp\/v2\/pwb-brand?post=333087"},{"taxonomy":"product_brand","embeddable":true,"href":"https:\/\/www.moskito.cz\/de\/wp-json\/wp\/v2\/product_brand?post=333087"},{"taxonomy":"product_cat","embeddable":true,"href":"https:\/\/www.moskito.cz\/de\/wp-json\/wp\/v2\/product_cat?post=333087"},{"taxonomy":"product_tag","embeddable":true,"href":"https:\/\/www.moskito.cz\/de\/wp-json\/wp\/v2\/product_tag?post=333087"}],"curies":[{"name":"wp","href":"https:\/\/api.w.org\/{rel}","templated":true}]}}