{"id":333179,"date":"2024-04-15T18:12:23","date_gmt":"2024-04-15T17:15:56","guid":{"rendered":"https:\/\/www.moskito.cz\/produkt\/verschlussmesser-crkt-ceo-flipper-7097rk\/"},"modified":"2025-05-07T11:11:23","modified_gmt":"2025-05-07T10:11:23","slug":"verschlussmesser-crkt-ceo-flipper-7097rk","status":"publish","type":"product","link":"https:\/\/www.moskito.cz\/de\/produkt\/verschlussmesser-crkt-ceo-flipper-7097rk\/","title":{"rendered":"Verschlussmesser CRKT CEO Flipper 7097RK"},"content":{"rendered":"<p>Verschlussmesser <strong>CRKT<\/strong> CEO Flipper 7097RK.<\/p>\n<p>Auf den ersten Blick k\u00f6nnte man es mit einem Stift verwechseln, der in der Hemdtasche steckt. Und genau so wurde das CEO Flipper Klappmesser konzipiert. Mit einem extrem flachen Profil und ohne Ecken auf Kosten der Benutzerfreundlichkeit und Ergonomie verk\u00f6rpert es den Arbeitsgeist des Alltags.<br \/>\nEinfaches Sch\u00e4rfen: Die Klinge aus rostfreiem Kohlenstoffstahl h\u00e4lt die Schneide gut<br \/>\nSanftes \u00d6ffnen: Der IKBS\u2122-Kugellagerstift entfaltet die Klinge sanft<br \/>\nSchnelles \u00d6ffnen: Flipper entfaltet die Klinge schnell<br \/>\nStark und leicht: Der glasfaserverst\u00e4rkte Nylongriff ist langlebig und leicht<br \/>\nEinfach zu schlie\u00dfen: Der Einsteckverschluss l\u00e4sst sich einfach mit einer Hand schlie\u00dfen<br \/>\nTragem\u00f6glichkeiten: Verstellbarer Clip zum Tragen mit der linken oder rechten Hand<\/p>\n<p>Klingenstahl: AUS 8<br \/>\nKlingenkante glatt<br \/>\nEDP-Klingenoberfl\u00e4chenfinish<br \/>\nKlingenl\u00e4nge 8,51 cm<br \/>\nGesamtl\u00e4nge: 19,52 cm<br \/>\nL\u00e4nge geschlossen: 11,03 cm<br \/>\nGewicht 1,90 Unzen. (53,86 g)<\/p>\n<p>&nbsp;<\/p>\n","protected":false},"excerpt":{"rendered":"<p>DESIGNER<br \/>\nRichard Rogers<br \/>\nMagdalena, New Mexico<br \/>\nEinfache, praktische Komponenten f\u00fcr den Alltag sind meine Leidenschaft. Bei jedem Design achte ich darauf, was es tun kann, um der Person, die es h\u00e4lt, das Leben zu erleichtern.<\/p>\n","protected":false},"featured_media":333128,"comment_status":"open","ping_status":"closed","template":"","meta":[],"pwb-brand":[3457],"product_brand":[],"product_cat":[3285,3303],"product_tag":[],"class_list":{"0":"post-333179","1":"product","2":"type-product","3":"status-publish","4":"has-post-thumbnail","6":"pwb-brand-crkt-de","7":"product_cat-messer","8":"product_cat-schliesmesser","10":"first","11":"outofstock","12":"taxable","13":"shipping-taxable","14":"purchasable","15":"product-type-simple"},"brands":[{"id":3457,"name":"CRKT","slug":"crkt-de"}],"_links":{"self":[{"href":"https:\/\/www.moskito.cz\/de\/wp-json\/wp\/v2\/product\/333179","targetHints":{"allow":["GET"]}}],"collection":[{"href":"https:\/\/www.moskito.cz\/de\/wp-json\/wp\/v2\/product"}],"about":[{"href":"https:\/\/www.moskito.cz\/de\/wp-json\/wp\/v2\/types\/product"}],"replies":[{"embeddable":true,"href":"https:\/\/www.moskito.cz\/de\/wp-json\/wp\/v2\/comments?post=333179"}],"wp:featuredmedia":[{"embeddable":true,"href":"https:\/\/www.moskito.cz\/de\/wp-json\/wp\/v2\/media\/333128"}],"wp:attachment":[{"href":"https:\/\/www.moskito.cz\/de\/wp-json\/wp\/v2\/media?parent=333179"}],"wp:term":[{"taxonomy":"pwb-brand","embeddable":true,"href":"https:\/\/www.moskito.cz\/de\/wp-json\/wp\/v2\/pwb-brand?post=333179"},{"taxonomy":"product_brand","embeddable":true,"href":"https:\/\/www.moskito.cz\/de\/wp-json\/wp\/v2\/product_brand?post=333179"},{"taxonomy":"product_cat","embeddable":true,"href":"https:\/\/www.moskito.cz\/de\/wp-json\/wp\/v2\/product_cat?post=333179"},{"taxonomy":"product_tag","embeddable":true,"href":"https:\/\/www.moskito.cz\/de\/wp-json\/wp\/v2\/product_tag?post=333179"}],"curies":[{"name":"wp","href":"https:\/\/api.w.org\/{rel}","templated":true}]}}