{"id":333244,"date":"2024-04-15T18:29:09","date_gmt":"2024-04-15T17:31:49","guid":{"rendered":"https:\/\/www.moskito.cz\/produkt\/verteidigungsstift-crkt-williams-tactical-pen-2-tpenwp\/"},"modified":"2025-05-07T11:11:24","modified_gmt":"2025-05-07T10:11:24","slug":"verteidigungsstift-crkt-williams-tactical-pen-2-tpenwp","status":"publish","type":"product","link":"https:\/\/www.moskito.cz\/de\/produkt\/verteidigungsstift-crkt-williams-tactical-pen-2-tpenwp\/","title":{"rendered":"Verteidigungsstift CRKT Williams Tactical Pen 2 TPENWP"},"content":{"rendered":"<p>Verteidigungsstift <strong>CRKT<\/strong> Williams Tactical Pen 2 TPENWP.<\/p>\n<p>Der Schein tr\u00fcgt. Eine Situation, die Selbstverteidigung erfordert, ist nat\u00fcrlich unerwartet. Am kl\u00fcgsten sind diejenigen, die vorausdenken. Hier kommt der Williams Tactical Pen 2 ins Spiel. Als raffiniertes Schreibger\u00e4t getarnt, ist sein taktisches Ende ein kraftvoller Schlag. Das ist Subtilit\u00e4t vom Feinsten.<\/p>\n<p>Der ehemalige Armeeoffizier und Kampfsportlehrer James Williams ist ein Mann, der sich flie\u00dfend mit den verschiedensten Selbstverteidigungsinstrumenten auskennt \u2013 er ist im Umgang mit einem Schwert genauso gut wie im Umgang mit allem anderen als einer taktischen Taschenlampe. Vor Jahren entwarf er in seinem Gesch\u00e4ft in Encinitas, Kalifornien, einen taktischen Stift. Die Messerwelt war begeistert. Jetzt hat er es behoben und es ist besser als je zuvor.<\/p>\n<p>Die Karosserie aus Flugzeugaluminium 6061 ist mit dem legend\u00e4ren Schmidt MegaLine 4889 M ausgestattet; wirklich topaktuell, wenn es um Alltagskleidung geht. Das schlanke Werkzeug hat eine schwarze, harteloxierte Oberfl\u00e4che und konturierte Rillen f\u00fcr besseren Halt. An einem Ende rastet die Kappe mit einem abnehmbaren Taschenclip sicher ein, w\u00e4hrend am anderen Ende die stumpfe Spitze im Ernstfall schadlos bereitsteht.<\/p>\n<p>Ihr allt\u00e4gliches Transportset ist jetzt etwas bunter geworden.<\/p>\n<p>Spezifikationen:<br \/>\nGesamtl\u00e4nge: 15,08 cm<br \/>\nL\u00e4nge geschlossen: 15,83 cm<br \/>\nGewicht 1,40 Unzen. (39,69 g)<br \/>\nMaterial: 6061 Luftfahrtaluminium<br \/>\nGewicht: 1,4 Unzen.<br \/>\nDesigner: James Williams<\/p>\n","protected":false},"excerpt":{"rendered":"<p>James Williams<br \/>\nVass, North Carolina<br \/>\nSie wollen sich nicht mit Sensei James Williams anlegen. Ein ehemaliger Offizier der US-Armee mit \u00fcber 50 Jahren Kampfsporterfahrung entwickelte das \u201eSystem of Strategy\u201c. Es handelt sich um einen einzigartigen Ansatz f\u00fcr den unbewaffneten Kampf, der Spezialeinheiten und Strafverfolgungsbeh\u00f6rden auf der ganzen Welt beigebracht wird. Wenn er jedoch bewaffnet ist, f\u00fchrt er die Klingen, die er geschaffen hat, wie die massiven Hisshou\u00ae- und Hissatsu\u2122-Klingen, das Shizuka noh Ken\u2122 und das mittlerweile legend\u00e4re Hissatsu\u2122.<\/p>\n","protected":false},"featured_media":333186,"comment_status":"open","ping_status":"closed","template":"","meta":[],"pwb-brand":[3457],"product_brand":[],"product_cat":[3285,3303],"product_tag":[],"class_list":{"0":"post-333244","1":"product","2":"type-product","3":"status-publish","4":"has-post-thumbnail","6":"pwb-brand-crkt-de","7":"product_cat-messer","8":"product_cat-schliesmesser","10":"first","11":"outofstock","12":"taxable","13":"shipping-taxable","14":"purchasable","15":"product-type-simple"},"brands":[{"id":3457,"name":"CRKT","slug":"crkt-de"}],"_links":{"self":[{"href":"https:\/\/www.moskito.cz\/de\/wp-json\/wp\/v2\/product\/333244","targetHints":{"allow":["GET"]}}],"collection":[{"href":"https:\/\/www.moskito.cz\/de\/wp-json\/wp\/v2\/product"}],"about":[{"href":"https:\/\/www.moskito.cz\/de\/wp-json\/wp\/v2\/types\/product"}],"replies":[{"embeddable":true,"href":"https:\/\/www.moskito.cz\/de\/wp-json\/wp\/v2\/comments?post=333244"}],"wp:featuredmedia":[{"embeddable":true,"href":"https:\/\/www.moskito.cz\/de\/wp-json\/wp\/v2\/media\/333186"}],"wp:attachment":[{"href":"https:\/\/www.moskito.cz\/de\/wp-json\/wp\/v2\/media?parent=333244"}],"wp:term":[{"taxonomy":"pwb-brand","embeddable":true,"href":"https:\/\/www.moskito.cz\/de\/wp-json\/wp\/v2\/pwb-brand?post=333244"},{"taxonomy":"product_brand","embeddable":true,"href":"https:\/\/www.moskito.cz\/de\/wp-json\/wp\/v2\/product_brand?post=333244"},{"taxonomy":"product_cat","embeddable":true,"href":"https:\/\/www.moskito.cz\/de\/wp-json\/wp\/v2\/product_cat?post=333244"},{"taxonomy":"product_tag","embeddable":true,"href":"https:\/\/www.moskito.cz\/de\/wp-json\/wp\/v2\/product_tag?post=333244"}],"curies":[{"name":"wp","href":"https:\/\/api.w.org\/{rel}","templated":true}]}}