{"id":333290,"date":"2024-04-15T18:45:08","date_gmt":"2024-04-15T17:47:31","guid":{"rendered":"https:\/\/www.moskito.cz\/produkt\/crkt-ken-onion-jake-k360gxp-klappmesser\/"},"modified":"2025-05-07T11:11:25","modified_gmt":"2025-05-07T10:11:25","slug":"crkt-ken-onion-jake-k360gxp-klappmesser","status":"publish","type":"product","link":"https:\/\/www.moskito.cz\/de\/produkt\/crkt-ken-onion-jake-k360gxp-klappmesser\/","title":{"rendered":"CRKT Ken Onion Jake K360GXP Klappmesser"},"content":{"rendered":"<p><strong>CRKT<\/strong> Ken Onion Jake K360GXP Klappmesser.<\/p>\n<p><strong>Jake<\/strong> ist ein langlebiger und leichter Flipper, der von Ken Onion als mittelgro\u00dfes EDC-Messer perfekt f\u00fcr die Tasche entwickelt wurde. Bei der Klinge handelt es sich um eine Sandvik 12C27-Klinge mit Drop-Point-Konfiguration, die w\u00e4hrend des Gebrauchs eine hervorragende Schnitthaltigkeit bietet. Die Klinge hat eine perlgestrahlte und geb\u00fcrstete Oberfl\u00e4che, die ihr ein einzigartiges Aussehen verleiht, das nicht viel Licht reflektiert. Das IKBS-Stiftdesign unterst\u00fctzt die gerippte Zunge beim einfachen Einrasten des Messers und wird durch die Einstecksperre fest gesichert. Der strukturierte Aluminiumgriff sorgt in Kombination mit der stark strukturierten G10-Einlage f\u00fcr hervorragenden Halt unter den meisten Bedingungen. Mit seiner Leichtbauweise und dem EDC-Design hat das Ken Onion ein weiteres klassisches Messer auf den Tisch gebracht.<\/p>\n<p>Spezifikationen:<br \/>\nKlingenl\u00e4nge: 8,44 cm<br \/>\nGriffl\u00e4nge: 11,67 cm<br \/>\nGesamtl\u00e4nge: 20,16 cm<br \/>\nKlingenmaterial: Edelstahl 12C27<br \/>\nKlingenst\u00e4rke: 0,35 cm<br \/>\nKlingenstil: Drop Point<br \/>\nKlingenoberfl\u00e4che: geb\u00fcrstet, perlgestrahlt<br \/>\nGriffmaterial: OD-gr\u00fcnes Aluminium mit schwarzem G10-Einsatz<br \/>\nVerriegelungsmechanismus: Liner Lock<br \/>\nTaschenclip: hochklappbar, rechtsh\u00e4ndig zu tragen<br \/>\nGewicht: 3,80 Unzen. (107,73 g)<br \/>\nDesigner: Ken Onion<\/p>\n<p><iframe title=\"CRKT Jake | Ken Onion Design\" width=\"800\" height=\"450\" src=\"https:\/\/www.youtube.com\/embed\/MjI0cT36ZFk?feature=oembed\" frameborder=\"0\" allow=\"accelerometer; autoplay; clipboard-write; encrypted-media; gyroscope; picture-in-picture; web-share\" referrerpolicy=\"strict-origin-when-cross-origin\" allowfullscreen><\/iframe><\/p>\n<p>&nbsp;<\/p>\n","protected":false},"excerpt":{"rendered":"<p>Ken Onion<br \/>\nKaneohe, Hawaii<br \/>\nKen ist der echte Deal. Ken, der j\u00fcngste Neuzugang, der 2008 in die Blade Magazine Hall of Fame aufgenommen wurde, gilt als einer der innovativsten und erfolgreichsten Messerdesigner aller Zeiten. 1996 entwickelte er den ersten kommerziell erfolgreichen unterst\u00fctzten \u00d6ffnungsmechanismus und stellte 20 Jahre sp\u00e4ter seine preisgekr\u00f6nte Field Strip-Technologie vor. Jetzt setzt diese weltver\u00e4ndernde Innovation mit der Field Strip Gen II-Technologie einen neuen Standard, eine Wiedergeburt, die ihrem Namen alle Ehre machen muss.<\/p>\n","protected":false},"featured_media":333251,"comment_status":"open","ping_status":"closed","template":"","meta":[],"pwb-brand":[3457],"product_brand":[],"product_cat":[3303,3285],"product_tag":[],"class_list":{"0":"post-333290","1":"product","2":"type-product","3":"status-publish","4":"has-post-thumbnail","6":"pwb-brand-crkt-de","7":"product_cat-schliesmesser","8":"product_cat-messer","10":"first","11":"instock","12":"sale","13":"taxable","14":"shipping-taxable","15":"purchasable","16":"product-type-simple"},"brands":[{"id":3457,"name":"CRKT","slug":"crkt-de"}],"_links":{"self":[{"href":"https:\/\/www.moskito.cz\/de\/wp-json\/wp\/v2\/product\/333290","targetHints":{"allow":["GET"]}}],"collection":[{"href":"https:\/\/www.moskito.cz\/de\/wp-json\/wp\/v2\/product"}],"about":[{"href":"https:\/\/www.moskito.cz\/de\/wp-json\/wp\/v2\/types\/product"}],"replies":[{"embeddable":true,"href":"https:\/\/www.moskito.cz\/de\/wp-json\/wp\/v2\/comments?post=333290"}],"wp:featuredmedia":[{"embeddable":true,"href":"https:\/\/www.moskito.cz\/de\/wp-json\/wp\/v2\/media\/333251"}],"wp:attachment":[{"href":"https:\/\/www.moskito.cz\/de\/wp-json\/wp\/v2\/media?parent=333290"}],"wp:term":[{"taxonomy":"pwb-brand","embeddable":true,"href":"https:\/\/www.moskito.cz\/de\/wp-json\/wp\/v2\/pwb-brand?post=333290"},{"taxonomy":"product_brand","embeddable":true,"href":"https:\/\/www.moskito.cz\/de\/wp-json\/wp\/v2\/product_brand?post=333290"},{"taxonomy":"product_cat","embeddable":true,"href":"https:\/\/www.moskito.cz\/de\/wp-json\/wp\/v2\/product_cat?post=333290"},{"taxonomy":"product_tag","embeddable":true,"href":"https:\/\/www.moskito.cz\/de\/wp-json\/wp\/v2\/product_tag?post=333290"}],"curies":[{"name":"wp","href":"https:\/\/api.w.org\/{rel}","templated":true}]}}