{"id":333413,"date":"2024-04-15T19:29:47","date_gmt":"2024-04-15T18:33:20","guid":{"rendered":"https:\/\/www.moskito.cz\/produkt\/zuziehmesser-crkt-persisch-7060\/"},"modified":"2025-05-07T11:11:30","modified_gmt":"2025-05-07T10:11:30","slug":"zuziehmesser-crkt-persisch-7060","status":"publish","type":"product","link":"https:\/\/www.moskito.cz\/de\/produkt\/zuziehmesser-crkt-persisch-7060\/","title":{"rendered":"Zuziehmesser CRKT Persisch 7060"},"content":{"rendered":"<p>Zuziehmesser <strong>CRKT<\/strong> Persisch 7060.<\/p>\n<p>Das Perser ist ein flaches Klappmesser mit sanften Kurven und einem ausgewogenen Design. Dank der \u00d6ffnungshilfe f\u00e4hrt die Klinge aus D2-Stahl blitzschnell aus, w\u00e4hrend die erhabene Form des Messers und der ausgepr\u00e4gte Bauch f\u00fcr eine bessere Schneidf\u00e4higkeit sorgen. Der glasfaserverst\u00e4rkte Nylongriff besteht aus hochwertigen Materialien und erm\u00f6glicht einen besseren Halt, sodass sich der Perser leicht mit einer Hand \u00f6ffnen und schlie\u00dfen l\u00e4sst.<\/p>\n<p>Alles in allem handelt es sich um ein elegantes und langlebiges Alltagstrageger\u00e4t, auf das Sie stolz sein werden, wenn Sie es in Ihrer Tasche haben.<\/p>\n<p>Spezifikationen:<br \/>\nKlingenl\u00e4nge: 8,73 cm<br \/>\nL\u00e4nge geschlossen: 11,34 cm<br \/>\nGesamtl\u00e4nge: 20,63 cm<br \/>\nKlingenmaterial: Werkzeugstahl D2<br \/>\nKlingenst\u00e4rke: 0,33 cm<br \/>\nKlingenstil: Trailing Point Perser<br \/>\nOberfl\u00e4chenbehandlung der Klinge: satiniert<br \/>\nGriffmaterial: Schwarzes glasfaserverst\u00e4rktes Nylon<br \/>\nVerriegelungsmechanismus: Liner Lock<br \/>\nTaschenclip: Deep Carry Tip-Up, Right Carry<br \/>\nGewicht: 3,10 Unzen. (87,88 g)<br \/>\nDesigner: Richard Rogers<\/p>\n<p><iframe title=\"CRKT Persian Assisted | Richard Rogers Design\" width=\"800\" height=\"450\" src=\"https:\/\/www.youtube.com\/embed\/o_DDdM25oMU?feature=oembed\" frameborder=\"0\" allow=\"accelerometer; autoplay; clipboard-write; encrypted-media; gyroscope; picture-in-picture; web-share\" referrerpolicy=\"strict-origin-when-cross-origin\" allowfullscreen><\/iframe><\/p>\n<p>&nbsp;<\/p>\n","protected":false},"excerpt":{"rendered":"<p>DESIGNER<br \/>\nRichard Rogers<br \/>\nMagdalena, New Mexico<br \/>\nEinfache, praktische Komponenten f\u00fcr den Alltag sind meine Leidenschaft. Bei jedem Design achte ich darauf, was es tun kann, um der Person, die es h\u00e4lt, das Leben zu erleichtern.<\/p>\n","protected":false},"featured_media":333357,"comment_status":"open","ping_status":"closed","template":"","meta":[],"pwb-brand":[3457],"product_brand":[],"product_cat":[3285,3303],"product_tag":[],"class_list":{"0":"post-333413","1":"product","2":"type-product","3":"status-publish","4":"has-post-thumbnail","6":"pwb-brand-crkt-de","7":"product_cat-messer","8":"product_cat-schliesmesser","10":"first","11":"instock","12":"taxable","13":"shipping-taxable","14":"purchasable","15":"product-type-simple"},"brands":[{"id":3457,"name":"CRKT","slug":"crkt-de"}],"_links":{"self":[{"href":"https:\/\/www.moskito.cz\/de\/wp-json\/wp\/v2\/product\/333413","targetHints":{"allow":["GET"]}}],"collection":[{"href":"https:\/\/www.moskito.cz\/de\/wp-json\/wp\/v2\/product"}],"about":[{"href":"https:\/\/www.moskito.cz\/de\/wp-json\/wp\/v2\/types\/product"}],"replies":[{"embeddable":true,"href":"https:\/\/www.moskito.cz\/de\/wp-json\/wp\/v2\/comments?post=333413"}],"wp:featuredmedia":[{"embeddable":true,"href":"https:\/\/www.moskito.cz\/de\/wp-json\/wp\/v2\/media\/333357"}],"wp:attachment":[{"href":"https:\/\/www.moskito.cz\/de\/wp-json\/wp\/v2\/media?parent=333413"}],"wp:term":[{"taxonomy":"pwb-brand","embeddable":true,"href":"https:\/\/www.moskito.cz\/de\/wp-json\/wp\/v2\/pwb-brand?post=333413"},{"taxonomy":"product_brand","embeddable":true,"href":"https:\/\/www.moskito.cz\/de\/wp-json\/wp\/v2\/product_brand?post=333413"},{"taxonomy":"product_cat","embeddable":true,"href":"https:\/\/www.moskito.cz\/de\/wp-json\/wp\/v2\/product_cat?post=333413"},{"taxonomy":"product_tag","embeddable":true,"href":"https:\/\/www.moskito.cz\/de\/wp-json\/wp\/v2\/product_tag?post=333413"}],"curies":[{"name":"wp","href":"https:\/\/api.w.org\/{rel}","templated":true}]}}