{"id":333473,"date":"2024-04-15T19:53:20","date_gmt":"2024-04-15T18:58:03","guid":{"rendered":"https:\/\/www.moskito.cz\/produkt\/sechskantwerkzeug-crkt-sechskant-bit-treiberrolle-9911\/"},"modified":"2025-05-07T11:11:32","modified_gmt":"2025-05-07T10:11:32","slug":"sechskantwerkzeug-crkt-sechskant-bit-treiberrolle-9911","status":"publish","type":"product","link":"https:\/\/www.moskito.cz\/de\/produkt\/sechskantwerkzeug-crkt-sechskant-bit-treiberrolle-9911\/","title":{"rendered":"Sechskantwerkzeug CRKT Sechskant-Bit-Treiberrolle 9911"},"content":{"rendered":"<p>Sechskantwerkzeug <strong>CRKT<\/strong> Sechskant-Bit-Treiberrolle 9911.<\/p>\n<p>Rollen Sie es auf und nehmen Sie es. Wenn Sie nicht an Ihrer Werkbank sind und Ihr Alltagsger\u00e4t etwas Wartung ben\u00f6tigt, ist das Sechskant-Bit-Schraubendreher-Werkzeug so konzipiert, dass es f\u00fcr eine schnelle Reparatur zur Hand ist. Dieser kompakte und dennoch leistungsstarke Werkzeugzylinder ist f\u00fcr die Aufnahme von bis zu 13 Bits und zwei Treibern (ein Treiber ist im Lieferumfang enthalten) ausgestattet, sodass Sie nie wieder mit einem schmutzigen EDC erwischt werden m\u00fcssen.<\/p>\n<p>Der Designer Joe Wu aus Mountain View, Kalifornien, entwarf die Hex Bit Driver Tool Roll als Teil seiner Wartungskollektion. Der leichtg\u00e4ngige Messingmitnehmer ist mit einem Kugellager zum schnellen Aus- bzw. Einbau von Teilen ausgestattet. Der Werkzeugzylinder aus Vollnarbenleder fasst bis zu 13 Bits und ist vollst\u00e4ndig anpassbar. Wird von CRKT\u00ae geliefert und ist mit T6, T7, T8, T9, T10, T15, T20, PH1, PH2, PH3, 1,0 x 6 mm, 0,8 x 5,5 mm und 0,6 x 4,5 mm ausgestattet.<\/p>\n<p>Komplettes Wartungsset. Ein einfacher Werkzeugzylinder.<\/p>\n<p>Das Kugellager im Mitnehmer erm\u00f6glicht eine schnelle Demontage bzw. Montage von Teilen<br \/>\nEin Magnet in der Spitze des Schraubendrehers sichert den Treiberbit<br \/>\nDer Controller liegt gut in der Hand und erm\u00f6glicht mehr Kontrolle f\u00fcr pr\u00e4zises Arbeiten<br \/>\nGriffiger Treiber aus strukturiertem Messing<br \/>\nDer Werkzeugzylinder aus Leder bietet Platz f\u00fcr bis zu zwei Controller<br \/>\nH\u00e4lt bis zu 13 Bits \u2013 kommt mit T6, T7, T8, T9, T10, T15, T20, PH1, PH2, PH3, 1,0 x 6 mm, 0,8 x 5,5 mm, 0,6 x 4, 5 mm<\/p>\n<p>Spezifikationen:<br \/>\nGesamtl\u00e4nge: 9,47 cm<br \/>\nGriffmaterial: Messing<br \/>\nGewicht: 2,50 Unzen. (70,87 g)<br \/>\nGeh\u00e4usegewicht: 2,60 Unzen. (73,71 g)<br \/>\nDesigner: Joe Wu<\/p>\n<p>&nbsp;<\/p>\n","protected":false},"excerpt":{"rendered":"<p>DESIGNER<br \/>\nJoe Wu<br \/>\nMountain View, Kalifornien<br \/>\nJoe Wu t\u00fcftelte st\u00e4ndig und suchte nach neuen M\u00f6glichkeiten, bestehende Designs zu verbessern. Er begann seine Karriere im Produktdesign bei Scout Leather Co. indem wir Produkte herstellen, die auf pers\u00f6nlichen Bed\u00fcrfnissen und Erfahrungen basieren. In den letzten Jahren hat er seine Ideen aufgegriffen und seine Gesch\u00e4ftsf\u00e4higkeiten mithilfe traditioneller Methoden und eines modernen Ansatzes verfeinert. Seine Designs und Ideen basieren auf Einfachheit und Benutzererfahrung. Gutes Design muss nicht kompliziert sein.<\/p>\n","protected":false},"featured_media":333422,"comment_status":"open","ping_status":"closed","template":"","meta":[],"pwb-brand":[3457],"product_brand":[],"product_cat":[3340],"product_tag":[],"class_list":{"0":"post-333473","1":"product","2":"type-product","3":"status-publish","4":"has-post-thumbnail","6":"pwb-brand-crkt-de","7":"product_cat-multi-tool-de","9":"first","10":"instock","11":"taxable","12":"shipping-taxable","13":"purchasable","14":"product-type-simple"},"brands":[{"id":3457,"name":"CRKT","slug":"crkt-de"}],"_links":{"self":[{"href":"https:\/\/www.moskito.cz\/de\/wp-json\/wp\/v2\/product\/333473","targetHints":{"allow":["GET"]}}],"collection":[{"href":"https:\/\/www.moskito.cz\/de\/wp-json\/wp\/v2\/product"}],"about":[{"href":"https:\/\/www.moskito.cz\/de\/wp-json\/wp\/v2\/types\/product"}],"replies":[{"embeddable":true,"href":"https:\/\/www.moskito.cz\/de\/wp-json\/wp\/v2\/comments?post=333473"}],"wp:featuredmedia":[{"embeddable":true,"href":"https:\/\/www.moskito.cz\/de\/wp-json\/wp\/v2\/media\/333422"}],"wp:attachment":[{"href":"https:\/\/www.moskito.cz\/de\/wp-json\/wp\/v2\/media?parent=333473"}],"wp:term":[{"taxonomy":"pwb-brand","embeddable":true,"href":"https:\/\/www.moskito.cz\/de\/wp-json\/wp\/v2\/pwb-brand?post=333473"},{"taxonomy":"product_brand","embeddable":true,"href":"https:\/\/www.moskito.cz\/de\/wp-json\/wp\/v2\/product_brand?post=333473"},{"taxonomy":"product_cat","embeddable":true,"href":"https:\/\/www.moskito.cz\/de\/wp-json\/wp\/v2\/product_cat?post=333473"},{"taxonomy":"product_tag","embeddable":true,"href":"https:\/\/www.moskito.cz\/de\/wp-json\/wp\/v2\/product_tag?post=333473"}],"curies":[{"name":"wp","href":"https:\/\/api.w.org\/{rel}","templated":true}]}}