{"id":333526,"date":"2024-04-15T20:18:33","date_gmt":"2024-04-15T19:20:57","guid":{"rendered":"https:\/\/www.moskito.cz\/produkt\/crkt-carson-special-forces-m21-14sf-klappmesser\/"},"modified":"2025-05-07T11:11:33","modified_gmt":"2025-05-07T10:11:33","slug":"crkt-carson-special-forces-m21-14sf-klappmesser","status":"publish","type":"product","link":"https:\/\/www.moskito.cz\/de\/produkt\/crkt-carson-special-forces-m21-14sf-klappmesser\/","title":{"rendered":"CRKT Carson Special Forces M21-14SF Klappmesser"},"content":{"rendered":"<p><strong>CRKT<\/strong> Carson Special Forces M21-14SF Klappmesser.<\/p>\n<p>Unser InterFrame-SF verf\u00fcgt \u00fcber ein einzigartiges Design, das eine Kombination der von milit\u00e4rischen Einkaufsspezialisten geforderten Funktionen der Carson-Serie bietet. Speerbl\u00e4tter mit tiefem Bauch wurden ausgew\u00e4hlt, da sie maximale Festigkeit bieten. Das offene Design erm\u00f6glicht den Einbau von zwei Carson Flippern, was zu einem echten Griff f\u00fchrt \u2013 eine Seltenheit bei Klappmessern.<\/p>\n<p>M21\u2122-14SF Aluminium. Unser SF-Produktionsaluminiumrahmen basiert auf kundenspezifischen Kit Carson-Designs und verf\u00fcgt \u00fcber schwarz hart eloxierte 6061 T6-Aluminiumgriffe mit konturiertem Radius. Verriegelungseins\u00e4tze aus Edelstahl mit Reibungsnuten sorgen f\u00fcr eine formschl\u00fcssige Verriegelung. Die Klinge besteht aus rostfreiem AUS 8-Stahl mit einer kombinierten Razor-Sharp- und Triple-Point\u2122-Schneide.<\/p>\n<p>Die Klinge, der Rahmen und die Hardware sind in nicht reflektierendem taktischem Schwarz gehalten. Die Klinge verf\u00fcgt \u00fcber eine schwarze Titannitrid-Beschichtung f\u00fcr maximale Korrosionsbest\u00e4ndigkeit. Doppelt karierte Daumenpins mit Logo sind Standard. Das \u00d6ffnen und Schlie\u00dfen mit einer Hand geht schnell und reibungslos.<\/p>\n<p>Es verf\u00fcgt au\u00dferdem \u00fcber unsere exklusive patentierte (1) automatische Sicherung AutoLAWKS\u2122, die den Falzapparat automatisch in eine praktisch feststehende Klinge verwandelt.<\/p>\n<p>Alle Messer dieser Serie sind mit Clips ausgestattet, die das Tragen in vier Positionen am G\u00fcrtel oder Riemen erm\u00f6glichen. Warnung: Diese Messer sind nicht zum hochklappen in der Tasche geeignet. Es handelt sich um Spezialmesser, die vom Milit\u00e4r f\u00fcr den Einsatz in Spezialeinheiten entwickelt wurden.<\/p>\n<p>Klingenl\u00e4nge: 10,13 cm<br \/>\nKlingenst\u00e4rke 0,35 cm<br \/>\nGesamtl\u00e4nge: 23,49 cm<br \/>\nL\u00e4nge geschlossen: 13,65 cm<br \/>\nGewicht 5,70 Unzen. (161,59 g)<\/p>\n","protected":false},"excerpt":{"rendered":"<p>DESIGNER<br \/>\nKit Carson<br \/>\nVine Grove, Kentucky<br \/>\nKit ging als Master Sergeant in den Ruhestand und wurde schlie\u00dflich ein prominentes Mitglied der Knifemakers Guild. Kit entwarf die erfolgreiche M16\u00ae-Messerserie, die vom Blade Magazine zu einer der zehn besten taktischen Komponenten des Jahrzehnts ernannt wurde. Im Jahr 2012 wurde Kit in die Cutlery Hall of Fame aufgenommen und sein Einfluss auf die Branche war weithin sp\u00fcrbar. Er war sogar Mentor von Gr\u00f6\u00dfen wie Ken Onion. Kit im Jahr 2014 verabschiedet. Die Familie Carson bittet auf Parkinson.org um Spenden f\u00fcr die National Parkinson Foundation.<\/p>\n","protected":false},"featured_media":333479,"comment_status":"open","ping_status":"closed","template":"","meta":[],"pwb-brand":[3457],"product_brand":[],"product_cat":[3285,3303],"product_tag":[3669],"class_list":{"0":"post-333526","1":"product","2":"type-product","3":"status-publish","4":"has-post-thumbnail","6":"pwb-brand-crkt-de","7":"product_cat-messer","8":"product_cat-schliesmesser","9":"product_tag-b2b-de","11":"first","12":"outofstock","13":"taxable","14":"shipping-taxable","15":"purchasable","16":"product-type-simple"},"brands":[{"id":3457,"name":"CRKT","slug":"crkt-de"}],"_links":{"self":[{"href":"https:\/\/www.moskito.cz\/de\/wp-json\/wp\/v2\/product\/333526","targetHints":{"allow":["GET"]}}],"collection":[{"href":"https:\/\/www.moskito.cz\/de\/wp-json\/wp\/v2\/product"}],"about":[{"href":"https:\/\/www.moskito.cz\/de\/wp-json\/wp\/v2\/types\/product"}],"replies":[{"embeddable":true,"href":"https:\/\/www.moskito.cz\/de\/wp-json\/wp\/v2\/comments?post=333526"}],"wp:featuredmedia":[{"embeddable":true,"href":"https:\/\/www.moskito.cz\/de\/wp-json\/wp\/v2\/media\/333479"}],"wp:attachment":[{"href":"https:\/\/www.moskito.cz\/de\/wp-json\/wp\/v2\/media?parent=333526"}],"wp:term":[{"taxonomy":"pwb-brand","embeddable":true,"href":"https:\/\/www.moskito.cz\/de\/wp-json\/wp\/v2\/pwb-brand?post=333526"},{"taxonomy":"product_brand","embeddable":true,"href":"https:\/\/www.moskito.cz\/de\/wp-json\/wp\/v2\/product_brand?post=333526"},{"taxonomy":"product_cat","embeddable":true,"href":"https:\/\/www.moskito.cz\/de\/wp-json\/wp\/v2\/product_cat?post=333526"},{"taxonomy":"product_tag","embeddable":true,"href":"https:\/\/www.moskito.cz\/de\/wp-json\/wp\/v2\/product_tag?post=333526"}],"curies":[{"name":"wp","href":"https:\/\/api.w.org\/{rel}","templated":true}]}}