{"id":333584,"date":"2021-07-29T21:23:32","date_gmt":"2021-07-29T20:23:32","guid":{"rendered":"https:\/\/www.moskito.cz\/produkt\/schliessmesser-crkt-lck-3801\/"},"modified":"2025-05-07T11:11:34","modified_gmt":"2025-05-07T10:11:34","slug":"schliessmesser-crkt-lck-3801","status":"publish","type":"product","link":"https:\/\/www.moskito.cz\/de\/produkt\/schliessmesser-crkt-lck-3801\/","title":{"rendered":"Schlie\u00dfmesser CRKT LCK + 3801"},"content":{"rendered":"<p><strong style=\"font-family: -apple-system, BlinkMacSystemFont, 'Segoe UI', Roboto, 'Helvetica Neue', Arial, 'Noto Sans', sans-serif, 'Apple Color Emoji', 'Segoe UI Emoji', 'Segoe UI Symbol', 'Noto Color Emoji';\">CRKT LCK+ 3801 Klappmesser<\/strong><\/p>\n<div class=\"flex-1 overflow-hidden @container\/thread\">\n<div class=\"h-full\">\n<div class=\"react-scroll-to-bottom--css-vxybp-79elbk h-full\">\n<div class=\"react-scroll-to-bottom--css-vxybp-1n7m0yu\">\n<div class=\"flex flex-col text-sm md:pb-9\">\n<article class=\"w-full scroll-mb-[var(--thread-trailing-height,150px)] text-token-text-primary focus-visible:outline-2 focus-visible:outline-offset-[-4px]\" dir=\"auto\" data-testid=\"conversation-turn-463\" data-scroll-anchor=\"true\">\n<div class=\"m-auto text-base py-[18px] px-3 md:px-4 w-full md:px-5 lg:px-4 xl:px-5\">\n<div class=\"mx-auto flex flex-1 gap-4 text-base md:gap-5 lg:gap-6 md:max-w-3xl\">\n<div class=\"group\/conversation-turn relative flex w-full min-w-0 flex-col agent-turn\">\n<div class=\"flex-col gap-1 md:gap-3\">\n<div class=\"flex max-w-full flex-col flex-grow\">\n<div class=\"min-h-8 text-message flex w-full flex-col items-end gap-2 whitespace-normal break-words text-start [.text-message+&amp;]:mt-5\" dir=\"auto\" data-message-author-role=\"assistant\" data-message-id=\"aef4849f-584c-45ea-851d-e4d75e9ddba5\" data-message-model-slug=\"gpt-4o-mini\">\n<div class=\"flex w-full flex-col gap-1 empty:hidden first:pt-[3px]\">\n<div class=\"markdown prose w-full break-words dark:prose-invert light\">\n<p><strong>Entworfen von:<\/strong> Matthew Lerch, Sussex, Wisconsin<br \/>\n<strong>Stil:<\/strong> Assistiertes Klappmesser mit geradlinigem Design<\/p>\n<p><strong>Das CRKT LCK+ 3801<\/strong> ist ein kompaktes und leistungsstarkes Klappmesser f\u00fcr den t\u00e4glichen Gebrauch, bei dessen Entwicklung der Schwerpunkt auf <strong>Geschwindigkeit und Funktionalit\u00e4t<\/strong> lag. Dieses Modell verf\u00fcgt \u00fcber <strong>eine \u00d6ffnungsunterst\u00fctzung<\/strong> , die <strong>ein blitzschnelles Ausfahren der Klinge<\/strong> mit minimalem Kraftaufwand gew\u00e4hrleistet und es zur idealen Wahl f\u00fcr den t\u00e4glichen Gebrauch macht, wenn <strong>eine schnelle Reaktion<\/strong> wichtig ist. <\/p>\n<h3><strong>Hauptmerkmale und Vorteile:<\/strong><\/h3>\n<h4>1. <strong>Unterst\u00fctztes \u00d6ffnen:<\/strong><\/h4>\n<ul>\n<li>Der Hauptvorteil dieses Messers ist die <strong>unterst\u00fctzte \u00d6ffnung<\/strong> . Sobald <strong>Sie die Klinge teilweise ausfahren<\/strong> , <strong>wird automatisch ein Mechanismus aktiviert,<\/strong> der die Klinge <strong>mit unglaublicher Geschwindigkeit<\/strong> \u00f6ffnet. Dieses System erm\u00f6glicht ein <strong>einfaches und schnelles \u00d6ffnen<\/strong> mit einer Hand und ist somit ideal f\u00fcr den sofortigen Einsatz.  <\/li>\n<\/ul>\n<h4>2. <strong>IKBS\u2122 Kugellager:<\/strong><\/h4>\n<ul>\n<li><strong>Das IKBS\u2122-Kugellagersystem<\/strong> sorgt f\u00fcr <strong>eine sanfte und fl\u00fcssige Klingenbewegung<\/strong> , minimiert den Widerstand beim Drehen und erm\u00f6glicht ein schnelles und effizientes \u00d6ffnen des Messers.<\/li>\n<\/ul>\n<h4>3. <strong>Kompaktes und leichtes Design:<\/strong><\/h4>\n<ul>\n<li><strong>Gesamtl\u00e4nge:<\/strong> 7,47&#8243; (189,71 mm)<\/li>\n<li><strong>Klingenl\u00e4nge:<\/strong> 3,31&#8243; (84,18 mm)<\/li>\n<li><strong>Gewicht:<\/strong> 2,40 oz. (68,04 g)<\/li>\n<li>Dieses Messer ist <strong>leicht und kompakt<\/strong> , sodass es sich problemlos in der Tasche tragen l\u00e4sst, ohne dass es unn\u00f6tiges Gewicht oder Volumen hinzuf\u00fcgt.<\/li>\n<\/ul>\n<h4>4. <strong>Hochwertige Klinge aus rostfreiem 8Cr13MoV-Stahl:<\/strong><\/h4>\n<ul>\n<li><strong>Die Klinge aus 8Cr13MoV-Stahl<\/strong> ist f\u00fcr ihre <strong>gute Balance zwischen Haltbarkeit und Schnitthaltigkeit<\/strong> bekannt. Die <strong>Satinlackierung<\/strong> verleiht der Klinge ein attraktives Aussehen und sch\u00fctzt vor Korrosion und Verschlei\u00df. <\/li>\n<\/ul>\n<h4>5. <strong>Ergonomischer Griff aus glasfaserverst\u00e4rktem Nylon:<\/strong><\/h4>\n<ul>\n<li><strong>Der glasfaserverst\u00e4rkte Nylongriff<\/strong> bietet <strong>hohe Haltbarkeit<\/strong> und <strong>geringes Gewicht<\/strong> , sodass das Messer bequem zu tragen und zu verwenden ist.<\/li>\n<li><strong>Die Rillen am Griff<\/strong> sorgen f\u00fcr besseren <strong>Halt<\/strong> , auch wenn das Messer nass, schlammig oder \u00f6lig ist, was <strong>die Sicherheit<\/strong> bei der Anwendung erh\u00f6ht.<\/li>\n<\/ul>\n<h4>6. <strong>Liner Lock:<\/strong><\/h4>\n<ul>\n<li><strong>Liner Lock<\/strong> sorgt daf\u00fcr, dass die Klinge w\u00e4hrend des Gebrauchs <strong>sicher verriegelt<\/strong> ist. Dieser Mechanismus erm\u00f6glicht ein einfaches und bequemes <strong>\u00d6ffnen und Schlie\u00dfen<\/strong> des Messers mit einer Hand. <\/li>\n<\/ul>\n<h4>7. <strong>Modernes und funktionales Design:<\/strong><\/h4>\n<ul>\n<li>Das Messer hat <strong>eine elegante, geradlinige Erscheinung<\/strong> , die <strong>hohe Funktionalit\u00e4t<\/strong> mit <strong>minimalistischem Stil<\/strong> verbindet. Der Fokus des Designs liegt darauf, dem Messer ein modernes Aussehen zu verleihen und gleichzeitig so praktisch wie m\u00f6glich zu sein. <\/li>\n<\/ul>\n<h3><strong>Spezifikationen:<\/strong><\/h3>\n<ul>\n<li><strong>Klingenl\u00e4nge:<\/strong> 3,31&#8243; (84,18 mm)<\/li>\n<li><strong>Kante:<\/strong> Glatt<\/li>\n<li><strong>Klingenstahl:<\/strong> 8Cr13MoV<\/li>\n<li><strong>Klingenoberfl\u00e4che:<\/strong> Satin<\/li>\n<li><strong>Klingenst\u00e4rke:<\/strong> 0,13&#8243; (3,23 mm)<\/li>\n<li><strong>Gesamtl\u00e4nge:<\/strong> 7,47&#8243; (189,71 mm)<\/li>\n<li><strong>L\u00e4nge geschlossen:<\/strong> 4,16&#8243; (105,66 mm)<\/li>\n<li><strong>Gewicht:<\/strong> 2,40 oz. (68,04 g)<\/li>\n<li><strong>Griff:<\/strong> Glasfaserverst\u00e4rktes Nylon<\/li>\n<li><strong>Stil:<\/strong> Unterst\u00fctztes Klappmesser mit Liner Lock<\/li>\n<\/ul>\n<h3><strong>Verwenden:<\/strong><\/h3>\n<ul>\n<li><strong>Taschenmesser f\u00fcr den t\u00e4glichen Gebrauch (EDC):<\/strong> Kompakte Gr\u00f6\u00dfe und schnelles \u00d6ffnen machen dieses Messer ideal f\u00fcr den t\u00e4glichen Gebrauch. Ob Sie einen Umschlag \u00f6ffnen, Verpackungsmaterial schneiden oder andere allt\u00e4gliche Aufgaben erledigen, mit dem LCK+ k\u00f6nnen Sie schnell und effizient arbeiten. <\/li>\n<li><strong>Notfallsituationen:<\/strong> Mit unterst\u00fctztem \u00d6ffnen und einem reibungslosen Mechanismus eignet sich dieses Messer hervorragend f\u00fcr schnelles Handeln im Notfall.<\/li>\n<li><strong>Outdoor-Aktivit\u00e4ten:<\/strong> Dank seines robusten Griffs und der praktischen Gr\u00f6\u00dfe eignet es sich ideal f\u00fcr den Einsatz in der Natur, beim Camping, Angeln oder Wandern.<\/li>\n<\/ul>\n<h3><strong>Abschluss:<\/strong><\/h3>\n<p><strong>Das CRKT LCK+ 3801<\/strong> ist das ideale Klappmesser f\u00fcr alle <strong>, die Geschwindigkeit, Leichtigkeit und Zuverl\u00e4ssigkeit<\/strong> suchen. Mit unterst\u00fctzter \u00d6ffnung, einer Qualit\u00e4tsklinge und einem eleganten Design ist es das perfekte Werkzeug f\u00fcr den Alltag, <strong>das Funktionalit\u00e4t und Stil<\/strong> kompromisslos vereint. Egal, ob Sie es f\u00fcr allt\u00e4gliche Aufgaben oder in Situationen verwenden, in denen Sie eine schnelle und sichere Reaktion ben\u00f6tigen, Sie werden das LCK+ nicht vermissen.  <\/p>\n<\/div>\n<\/div>\n<\/div>\n<\/div>\n<div class=\"mb-2 flex gap-3 empty:hidden -ml-2\">\n<div class=\"items-center justify-start rounded-xl p-1 flex\">\n<div class=\"flex items-center\"><\/div>\n<\/div>\n<\/div>\n<div class=\"pr-2 lg:pr-0\"><\/div>\n<\/div>\n<\/div>\n<\/div>\n<\/div>\n<\/article>\n<\/div>\n<\/div>\n<\/div>\n<\/div>\n<\/div>\n<p><iframe title=\"CRKT LCK+ | Matthew Lerch Design\" width=\"800\" height=\"450\" src=\"https:\/\/www.youtube.com\/embed\/xP_OCzLOsWA?feature=oembed\" frameborder=\"0\" allow=\"accelerometer; autoplay; clipboard-write; encrypted-media; gyroscope; picture-in-picture; web-share\" referrerpolicy=\"strict-origin-when-cross-origin\" allowfullscreen><\/iframe><\/p>\n<p>&nbsp;<\/p>\n","protected":false},"excerpt":{"rendered":"<div class=\"flex max-w-full flex-col flex-grow\">\n<div class=\"min-h-8 text-message flex w-full flex-col items-end gap-2 whitespace-normal break-words text-start [.text-message+&amp;]:mt-5\" dir=\"auto\" data-message-author-role=\"assistant\" data-message-id=\"aef4849f-584c-45ea-851d-e4d75e9ddba5\" data-message-model-slug=\"gpt-4o-mini\">\n<div class=\"flex w-full flex-col gap-1 empty:hidden first:pt-[3px]\">\n<div class=\"markdown prose w-full break-words dark:prose-invert light\">\n<p><strong>Das CRKT LCK+ 3801 ist das ideale Klappmesser f\u00fcr alle, die Geschwindigkeit, Leichtigkeit und Zuverl\u00e4ssigkeit suchen. Mit unterst\u00fctzter \u00d6ffnung, einer Qualit\u00e4tsklinge und einem eleganten Design ist es das perfekte Werkzeug f\u00fcr den Alltag, das Funktionalit\u00e4t und Stil kompromisslos vereint. Egal, ob Sie es f\u00fcr allt\u00e4gliche Aufgaben oder in Situationen verwenden, in denen Sie eine schnelle und sichere Reaktion ben\u00f6tigen, Sie werden das LCK+ nicht vermissen.  <\/strong><\/p>\n<\/div>\n<\/div>\n<\/div>\n<\/div>\n<div class=\"mb-2 flex gap-3 empty:hidden -ml-2\">\n<div class=\"items-center justify-start rounded-xl p-1 flex\">\n<div class=\"flex items-center\"><\/div>\n<\/div>\n<\/div>\n","protected":false},"featured_media":333585,"comment_status":"open","ping_status":"closed","template":"","meta":[],"pwb-brand":[3457],"product_brand":[],"product_cat":[3303,3285],"product_tag":[3669],"class_list":{"0":"post-333584","1":"product","2":"type-product","3":"status-publish","4":"has-post-thumbnail","6":"pwb-brand-crkt-de","7":"product_cat-schliesmesser","8":"product_cat-messer","9":"product_tag-b2b-de","11":"first","12":"instock","13":"taxable","14":"shipping-taxable","15":"purchasable","16":"product-type-simple"},"brands":[{"id":3457,"name":"CRKT","slug":"crkt-de"}],"_links":{"self":[{"href":"https:\/\/www.moskito.cz\/de\/wp-json\/wp\/v2\/product\/333584","targetHints":{"allow":["GET"]}}],"collection":[{"href":"https:\/\/www.moskito.cz\/de\/wp-json\/wp\/v2\/product"}],"about":[{"href":"https:\/\/www.moskito.cz\/de\/wp-json\/wp\/v2\/types\/product"}],"replies":[{"embeddable":true,"href":"https:\/\/www.moskito.cz\/de\/wp-json\/wp\/v2\/comments?post=333584"}],"wp:featuredmedia":[{"embeddable":true,"href":"https:\/\/www.moskito.cz\/de\/wp-json\/wp\/v2\/media\/333585"}],"wp:attachment":[{"href":"https:\/\/www.moskito.cz\/de\/wp-json\/wp\/v2\/media?parent=333584"}],"wp:term":[{"taxonomy":"pwb-brand","embeddable":true,"href":"https:\/\/www.moskito.cz\/de\/wp-json\/wp\/v2\/pwb-brand?post=333584"},{"taxonomy":"product_brand","embeddable":true,"href":"https:\/\/www.moskito.cz\/de\/wp-json\/wp\/v2\/product_brand?post=333584"},{"taxonomy":"product_cat","embeddable":true,"href":"https:\/\/www.moskito.cz\/de\/wp-json\/wp\/v2\/product_cat?post=333584"},{"taxonomy":"product_tag","embeddable":true,"href":"https:\/\/www.moskito.cz\/de\/wp-json\/wp\/v2\/product_tag?post=333584"}],"curies":[{"name":"wp","href":"https:\/\/api.w.org\/{rel}","templated":true}]}}