{"id":333718,"date":"2024-04-16T23:09:11","date_gmt":"2024-04-16T22:11:05","guid":{"rendered":"https:\/\/www.moskito.cz\/produkt\/damastmesser-crkt-limited-edition-walker-fortuitous-4015\/"},"modified":"2025-05-07T11:11:35","modified_gmt":"2025-05-07T10:11:35","slug":"damastmesser-crkt-limited-edition-walker-fortuitous-4015","status":"publish","type":"product","link":"https:\/\/www.moskito.cz\/de\/produkt\/damastmesser-crkt-limited-edition-walker-fortuitous-4015\/","title":{"rendered":"Damastmesser CRKT Limited Edition Walker Fortuitous 4015"},"content":{"rendered":"<p>Damastmesser <strong>CRKT<\/strong> Limited Edition Walker Fortuitous 4015.<\/p>\n<p>Vom renommierten Messermacher Michael Walker kommt Fortuitous\u2122, ein Paar Puzzles in limitierter Auflage, hergestellt in Italien in Zusammenarbeit mit Lionsteel\u00ae. Dieses Modell verf\u00fcgt \u00fcber eine Rose\u2122 Damasteel\u00ae-Klinge f\u00fcr hervorragende Schneidleistung und ein markantes Aussehen sowie einen Titangriff f\u00fcr leichte Festigkeit. Mit einer F\u00fclle k\u00fcnstlerischer Details versehen, die an Michaels eigene Designs erinnern. So sch\u00f6n wie selten.<br \/>\nPremium-Materialien: Rose\u2122 Damasteel\u00ae f\u00fcr \u00fcberragende Schneidleistung<br \/>\nSanftes \u00d6ffnen: Der IKBS\u2122-Kugellagerstift entfaltet die Klinge sanft<br \/>\nSchnelles \u00d6ffnen: Flipper entfaltet die Klinge schnell<br \/>\nEinfach zu schlie\u00dfen: Der Einsteckverschluss l\u00e4sst sich einfach mit einer Hand schlie\u00dfen<br \/>\nStark und leicht: Der Titangriff vereint St\u00e4rke mit minimalem Gewicht<br \/>\nNiedriges Profil: Der tiefe Trageclip passt tief in Ihre Tasche<\/p>\n<p>Klingenstahl Damast<br \/>\nKlingenkante glatt<br \/>\nOberfl\u00e4chenbehandlung der Klinge mit S\u00e4ure\u00e4tzung<\/p>\n<p>Klingenl\u00e4nge: 8,91 cm<br \/>\nKlingenst\u00e4rke 0,34 cm<br \/>\nGesamtl\u00e4nge: 20,7 cm<br \/>\nL\u00e4nge geschlossen: 11,89 cm<br \/>\nGewicht 3,80 Unzen. (107,73 g)<\/p>\n<p><iframe title=\"CRKT Fortuitous | Michael Walker Design\" width=\"800\" height=\"450\" src=\"https:\/\/www.youtube.com\/embed\/t2nwvKVT7GU?feature=oembed\" frameborder=\"0\" allow=\"accelerometer; autoplay; clipboard-write; encrypted-media; gyroscope; picture-in-picture; web-share\" referrerpolicy=\"strict-origin-when-cross-origin\" allowfullscreen><\/iframe><\/p>\n<p>&nbsp;<\/p>\n","protected":false},"excerpt":{"rendered":"<p>DESIGNER<br \/>\nMichael Walker<br \/>\nTaos, New Mexico<br \/>\nMichael Walker wurde 2004 in die Hall of Fame des Blade Magazine aufgenommen und gilt als Erfinder von mehr als 20 Messermechanismen, darunter dem modernen Liner-Lock. Er ist eine treibende Kraft in der Welt der Ultra-High-End-Custom-Messer. Er begann als Juwelier und entdeckte sp\u00e4ter eine tiefe Leidenschaft f\u00fcr Klappmesser, da ihn die Kombination aus Technik, Industriedesign und k\u00fcnstlerischem Ausdruck anzog. Seine markanten Formen und aufw\u00e4ndigen Designs sind sofort erkennbar und auch nach Jahrzehnten in der Branche bleibt es einer der bekanntesten Namen im Besteckbereich.<\/p>\n","protected":false},"featured_media":333662,"comment_status":"open","ping_status":"closed","template":"","meta":[],"pwb-brand":[3457],"product_brand":[],"product_cat":[3420,3285],"product_tag":[3669],"class_list":{"0":"post-333718","1":"product","2":"type-product","3":"status-publish","4":"has-post-thumbnail","6":"pwb-brand-crkt-de","7":"product_cat-damaszenermesser","8":"product_cat-messer","9":"product_tag-b2b-de","11":"first","12":"instock","13":"taxable","14":"shipping-taxable","15":"purchasable","16":"product-type-simple"},"brands":[{"id":3457,"name":"CRKT","slug":"crkt-de"}],"_links":{"self":[{"href":"https:\/\/www.moskito.cz\/de\/wp-json\/wp\/v2\/product\/333718","targetHints":{"allow":["GET"]}}],"collection":[{"href":"https:\/\/www.moskito.cz\/de\/wp-json\/wp\/v2\/product"}],"about":[{"href":"https:\/\/www.moskito.cz\/de\/wp-json\/wp\/v2\/types\/product"}],"replies":[{"embeddable":true,"href":"https:\/\/www.moskito.cz\/de\/wp-json\/wp\/v2\/comments?post=333718"}],"wp:featuredmedia":[{"embeddable":true,"href":"https:\/\/www.moskito.cz\/de\/wp-json\/wp\/v2\/media\/333662"}],"wp:attachment":[{"href":"https:\/\/www.moskito.cz\/de\/wp-json\/wp\/v2\/media?parent=333718"}],"wp:term":[{"taxonomy":"pwb-brand","embeddable":true,"href":"https:\/\/www.moskito.cz\/de\/wp-json\/wp\/v2\/pwb-brand?post=333718"},{"taxonomy":"product_brand","embeddable":true,"href":"https:\/\/www.moskito.cz\/de\/wp-json\/wp\/v2\/product_brand?post=333718"},{"taxonomy":"product_cat","embeddable":true,"href":"https:\/\/www.moskito.cz\/de\/wp-json\/wp\/v2\/product_cat?post=333718"},{"taxonomy":"product_tag","embeddable":true,"href":"https:\/\/www.moskito.cz\/de\/wp-json\/wp\/v2\/product_tag?post=333718"}],"curies":[{"name":"wp","href":"https:\/\/api.w.org\/{rel}","templated":true}]}}