{"id":333732,"date":"2021-09-14T21:23:58","date_gmt":"2021-09-14T20:23:58","guid":{"rendered":"https:\/\/www.moskito.cz\/produkt\/schiessmesser-sog-tac-tini-tanto-auto\/"},"modified":"2025-12-30T14:46:12","modified_gmt":"2025-12-30T13:46:12","slug":"schiessmesser-sog-tac-tini-tanto-auto","status":"publish","type":"product","link":"https:\/\/www.moskito.cz\/de\/produkt\/schiessmesser-sog-tac-tini-tanto-auto\/","title":{"rendered":"Schie\u00dfmesser SOG TAC TINI Tanto AUTO"},"content":{"rendered":"<p>Schie\u00dfmesser SOG TAC TINI Tanto AUTO.<\/p>\n<p>Dem urspr\u00fcnglichen automatischen SOG, SOG-TAC, vertrauen LEOs im ganzen Land. Der aus AUS-8 und 6061-T6-Aluminium gefertigte SOG-TAC verf\u00fcgt \u00fcber einen verbesserten Griff f\u00fcr maximalen Halt und ist somit ideal f\u00fcr die Selbstverteidigung. Der langlebige und schnell zu \u00f6ffnende SOG-TAC ist eine zuverl\u00e4ssige Automatik f\u00fcr die anspruchsvollsten Situationen.<\/p>\n<p>GESAMTL\u00c4NGE : 20.32 cm<br \/>\nGESCHLOSSENE L\u00c4NGE : 11.43 cm<br \/>\nPRODUKTGEWICHT : 3.80 oz<br \/>\nFLASCHENL\u00c4NGE : 9 cm<br \/>\nPRODUKTLINIE : SOG-TAC Auto<br \/>\nVERRIEGELUNGSMECHANISMUS : Automatisch<br \/>\n\u00d6FFNUNGSMECHANISMUS : Automatisch<br \/>\nG\u00dcRTELKAPPEN TYP : Reversible Low-Carry<br \/>\nFINISH : Hardcased Black TiNi<br \/>\nGRIFFSTYP : Partially Serrated<br \/>\nSTAHLGRIFFSTYP : AUS-8<br \/>\nGRIFFFORM : Tanto<br \/>\nZ\u00e4higkeit : RC 57-58<br \/>\nGRIFFMATERIAL : Eloxiertes 6061-T6 Aluminium<br \/>\nGRIFFFARBE : Schwarz<\/p>\n<p>Die urspr\u00fcngliche SOG-Automatik SOG-TAC genie\u00dft das Vertrauen von LEOs im ganzen Land. Der SOG-TAC besteht aus AUS-8- und 6061-T6-Aluminium und verf\u00fcgt \u00fcber einen konturierten Griff f\u00fcr maximalen Halt, was ihn ideal f\u00fcr die Selbstverteidigung macht. Der langlebige und schnell zu \u00f6ffnende SOG-TAC ist eine zuverl\u00e4ssige Automatik f\u00fcr die schwierigsten Situationen.<\/p>\n<p>GESAMTL\u00c4NGE<br \/>\n8&#8243;<br \/>\nGESCHLOSSENE L\u00c4NGE<br \/>\n4,5&#8243;<br \/>\nPRODUKTGEWICHT<br \/>\n3,80 Unzen<br \/>\nKLINGENL\u00c4NGE<br \/>\n3,5&#8243;<br \/>\nUPC<br \/>\n7-29857-99123-0<br \/>\nPRODUKTFAMILIE<br \/>\nSOG-TAC-Auto<br \/>\nPRODUKTART<br \/>\nKlappmesser<br \/>\nVERSCHLUSSMECHANISMUS<br \/>\nAutomatisch<br \/>\n\u00d6FFNUNGSMECHANISMUS<br \/>\nAutomatisch<br \/>\nG\u00dcRTELCLIP-TYP<br \/>\nReversibler Low-Carry<br \/>\nVERPACKUNG<br \/>\nPr\u00e4sentationsbox<br \/>\nBEENDEN<br \/>\nHartverpacktes schwarzes TiNi<br \/>\nKANTENTYP<br \/>\nTeilweise gezahnt<br \/>\nKLINGENSTAHLTYP<br \/>\nAUS-8<br \/>\nKLINGENFORM<br \/>\nTanto<br \/>\nH\u00c4RTE<br \/>\nRc. 57-58<br \/>\nGRIFFMATERIAL<br \/>\nEloxiertes Aluminium 6061-T6<br \/>\nGRIFFFARBE<br \/>\nSchwarz<\/p>\n","protected":false},"excerpt":{"rendered":"<p>Ob Sie andere besch\u00fctzen oder eine epische Jagdexpedition leiten, ob Sie eine der t\u00e4glichen Herausforderungen des Lebens meistern oder sich mit den extremsten Bedingungen auseinandersetzen &#8211; gehen Sie Ihren Weg mit <strong>SOG<\/strong>.<\/p>\n<p><strong>Wir geben auf alle SOG-Messer eine lebenslange Garantie!<\/strong><\/p>\n","protected":false},"featured_media":333735,"comment_status":"open","ping_status":"closed","template":"","meta":[],"pwb-brand":[3605],"product_brand":[],"product_cat":[3343,3285],"product_tag":[3669],"class_list":{"0":"post-333732","1":"product","2":"type-product","3":"status-publish","4":"has-post-thumbnail","6":"pwb-brand-wie-g","7":"product_cat-schiesmesser","8":"product_cat-messer","9":"product_tag-b2b-de","11":"first","12":"instock","13":"taxable","14":"shipping-taxable","15":"purchasable","16":"product-type-simple"},"brands":[{"id":3605,"name":"WIE G","slug":"wie-g"}],"_links":{"self":[{"href":"https:\/\/www.moskito.cz\/de\/wp-json\/wp\/v2\/product\/333732","targetHints":{"allow":["GET"]}}],"collection":[{"href":"https:\/\/www.moskito.cz\/de\/wp-json\/wp\/v2\/product"}],"about":[{"href":"https:\/\/www.moskito.cz\/de\/wp-json\/wp\/v2\/types\/product"}],"replies":[{"embeddable":true,"href":"https:\/\/www.moskito.cz\/de\/wp-json\/wp\/v2\/comments?post=333732"}],"wp:featuredmedia":[{"embeddable":true,"href":"https:\/\/www.moskito.cz\/de\/wp-json\/wp\/v2\/media\/333735"}],"wp:attachment":[{"href":"https:\/\/www.moskito.cz\/de\/wp-json\/wp\/v2\/media?parent=333732"}],"wp:term":[{"taxonomy":"pwb-brand","embeddable":true,"href":"https:\/\/www.moskito.cz\/de\/wp-json\/wp\/v2\/pwb-brand?post=333732"},{"taxonomy":"product_brand","embeddable":true,"href":"https:\/\/www.moskito.cz\/de\/wp-json\/wp\/v2\/product_brand?post=333732"},{"taxonomy":"product_cat","embeddable":true,"href":"https:\/\/www.moskito.cz\/de\/wp-json\/wp\/v2\/product_cat?post=333732"},{"taxonomy":"product_tag","embeddable":true,"href":"https:\/\/www.moskito.cz\/de\/wp-json\/wp\/v2\/product_tag?post=333732"}],"curies":[{"name":"wp","href":"https:\/\/api.w.org\/{rel}","templated":true}]}}