{"id":333791,"date":"2023-07-03T12:18:29","date_gmt":"2023-07-03T11:18:29","guid":{"rendered":"https:\/\/www.moskito.cz\/produkt\/spyderco-dragonfly-2-salt-c28pyl2-klappmesser\/"},"modified":"2025-05-07T11:11:39","modified_gmt":"2025-05-07T10:11:39","slug":"spyderco-dragonfly-2-salt-c28pyl2-klappmesser","status":"publish","type":"product","link":"https:\/\/www.moskito.cz\/de\/produkt\/spyderco-dragonfly-2-salt-c28pyl2-klappmesser\/","title":{"rendered":"Spyderco Dragonfly 2 Salt C28PYL2 Klappmesser"},"content":{"rendered":"<p><strong>Spyderco<\/strong> Dragonfly 2 Salt C28PYL2 Klappmesser<\/p>\n<p>Der Spyderco Dragonfly 2 wird jetzt mit einer extrem rostbest\u00e4ndigen H2-Klingenoption namens Dragonfly 2 Salt angeboten. Was das Dragonfly zu einem Bestseller macht, ist seine mittelgro\u00dfe Klinge, der ergonomische Griff mit Aussparung f\u00fcr den Zeigefinger und die H\u00f6cker auf dem R\u00fccken. Die Klingen-Griff-Geometrie und die Hebelpunkte f\u00fcllen die Greifhand aus und vermitteln das Gef\u00fchl, mit einem viel gr\u00f6\u00dferen Messer zu schneiden. Der FRN-Griff (Glasfaserverst\u00e4rktes Nylon) ist mit einem Griffmuster namens Bi-Directional Texturing geformt, das die Hand ergonomisch mit einer Vielzahl von Winkeln und Hebelpunkten ausf\u00fcllt und in Marinegelb erh\u00e4ltlich ist.<\/p>\n<p>Die zus\u00e4tzlichen strukturierten Paspeln an der Chol und der R\u00fcckseite sowie die verschraubte Griffkonstruktion und der nach links\/rechts klappbare Drahtclip erm\u00f6glichen ein einfaches und bequemes Tragen in der Tasche. Spydercos pr\u00e4zise Platzierung des aufgeweiteten runden Lochs relativ zum Stift erm\u00f6glicht ein reibungsloses \u00d6ffnen\/Schlie\u00dfen. Die Hohlschleifscheibe f\u00fcr hohe Schneidleistung ist in der Konfiguration PlainEdge oder SpyderEdge erh\u00e4ltlich.<br \/>\nFunktion<\/p>\n<p>Links\/rechts, hochklappbarer Kabelclip<br \/>\nDavid Boye Dent<br \/>\n11 mm Rundbohrung Spyderco<br \/>\nBidirektionale Griffe mit FRN-Textur<br \/>\nR\u00fccken, Choil und Riffelgriff<br \/>\nFlachgeschliffene, blattf\u00f6rmige Klinge<\/p>\n<p>Spezifikationen<\/p>\n<p>Klingenl\u00e4nge: <span id=\"cwos\" class=\"qv3Wpe\">5,62 cm<\/span><br \/>\nL\u00e4nge geschlossen: <span id=\"cwos\" class=\"qv3Wpe\">8,27 cm<\/span><br \/>\nGesamtl\u00e4nge: 14 cm<br \/>\nStahl: Ultrakorrosionsbest\u00e4ndiger H2-Stahl<br \/>\nGewicht: 1,2 Unzen. (34g)<br \/>\nHergestellt in Japan<\/p>\n<p>&nbsp;<\/p>\n","protected":false},"excerpt":{"rendered":"<p><strong>Der Spyderco Dragonfly 2 wird jetzt mit einer extrem korrosionsbest\u00e4ndigen H2-Klingenoption namens Dragonfly 2 Salt angeboten.<\/strong><\/p>\n","protected":false},"featured_media":333792,"comment_status":"open","ping_status":"closed","template":"","meta":[],"pwb-brand":[3427],"product_brand":[],"product_cat":[3303,3285],"product_tag":[3669],"class_list":{"0":"post-333791","1":"product","2":"type-product","3":"status-publish","4":"has-post-thumbnail","6":"pwb-brand-spyderco-de","7":"product_cat-schliesmesser","8":"product_cat-messer","9":"product_tag-b2b-de","11":"first","12":"instock","13":"taxable","14":"shipping-taxable","15":"purchasable","16":"product-type-simple"},"brands":[{"id":3427,"name":"Spyderco","slug":"spyderco-de"}],"_links":{"self":[{"href":"https:\/\/www.moskito.cz\/de\/wp-json\/wp\/v2\/product\/333791","targetHints":{"allow":["GET"]}}],"collection":[{"href":"https:\/\/www.moskito.cz\/de\/wp-json\/wp\/v2\/product"}],"about":[{"href":"https:\/\/www.moskito.cz\/de\/wp-json\/wp\/v2\/types\/product"}],"replies":[{"embeddable":true,"href":"https:\/\/www.moskito.cz\/de\/wp-json\/wp\/v2\/comments?post=333791"}],"wp:featuredmedia":[{"embeddable":true,"href":"https:\/\/www.moskito.cz\/de\/wp-json\/wp\/v2\/media\/333792"}],"wp:attachment":[{"href":"https:\/\/www.moskito.cz\/de\/wp-json\/wp\/v2\/media?parent=333791"}],"wp:term":[{"taxonomy":"pwb-brand","embeddable":true,"href":"https:\/\/www.moskito.cz\/de\/wp-json\/wp\/v2\/pwb-brand?post=333791"},{"taxonomy":"product_brand","embeddable":true,"href":"https:\/\/www.moskito.cz\/de\/wp-json\/wp\/v2\/product_brand?post=333791"},{"taxonomy":"product_cat","embeddable":true,"href":"https:\/\/www.moskito.cz\/de\/wp-json\/wp\/v2\/product_cat?post=333791"},{"taxonomy":"product_tag","embeddable":true,"href":"https:\/\/www.moskito.cz\/de\/wp-json\/wp\/v2\/product_tag?post=333791"}],"curies":[{"name":"wp","href":"https:\/\/api.w.org\/{rel}","templated":true}]}}