{"id":333796,"date":"2023-07-02T20:22:57","date_gmt":"2024-04-17T07:40:52","guid":{"rendered":"https:\/\/www.moskito.cz\/produkt\/spyderco-dragonfly-2-c28pbk2-klappmesser\/"},"modified":"2024-04-17T08:40:52","modified_gmt":"2024-04-17T07:40:52","slug":"spyderco-dragonfly-2-c28pbk2-klappmesser","status":"publish","type":"product","link":"https:\/\/www.moskito.cz\/de\/produkt\/spyderco-dragonfly-2-c28pbk2-klappmesser\/","title":{"rendered":"Spyderco Dragonfly 2 C28PBK2 Klappmesser"},"content":{"rendered":"<p><strong>Spyderco<\/strong> Dragonfly 2 C28PBK2 Klappmesser<\/p>\n<p>CQI \u2013 Continuous Quality Improvement ist der Prozess, <strong>den Spyderco<\/strong> verwendet, um seit langem etablierte Messermodelle zu bewerten und zu verbessern. Manchmal sind CQI-\u00c4nderungen gro\u00df und sp\u00fcrbar, manchmal handelt es sich um geringf\u00fcgige Verbesserungen. Wir haben CQI k\u00fcrzlich auf den klassischen Dragonfly angewendet und den neuen Dragonfly 2 erstellt. Dragonfly 2 verbessert gegen\u00fcber der klassischen Version einige bemerkenswerte Funktionen, beh\u00e4lt aber wichtige Grundlagen bei.<\/p>\n<p>Zu den Merkmalen, die auch bei der neuen Version \u00fcbernommen wurden, geh\u00f6ren die bew\u00e4hrte mittelgro\u00dfe Klinge und der ergonomische Griff sowie eine Zeigefinger- und R\u00fcckenbefestigung. Au\u00dferdem bleiben die Geometrie zwischen Klinge und Griff sowie die Hebelpunkte erhalten, die daf\u00fcr sorgen, dass das Dragonfly schneidet und sich beim Halten wie ein viel gr\u00f6\u00dferes Messer anf\u00fchlt.<\/p>\n<p>Zu den neuen Verbesserungen geh\u00f6ren: die Hinzuf\u00fcgung einer links\/rechts hochklappbaren Drahtschnalle, eine patentierte Zwei-Wege-Texturierung am Griff, Choil- und Spine-Jimping sowie eine verschraubte Griffkonstruktion. Die Klinge besteht immer noch aus hochwertigem VG-10, jetzt mit einem Hochleistungs-Flachschliff.<\/p>\n<p>Die Position des aufgeweiteten runden Lochs von Spyderco im Verh\u00e4ltnis zum Stift sorgt f\u00fcr ein sanftes \u00d6ffnen, und der FRN-Griff (Fiber Glass Reinforced Nylon) liegt mit einer Vielzahl von Griffwinkeln und Hebelpunkten ergonomisch in der Hand.<\/p>\n<p>Spezifikationen:<br \/>\nKlingenl\u00e4nge: 5,8 cm<br \/>\nKlingenst\u00e4rke: 0,25 cm<br \/>\nGesamtl\u00e4nge: 13,8 cm<br \/>\nL\u00e4nge geschlossen: 8,2 cm<br \/>\nKlingenstahl: VG-10<br \/>\nGewicht: 1,2 Unzen. (33g)<br \/>\nGriffmaterial: FRN<br \/>\nHergestellt in Seki-City, Japan<\/p>\n","protected":false},"excerpt":{"rendered":"<p><strong>CQI \u2013 Continuous Quality Improvement ist der Prozess, den Spyderco verwendet, um seit langem etablierte Messermodelle zu bewerten und zu verbessern.<\/strong><\/p>\n","protected":false},"featured_media":333797,"comment_status":"open","ping_status":"closed","template":"","meta":[],"pwb-brand":[3427],"product_brand":[],"product_cat":[3303,3285],"product_tag":[3669],"class_list":{"0":"post-333796","1":"product","2":"type-product","3":"status-publish","4":"has-post-thumbnail","6":"pwb-brand-spyderco-de","7":"product_cat-schliesmesser","8":"product_cat-messer","9":"product_tag-b2b-de","11":"first","12":"instock","13":"taxable","14":"shipping-taxable","15":"purchasable","16":"product-type-simple"},"brands":[{"id":3427,"name":"Spyderco","slug":"spyderco-de"}],"_links":{"self":[{"href":"https:\/\/www.moskito.cz\/de\/wp-json\/wp\/v2\/product\/333796","targetHints":{"allow":["GET"]}}],"collection":[{"href":"https:\/\/www.moskito.cz\/de\/wp-json\/wp\/v2\/product"}],"about":[{"href":"https:\/\/www.moskito.cz\/de\/wp-json\/wp\/v2\/types\/product"}],"replies":[{"embeddable":true,"href":"https:\/\/www.moskito.cz\/de\/wp-json\/wp\/v2\/comments?post=333796"}],"wp:featuredmedia":[{"embeddable":true,"href":"https:\/\/www.moskito.cz\/de\/wp-json\/wp\/v2\/media\/333797"}],"wp:attachment":[{"href":"https:\/\/www.moskito.cz\/de\/wp-json\/wp\/v2\/media?parent=333796"}],"wp:term":[{"taxonomy":"pwb-brand","embeddable":true,"href":"https:\/\/www.moskito.cz\/de\/wp-json\/wp\/v2\/pwb-brand?post=333796"},{"taxonomy":"product_brand","embeddable":true,"href":"https:\/\/www.moskito.cz\/de\/wp-json\/wp\/v2\/product_brand?post=333796"},{"taxonomy":"product_cat","embeddable":true,"href":"https:\/\/www.moskito.cz\/de\/wp-json\/wp\/v2\/product_cat?post=333796"},{"taxonomy":"product_tag","embeddable":true,"href":"https:\/\/www.moskito.cz\/de\/wp-json\/wp\/v2\/product_tag?post=333796"}],"curies":[{"name":"wp","href":"https:\/\/api.w.org\/{rel}","templated":true}]}}