{"id":333832,"date":"2023-07-02T19:33:41","date_gmt":"2024-04-17T07:45:07","guid":{"rendered":"https:\/\/www.moskito.cz\/produkt\/spyderco-dragonfly-2-emerson-opener-c28pgyw2-schliessmesser\/"},"modified":"2025-05-07T11:11:39","modified_gmt":"2025-05-07T10:11:39","slug":"spyderco-dragonfly-2-emerson-opener-c28pgyw2-schliessmesser","status":"publish","type":"product","link":"https:\/\/www.moskito.cz\/de\/produkt\/spyderco-dragonfly-2-emerson-opener-c28pgyw2-schliessmesser\/","title":{"rendered":"Spyderco Dragonfly 2 Emerson Opener C28PGYW2 Schlie\u00dfmesser"},"content":{"rendered":"<p><strong>Spyderco<\/strong> Dragonfly 2 Emerson Opener C28PGYW2 Schlie\u00dfmesser<\/p>\n<p>Einer der Nachteile kompakter Messer besteht darin, dass das \u00d6ffnen mit einer Hand etwas schwieriger ist. Der Dragonfly 2 Emerson Opener l\u00f6st dieses Problem, indem er den beliebten Dragonfly 2 Lightweight-\u00d6ffner mit dem Emerson Opener aufr\u00fcstet \u2013 einem integrierten Haken, der die Oberseite der Tasche erfasst und die Klinge automatisch \u00f6ffnet, wenn das Messer gezogen wird. Diese Hochgeschwindigkeitsversion des Dragonfly 2 verf\u00fcgt \u00fcber FRNs charakteristischen dunkelgrauen Griff mit rutschfester, bidirektionaler Textur und vereint stolz alle anderen charakteristischen Merkmale dieses beliebten Modells. Hinweis: Spyderco nennt dies einen dunkelgrauen FRN-Griff, das tats\u00e4chliche Aussehen ist jedoch eher dunkelblau.<\/p>\n<p>Emerson-Er\u00f6ffner<\/p>\n<p>Ernest Emerson hatte einen tiefgreifenden Einfluss auf die Messerindustrie und sowohl auf die Form als auch auf die Funktion des modernen taktischen Klappmessers. Obwohl die Bandbreite seines Einflusses \u00e4u\u00dferst gro\u00df ist, war seine vielleicht revolution\u00e4rste Innovation der \u201eEmerson Opener\u201c. Auch als \u201eWave Feature\u201c oder umgangssprachlich \u2013 und ungenauer \u2013 \u201eWave\u201c bekannt, besteht es aus einem kleinen integrierten Haken auf der R\u00fcckseite der Klappmesserklinge. Wenn das geschlossene Messer gekippt und aus der Tasche gezogen wird, verf\u00e4ngt sich der Haken am Rand der Tasche und dreht die Klinge schnell in die ge\u00f6ffnete Position. Wenn Sie Ihr Taschenmesser schnell benutzen m\u00fcssen, ist der Emerson Opener die schnellste Wahl.<\/p>\n<p>Ernest Emersons Messerweg<\/p>\n<p>Ernest Emerson, ein geb\u00fcrtiger Nordwisconsin, wurde am 7. geboren M\u00e4rz 1955. Als begabter Sportler in der High School begann seine lebenslange Leidenschaft f\u00fcr Kampfsportarten im Alter von 16 Jahren mit dem Training von Yudo, der koreanischen Version des Judo. Er besuchte die University of Wisconsin-Lacrosse und erwarb Abschl\u00fcsse in Sport und Weltgeschichte sowie einen braunen G\u00fcrtel im Kyokushinkai-Karate und einen schwarzen G\u00fcrtel im Shotokan-Karate.<\/p>\n<p>Unmittelbar nach seinem Abschluss zog Emerson nach S\u00fcdkalifornien mit dem einzigen Ziel, seine Kampfkunstausbildung an der ber\u00fchmten Inosanto Martial Arts Academy unter der Anleitung der Bruce Lee-Sch\u00fctzlinge Dan Inosanto und Richard Bustillo fortzusetzen. Dort studierte er die philippinische Kunst von Kali und Bruce Lees Systeme Jun Fan Gung Fu und Jeet Kune Do. Sp\u00e4ter trainierte er auch brasilianisches Jujitsu bei den renommierten Royce und Rorion Gracie. W\u00e4hrend dieser Zeit verdiente Emerson seinen Lebensunterhalt als Maschinist und Konstrukteur f\u00fcr Hughes Aircraft.<\/p>\n<p>Als Emerson 1978 philippinische Kampfk\u00fcnste studierte, stellte er fest, dass er ein Balisong- oder Butterfly-Messer brauchte. Balisongs waren damals nicht allgemein erh\u00e4ltlich, also beschloss er, seine eigenen zu machen. Als seine Klassenkameraden das sahen, baten sie Emerson, auch f\u00fcr sie Messer anzufertigen. Balisongs f\u00fchrten schnell zu Messern mit feststehender Klinge und, nachdem Michael Walker auf einer Waffenmesse ein ma\u00dfgeschneidertes LinerLock-Klappmesser gesehen hatte, schlie\u00dflich zu Klappmessern. Mit Walkers Segen begann Emerson mit der Herstellung von LinerLock-Klappmessern und wurde bald ein hauptberuflicher Messermacher. Inspiriert durch seine Arbeit in der Luft- und Raumfahrtindustrie verwendete er hochmoderne Hochleistungsmaterialien und konzentrierte sich auf sorgf\u00e4ltig gefertigte Messer in Investitionsqualit\u00e4t.<\/p>\n<p>Mitte der 80er Jahre Emerson verlagerte seinen Fokus auf spartanischere, taktische Designs. Er \u00fcbernahm auch den einseitigen Mei\u00dfelschliff, ein charakteristisches Merkmal der Messer seines Messermacherkollegen Phil Hartsfield, der Messer f\u00fcr Mitglieder der US Navy SEALs an der Westk\u00fcste herstellte. Als die SEALs Hartsfield baten, Klappmesser herzustellen, erkl\u00e4rte er, dass er nur feststehende Klingen herstelle und stellte sie Emerson vor. Die Komponenten von Emerson wurden schnell zu einem unverzichtbaren Ausr\u00fcstungsgegenstand der SEALs, und diese Popularit\u00e4t verbreitete sich bald auch bei anderen US-amerikanischen und ausl\u00e4ndischen Spezialeinheiten und Elite-Strafverfolgungsbeh\u00f6rden. Dies f\u00fchrte sp\u00e4ter zu Kooperationen mit mehreren f\u00fchrenden kommerziellen Messerherstellern und schlie\u00dflich zu Emerson Knives, Inc., Emersons eigener Messerfirma, die er zusammen mit seiner Frau Mary gr\u00fcndete.<\/p>\n<p>Emersons legend\u00e4re Entw\u00fcrfe wurden im Metropolitan Museum of Art und im Smithsonian Museum ausgestellt \u2013 eine beispiellose Leistung f\u00fcr einen Messermacher \u2013 und einige der besten Krieger der Welt vertrauen seinen Messern weiterhin.<\/p>\n<p>Die Geburt des Emerson-Openers<\/p>\n<p>Der Emerson-\u00d6ffner ist eine der dynamischsten Messerinnovationen, die jemals entwickelt wurden, und wurde im Laufe der Jahre \u2013 mit und ohne Emersons Segen \u2013 bei unz\u00e4hligen Messern verwendet. Die eigentliche Erfindung dieser Funktion war jedoch ein Zufall. Laut Emerson wollten die Ausbilder des Combat Fighting Course der US Navy SEALs ein spezielles Messer f\u00fcr den Kampfeinsatz entwickeln. Eines der von ihnen gew\u00fcnschten Designmerkmale war ein \u201eKlingenf\u00e4nger\u201c auf der R\u00fcckseite der Klinge, um die Hand des Benutzers zu sch\u00fctzen. Emerson hat dieses Merkmal in sein ikonisches Commander-Modell integriert und sich daf\u00fcr entschieden, es wie eine kleine Meereswelle zu formen. Als er die ersten Prototypen des Entwurfs fertigstellte, kamen mehrere SEALs vom US-Marinest\u00fctzpunkt Coronado in seine Werkstatt, um sie zum Testen und Bewerten abzuholen.<\/p>\n<p>Kurz nachdem die SEALs gegangen waren, holte Emerson seinen Messerprototyp heraus und bemerkte pl\u00f6tzlich, dass beim Reinigen seiner Tasche der \u201eKlingenverschluss\u201c die Klinge erfasst und teilweise ge\u00f6ffnet hatte. Zuerst bef\u00fcrchtete er, dass es sich um ein Sicherheitsproblem handeln k\u00f6nnte, aber als er das Experiment mit mehr Nachdruck wiederholte, wurde ihm klar, dass diese Funktion die Klinge zuverl\u00e4ssig und sehr schnell \u00f6ffnete. Gerade als er diese Offenbarung hatte, klingelte das Telefon in seinem Gesch\u00e4ft. Es waren die Coronado SEALs, die gerade zum St\u00fctzpunkt zur\u00fcckgekehrt waren, mit der Bewertung des Messers begannen und die gleiche erstaunliche automatische \u00d6ffnungsfunktion wie den \u201eKlingenf\u00e4nger\u201c entdeckten.<\/p>\n<p>Wegen seiner Form nannte Emerson seine Erfindung \u201eWave\u201c und meldete 1997 ein Gebrauchsmuster daf\u00fcr an. Das Patent Nr. 5.878.500 wurde im M\u00e4rz 1999 erteilt, aber seitdem hat ein anderes Messer- und Werkzeugunternehmen, Leatherman, \u201eWave\u201c als Marke eingetragen f\u00fcr Messer verwendet wurde, \u00e4nderte Emerson die offizielle Bezeichnung f\u00fcr den Begriff in \u201ewellenf\u00f6rmiges \u00d6ffnungsmerkmal\u201c. Er machte es auch zu einem obligatorischen Merkmal f\u00fcr alle Messer, die sein Unternehmen f\u00fcr Milit\u00e4r- und Strafverfolgungszwecke herstellte.<\/p>\n<p>Spyderco-Mitbegr\u00fcnder Sal Glesser, ein begeisterter Anh\u00e4nger aller neuen Entwicklungen in der Messerindustrie, sch\u00e4tzte die Brillanz von Emersons Erfindung und wandte sich an ihn, um eine Lizenz f\u00fcr die Verwendung in ausgew\u00e4hlten Spyderco-Designs zu erteilen. Im Jahr 2006 haben wir Versionen der beliebten Delica 4 und Endura 4 Lightweights herausgebracht, die stolz unsere Version des Emerson-\u00d6ffners enthielten. Um die formelle Lizenz dieser Funktion zu best\u00e4tigen, hat Spyderco Emersons Patentnummer auf der R\u00fcckseite der Klinge eingraviert.<\/p>\n<p>Seitdem ist die \u201ewellenf\u00f6rmige \u00d6ffnungsfunktion\u201c bei einer Reihe anderer Spyderco-Modelle aufgetaucht, darunter bei den Rescue 93mm-, Endura- und Delica-Trainern, Matriarch 2, Karahawk, Tropen sowie den P&#8217;Kal- und P&#8217;Kal-Trainern sind insofern einzigartig, als sie \u00fcber einen abnehmbaren Emerson-\u00d6ffner verf\u00fcgen, der in die R\u00fcckseite der Klinge eingeschraubt wird. In j\u00fcngerer Zeit wurde Emersons Erfindung in die Modelle Endela Lightweight, Dragonfly 2 und Byrd Cara Cara 2 Lightweight sowie in mehrere exklusive Modelle in limitierter Auflage integriert, darunter eine Variante des beliebten Paramilitary 2.<\/p>\n<p>Im Januar 2016 erhielt Ernest Emerson die in den USA eingetragene Marke Nr. 4.879.356 f\u00fcr das ikonische, propriet\u00e4re Design seines \u201eWave Shaped Feature\u201c. Sein Gebrauchsmuster lief 2017 aus und seitdem wurden viele Messer mit dem Emerson-\u00d6ffner hergestellt, ohne Emerson oder seine revolution\u00e4re Innovation zu erw\u00e4hnen. Es gibt auch unz\u00e4hlige improvisierte Ger\u00e4te, Klingenmodifikationen und Aftermarket-Zubeh\u00f6r, die die Funktion des Emerson-\u00d6ffners nachahmen. Aber nichts geht \u00fcber das Original. Zu diesem Zweck lizenziert Spyderco diese einzigartige Funktion weiterhin offiziell von Emerson \u2013 auch nach Ablauf des Patents \u2013 und ist \u00e4u\u00dferst stolz auf die langj\u00e4hrige Freundschaft, die wir mit diesem legend\u00e4ren Messerhersteller pflegen.<\/p>\n<p>RICHTIGE VERWENDUNG DES EMERSON-\u00d6FFNERS<\/p>\n<p>Edge-U-Cation\u00ae<\/p>\n<p>Im Gegensatz zu herk\u00f6mmlichen Einhand-Klappmessern oder sogar automatischen Messern, bei denen sich die Klinge nach dem Ziehen des Messers schnell \u00f6ffnen l\u00e4sst, zieht der Emerson-\u00d6ffner die Klinge zur\u00fcck, wenn sie die Tasche freigibt, und ist damit die schnellste verf\u00fcgbare \u00d6ffnungsmethode. Um diese Geschwindigkeit zu erreichen, sind jedoch immer noch angemessene Kleidung und eine gute Technik erforderlich.<\/p>\n<p>Wie bei jeder neuen F\u00e4higkeit ist es am besten, langsam anzufangen. Wenn m\u00f6glich, verwenden Sie zuerst die Trainerversion des Emerson Opener und wechseln Sie dann zur Live-Klinge, wenn Sie sich bereit f\u00fchlen. Um Sachsch\u00e4den oder Verletzungen anderer zu vermeiden, stellen Sie vor dem \u00d6ffnen des Messers immer sicher, dass sich in Ihrer Umgebung keine Personen und Hindernisse befinden. Da sich der Emerson-\u00d6ffner au\u00dferdem an der \u00d6ffnung der Tasche einhakt, eignet er sich am besten f\u00fcr Hosen aus festem Stoff. Anzughosen und andere Hosen aus leichten Stoffen sind f\u00fcr diese \u00d6ffnungsmethode nicht geeignet.<\/p>\n<p>Standardgriff:<\/p>\n<p>Um das Messer in einen Standardgriff zu ziehen und zu \u00f6ffnen \u2013 wobei die Klinge aus der Daumenseite Ihrer Hand herausragt \u2013 stellen Sie zun\u00e4chst sicher, dass es f\u00fcr das Tragen mit Kippfunktion konfiguriert ist, indem Sie einen Clip am hinteren Ende des Griffs anbringen. Stecken Sie das geschlossene Messer so in die Tasche, dass sich der K\u00f6rper des Messers in der Tasche befindet und das Messer ganz hinten in der Tasche positioniert ist. Die R\u00fcckseite der Klinge sollte nach hinten zeigen.<\/p>\n<p>Greifen Sie mit dem Daumen so tief wie m\u00f6glich in die Tasche und richten Sie ihn fest gegen die Seite des Messergriffs. Beugen Sie gleichzeitig Ihre Finger so, dass Ihr Zeigefinger unter der Spitze des Verschlusses einhakt. \u00dcben Sie einen Kneifdruck zwischen Daumen und Fingern aus, um einen sicheren Halt des Messers zu gew\u00e4hrleisten. \u00dcben Sie beim Anheben des Messers leichten Druck nach hinten aus, um die R\u00fcckseite der Klinge an der R\u00fcckseite der Tasche zu halten. W\u00e4hrend der Emerson-\u00d6ffner an der \u00d6ffnung der Tasche einhakt, ziehen Sie weiter, sodass sich Ihr Arm leicht nach hinten streckt und die Klinge sicher Ihren K\u00f6rper freigibt, um in der vollst\u00e4ndig ge\u00f6ffneten Position zu arretieren.<\/p>\n<p>\u00dcben Sie diese Bewegungen langsam und vorsichtig, bis Sie damit vollkommen vertraut sind. Erh\u00f6hen Sie dann schrittweise Ihre Geschwindigkeit und achten Sie dabei auf die Sicherheit.<\/p>\n<p>R\u00fcckw\u00e4rtsgriff:<\/p>\n<p>Spyderco-Messer mit Emerson-\u00d6ffnern k\u00f6nnen auch so konfiguriert werden, dass sie sich in einen umgekehrten Griff zur\u00fcckziehen, wobei die Klinge aus der Seite des kleinen Fingers herausragt. Um Ihr Messer f\u00fcr diese Art des Ziehens zu konfigurieren, installieren Sie einen Clip am hinteren Ende des Griffs, sodass die R\u00fcckseite der geschlossenen Klinge nach vorne zeigt, wenn das Messer in die Tasche eingerastet wird. Um optimale Ergebnisse zu erzielen, lassen Sie das Messer weiter nach vorne in Ihrer Tasche einrasten, n\u00e4her an der Mittellinie Ihres K\u00f6rpers.<\/p>\n<p>Um aus dieser Position zu zeichnen, greifen Sie mit dem Daumen tief in die Tasche und richten Sie ihn gegen den Griff des Messers. Achten Sie dabei darauf, dass sich der Daumenr\u00fccken auf der R\u00fcckseite des Griffst\u00fccks befindet. Legen Sie die Spitzen Ihres Zeige- und Mittelfingers auf die Basis des Verschlusses und \u00fcben Sie Druck zwischen ihnen und Ihrem Daumen aus. Halten Sie den Griff fest und ziehen Sie das Messer aus der Tasche. \u00dcben Sie dabei Vorw\u00e4rtsdruck aus, um die R\u00fcckseite der geschlossenen Klinge gegen die Vorderseite Ihrer Tasche zu dr\u00fccken. Sobald das Messer die Tasche verl\u00e4sst, erfasst der Emerson-\u00d6ffner den Rand der Tasche und dreht die Klinge in die offene Position.<\/p>\n<p>\u00dcben Sie diese Bewegungen erneut langsam und sorgf\u00e4ltig und gr\u00fcndlich, bevor Sie Ihre Geschwindigkeit erh\u00f6hen. Dabei werden Sie feststellen, dass mindestens eine m\u00e4\u00dfige Geschwindigkeit erforderlich ist, um die Klinge vollst\u00e4ndig auszufahren und zu verriegeln.<\/p>\n<p>Zeichnen ohne \u00d6ffnen:<\/p>\n<p>Wenn Sie Ihr mit einem Emerson-\u00d6ffner ausgestattetes Messer nicht schnell \u00f6ffnen m\u00fcssen, k\u00f6nnen Sie es auch ohne automatische \u00d6ffnung der Klinge ziehen. Verwenden Sie dazu den gleichen Griff und die gleiche Mechanik wie zuvor beschrieben, f\u00fchren Sie das Messer jedoch durch die Mitte der Tasche, ohne dass der Haken am Tascheneingang h\u00e4ngen bleibt. Sie k\u00f6nnen auch mit Ihrem Zeigefinger Druck auf die R\u00fcckseite der Klinge aus\u00fcben und diese geschlossen halten, w\u00e4hrend Sie das Messer ziehen.<\/p>\n<p>Der Emerson Opener ist eine einzigartige Funktion, die die Geschwindigkeit und den einfachen Einsatz unserer Messer deutlich erh\u00f6ht. Um das Beste daraus zu machen, denken Sie an das Sprichwort des Navy SEAL: \u201eLangsam ist sanft und sanft ist schnell.\u201c Nehmen Sie sich die Zeit, sanft und schnell zu werden, es wird von selbst kommen.<\/p>\n<p>Spezifikationen<br \/>\nKlingenl\u00e4nge: 5,8 cm<br \/>\nL\u00e4nge geschlossen: 8,5 cm<br \/>\nGesamtl\u00e4nge: 14,2 cm<br \/>\nKlingenst\u00e4rke: 0,25 cm<br \/>\nKlingenmaterial: Edelstahl VG10<br \/>\nKlingenstil: Speerspitze<br \/>\nKlingensch\u00e4rfen: S\u00e4bel<br \/>\nOberfl\u00e4chenbehandlung der Klinge: satiniert<br \/>\nKlingenkante: Glatt<br \/>\nGriffmaterial: Zweifach strukturiertes FRN<br \/>\nGrifffarbe: dunkelgrau<br \/>\nVerriegelungsmechanismus: Lockback<br \/>\nTaschenclip: Ausklappbar, links\/rechts tragbar<br \/>\nModellnummer: C28PGYW2<br \/>\nModellname: Dragonfly 2 Emerson Opener<br \/>\nGewicht: 1,3 Unzen. (37g)<br \/>\nPatentierte Emerson Wave<br \/>\nHergestellt in Japan<\/p>\n","protected":false},"excerpt":{"rendered":"<p><strong>Einer der Nachteile kompakter Messer besteht darin, dass sie sich etwas schwieriger mit einer Hand \u00f6ffnen lassen. Der Dragonfly 2 Emerson Opener l\u00f6st dieses Problem, indem er den beliebten Dragonfly 2 Lightweight Opener mit dem Emerson Opener aufr\u00fcstet.<\/strong><\/p>\n","protected":false},"featured_media":333833,"comment_status":"open","ping_status":"closed","template":"","meta":[],"pwb-brand":[3427],"product_brand":[],"product_cat":[3285,3303],"product_tag":[3669],"class_list":{"0":"post-333832","1":"product","2":"type-product","3":"status-publish","4":"has-post-thumbnail","6":"pwb-brand-spyderco-de","7":"product_cat-messer","8":"product_cat-schliesmesser","9":"product_tag-b2b-de","11":"first","12":"instock","13":"taxable","14":"shipping-taxable","15":"purchasable","16":"product-type-simple"},"brands":[{"id":3427,"name":"Spyderco","slug":"spyderco-de"}],"_links":{"self":[{"href":"https:\/\/www.moskito.cz\/de\/wp-json\/wp\/v2\/product\/333832","targetHints":{"allow":["GET"]}}],"collection":[{"href":"https:\/\/www.moskito.cz\/de\/wp-json\/wp\/v2\/product"}],"about":[{"href":"https:\/\/www.moskito.cz\/de\/wp-json\/wp\/v2\/types\/product"}],"replies":[{"embeddable":true,"href":"https:\/\/www.moskito.cz\/de\/wp-json\/wp\/v2\/comments?post=333832"}],"wp:featuredmedia":[{"embeddable":true,"href":"https:\/\/www.moskito.cz\/de\/wp-json\/wp\/v2\/media\/333833"}],"wp:attachment":[{"href":"https:\/\/www.moskito.cz\/de\/wp-json\/wp\/v2\/media?parent=333832"}],"wp:term":[{"taxonomy":"pwb-brand","embeddable":true,"href":"https:\/\/www.moskito.cz\/de\/wp-json\/wp\/v2\/pwb-brand?post=333832"},{"taxonomy":"product_brand","embeddable":true,"href":"https:\/\/www.moskito.cz\/de\/wp-json\/wp\/v2\/product_brand?post=333832"},{"taxonomy":"product_cat","embeddable":true,"href":"https:\/\/www.moskito.cz\/de\/wp-json\/wp\/v2\/product_cat?post=333832"},{"taxonomy":"product_tag","embeddable":true,"href":"https:\/\/www.moskito.cz\/de\/wp-json\/wp\/v2\/product_tag?post=333832"}],"curies":[{"name":"wp","href":"https:\/\/api.w.org\/{rel}","templated":true}]}}