{"id":333881,"date":"2023-10-26T18:29:13","date_gmt":"2024-04-17T09:32:50","guid":{"rendered":"https:\/\/www.moskito.cz\/produkt\/verschlussmesser-kershaw-frontrunner-2039\/"},"modified":"2025-05-07T11:11:40","modified_gmt":"2025-05-07T10:11:40","slug":"verschlussmesser-kershaw-frontrunner-2039","status":"publish","type":"product","link":"https:\/\/www.moskito.cz\/de\/produkt\/verschlussmesser-kershaw-frontrunner-2039\/","title":{"rendered":"Verschlussmesser Kershaw FRONTRUNNER 2039"},"content":{"rendered":"<p>Verschlussmesser <strong>Kershaw<\/strong> FRONTRUNNER 2039<\/p>\n<p><strong>Der Frontrunner<\/strong> f\u00fchrt <strong>das Kershaw-<\/strong> Sortiment mit einem stilvollen und scharfen Design an. Das vom ZT 0999 inspirierte Handklappmesser verf\u00fcgt \u00fcber einen komplexen Griff. Mehrere Griffkomponenten sind miteinander verbunden, darunter Edelstahl und bearbeitete G10-Teile. Am vorderen Griff sticht ein speziell angefertigter G10-Drehring hervor, und die hintere Griffauflage dient als \u00dcberschlagstopp. Ein Teil des Reizes liegt darin, was Sie nicht sehen k\u00f6nnen. Negativraum spielt eine entscheidende Rolle bei der Verbesserung des Erscheinungsbilds des Griffs. Aber Frontrunner ist viel mehr als nur ein Kunstwerk. Die Clip Point-Klinge besteht aus Hochleistungs-D2-Klingenstahl und l\u00e4sst sich mit KVT-Kugellagerscheiben wie Butter \u00f6ffnen. Lass dich nicht zur\u00fccklassen. Sichern Sie sich den unverzichtbaren <strong>Frontrunner<\/strong> .<\/p>\n<p>Inspiriert von 0999; einzigartiges, aufwendiges Griffdesign<br \/>\nD2-Klingenstahl bietet Schnitthaltigkeit, Festigkeit und H\u00e4rte; Die graue PVD- und Stonewashed-Klinge bietet ein einzigartiges Aussehen und deckt Kratzer ab<br \/>\nLeicht zu \u00f6ffnen mit KVT-Kugellagersystem und Flipper<br \/>\nExtra tiefer Taschenclip mit einer Position; Der Platz f\u00fcr ein Rohr dient als Stift f\u00fcr das Seil.<\/p>\n<p>Stylisches Taschenmesser<br \/>\nDesigner Kershaw Originals<br \/>\nClip-Spitze im Klingenstil<br \/>\nKlingenkante glatt<br \/>\n\u00d6ffnungshandbuch Kugellager KVT<br \/>\nSchlosstyp Rahmenschloss<br \/>\nTaschenclip Extra tiefes Tragen in einer Position (rechts, zusammenklappbar)<br \/>\nGrifffarbe Grau und Bronze<br \/>\nHardware-Griffschrauben aus schwarzem Oxid, Taschenclip-Schnalle mit grauer PVD-Beschichtung, kugelgestrahlte Taschenclip-Schrauben<br \/>\nHerkunftsland USA: Design, Prototyp, Qualit\u00e4tskontrolle.<\/p>\n<p>Klingenl\u00e4nge: 7,4 cm<br \/>\nKlingenmaterial D2<br \/>\nKlingenfinish\/Scheide Stonewash-Finish<br \/>\nKlingenst\u00e4rke 0,31 cm<br \/>\nL\u00e4nge geschlossen: 10,9 cm<br \/>\nGriffmaterial Edelstahl, G10<br \/>\nGriffoberfl\u00e4che\/Abdeckung: Graue PVD-Beschichtung und Steinbronze-PVD-Beschichtung<br \/>\nGriffst\u00e4rke: 1,3 cm<br \/>\nGesamtl\u00e4nge: 18,3 cm<br \/>\nGewicht: 116 g<\/p>\n<p>&nbsp;<\/p>\n<p>&nbsp;<\/p>\n<p>&nbsp;<\/p>\n<p><iframe title=\"Kershaw Frontrunner - Model 2039\" width=\"800\" height=\"450\" src=\"https:\/\/www.youtube.com\/embed\/gG2Trlh7T88?feature=oembed\" frameborder=\"0\" allow=\"accelerometer; autoplay; clipboard-write; encrypted-media; gyroscope; picture-in-picture; web-share\" referrerpolicy=\"strict-origin-when-cross-origin\" allowfullscreen><\/iframe><\/p>\n<p>&nbsp;<\/p>\n","protected":false},"excerpt":{"rendered":"<p><strong>Der Frontrunner f\u00fchrt das Kershaw-Sortiment mit einem stilvollen und scharfen Design an.<\/strong><\/p>\n","protected":false},"featured_media":333882,"comment_status":"open","ping_status":"closed","template":"","meta":[],"pwb-brand":[3772],"product_brand":[],"product_cat":[3303,3285],"product_tag":[],"class_list":{"0":"post-333881","1":"product","2":"type-product","3":"status-publish","4":"has-post-thumbnail","6":"pwb-brand-kershaw-de","7":"product_cat-schliesmesser","8":"product_cat-messer","10":"first","11":"instock","12":"taxable","13":"shipping-taxable","14":"purchasable","15":"product-type-simple"},"brands":[{"id":3772,"name":"Kershaw","slug":"kershaw-de"}],"_links":{"self":[{"href":"https:\/\/www.moskito.cz\/de\/wp-json\/wp\/v2\/product\/333881","targetHints":{"allow":["GET"]}}],"collection":[{"href":"https:\/\/www.moskito.cz\/de\/wp-json\/wp\/v2\/product"}],"about":[{"href":"https:\/\/www.moskito.cz\/de\/wp-json\/wp\/v2\/types\/product"}],"replies":[{"embeddable":true,"href":"https:\/\/www.moskito.cz\/de\/wp-json\/wp\/v2\/comments?post=333881"}],"wp:featuredmedia":[{"embeddable":true,"href":"https:\/\/www.moskito.cz\/de\/wp-json\/wp\/v2\/media\/333882"}],"wp:attachment":[{"href":"https:\/\/www.moskito.cz\/de\/wp-json\/wp\/v2\/media?parent=333881"}],"wp:term":[{"taxonomy":"pwb-brand","embeddable":true,"href":"https:\/\/www.moskito.cz\/de\/wp-json\/wp\/v2\/pwb-brand?post=333881"},{"taxonomy":"product_brand","embeddable":true,"href":"https:\/\/www.moskito.cz\/de\/wp-json\/wp\/v2\/product_brand?post=333881"},{"taxonomy":"product_cat","embeddable":true,"href":"https:\/\/www.moskito.cz\/de\/wp-json\/wp\/v2\/product_cat?post=333881"},{"taxonomy":"product_tag","embeddable":true,"href":"https:\/\/www.moskito.cz\/de\/wp-json\/wp\/v2\/product_tag?post=333881"}],"curies":[{"name":"wp","href":"https:\/\/api.w.org\/{rel}","templated":true}]}}