{"id":333908,"date":"2022-04-22T20:59:20","date_gmt":"2024-04-17T11:53:05","guid":{"rendered":"https:\/\/www.moskito.cz\/produkt\/schliessmesser-extrema-ratio-bf1-cd-schwarz\/"},"modified":"2025-05-07T11:11:42","modified_gmt":"2025-05-07T10:11:42","slug":"schliessmesser-extrema-ratio-bf1-cd-schwarz","status":"publish","type":"product","link":"https:\/\/www.moskito.cz\/de\/produkt\/schliessmesser-extrema-ratio-bf1-cd-schwarz\/","title":{"rendered":"Schlie\u00dfmesser Extrema Ratio BF1 CD SCHWARZ"},"content":{"rendered":"<p>Schlie\u00dfmesser <strong>Extrema Ratio<\/strong> BF1 CD SCHWARZ.<\/p>\n<p>BF1 ist abschlie\u00dfbar f\u00fcr den t\u00e4glichen Gebrauch, einfach, essentiell und funktional. Die vollst\u00e4ndig polierte Klinge hat eine flache Schneide und die Spitze ist besonders robust und langlebig. Der ebenfalls polierte Griff verf\u00fcgt \u00fcber die charakteristischen reduzierten Fl\u00e4chen f\u00fcr den Eingriff in die \u00d6ffnungs-\u201eStifte\u201c, ohne aus dem Profil des geschlossenen Messers hervorzustehen. Der doppelseitige Clip befindet sich hinter der Klinge und umschlie\u00dft die Messerklinge, sodass sie in der Tasche vollst\u00e4ndig verborgen ist. Bei der Klingenverriegelung handelt es sich um den bew\u00e4hrten LINER-LOCK. Erh\u00e4ltlich in den Versionen: BF1 CT BLACK, BF1 CT BLACK RUVIDO, BF1 CT DESERT WARFARE, BF1 CD BLACK, BF1 CD BLACK RUVIDO, BF1 CD DESERT WARFARE.<\/p>\n<p>GEWICHT G.: 88<br \/>\nGEWICHT VON OZ.: 3,1<br \/>\nKLINGENL\u00c4NGE (MM): 69<br \/>\nKLINGENL\u00c4NGE (IN): 2,7<br \/>\nGESAMTL\u00c4NGE (MM): 171<br \/>\nGESAMTL\u00c4NGE (H): 6,7<br \/>\nKLINGENST\u00c4RKE (MM): 3<br \/>\nKLINGENST\u00c4RKE (IN): 0,12<br \/>\nKLINGENMATERIAL: B\u00d6HLER N690 STAHL (58HRC)<br \/>\nMESSERFINISH: MIL-C-13924 BR\u00dcNIEREN<br \/>\nKLINGENPFEIL: FLACHDRAHT<br \/>\nGRIFFMATERIAL: ELOXIERTES ANTIKORRODALES ALUMINIUM<\/p>\n","protected":false},"excerpt":{"rendered":"<p><strong>Extrema Ratio mit Sitz in Prato, Italien,<\/strong> entwirft und produziert seit 1997 leistungsstarke Kampf-, Milit\u00e4r-, K\u00fcchen-, Jagd- und taktische Messer und genie\u00dft einen Ruf f\u00fcr \u00fcberlegene Qualit\u00e4t, die in der Milit\u00e4r- und taktischen Messerbranche ihresgleichen sucht. <strong>Kostenloser Transport<\/strong> .<\/p>\n","protected":false},"featured_media":396487,"comment_status":"open","ping_status":"closed","template":"","meta":[],"pwb-brand":[3539],"product_brand":[],"product_cat":[3303,3285],"product_tag":[3669],"class_list":{"0":"post-333908","1":"product","2":"type-product","3":"status-publish","4":"has-post-thumbnail","6":"pwb-brand-extrema-verhaltnis","7":"product_cat-schliesmesser","8":"product_cat-messer","9":"product_tag-b2b-de","11":"first","12":"instock","13":"taxable","14":"shipping-taxable","15":"purchasable","16":"product-type-simple"},"brands":[{"id":3539,"name":"Extrema-Verh\u00e4ltnis","slug":"extrema-verhaltnis"}],"_links":{"self":[{"href":"https:\/\/www.moskito.cz\/de\/wp-json\/wp\/v2\/product\/333908","targetHints":{"allow":["GET"]}}],"collection":[{"href":"https:\/\/www.moskito.cz\/de\/wp-json\/wp\/v2\/product"}],"about":[{"href":"https:\/\/www.moskito.cz\/de\/wp-json\/wp\/v2\/types\/product"}],"replies":[{"embeddable":true,"href":"https:\/\/www.moskito.cz\/de\/wp-json\/wp\/v2\/comments?post=333908"}],"wp:featuredmedia":[{"embeddable":true,"href":"https:\/\/www.moskito.cz\/de\/wp-json\/wp\/v2\/media\/396487"}],"wp:attachment":[{"href":"https:\/\/www.moskito.cz\/de\/wp-json\/wp\/v2\/media?parent=333908"}],"wp:term":[{"taxonomy":"pwb-brand","embeddable":true,"href":"https:\/\/www.moskito.cz\/de\/wp-json\/wp\/v2\/pwb-brand?post=333908"},{"taxonomy":"product_brand","embeddable":true,"href":"https:\/\/www.moskito.cz\/de\/wp-json\/wp\/v2\/product_brand?post=333908"},{"taxonomy":"product_cat","embeddable":true,"href":"https:\/\/www.moskito.cz\/de\/wp-json\/wp\/v2\/product_cat?post=333908"},{"taxonomy":"product_tag","embeddable":true,"href":"https:\/\/www.moskito.cz\/de\/wp-json\/wp\/v2\/product_tag?post=333908"}],"curies":[{"name":"wp","href":"https:\/\/api.w.org\/{rel}","templated":true}]}}