{"id":333933,"date":"2021-05-09T20:33:50","date_gmt":"2021-05-09T19:33:50","guid":{"rendered":"https:\/\/www.moskito.cz\/produkt\/schliessmesser-extrema-ratio-resolza-10-stone-washed\/"},"modified":"2026-03-02T13:59:35","modified_gmt":"2026-03-02T12:59:35","slug":"schliessmesser-extrema-ratio-resolza-10-stone-washed","status":"publish","type":"product","link":"https:\/\/www.moskito.cz\/de\/produkt\/schliessmesser-extrema-ratio-resolza-10-stone-washed\/","title":{"rendered":"Schlie\u00dfmesser Extrema Ratio RESOLZA 10 STONE WASHED"},"content":{"rendered":"<p>Schlie\u00dfmesser <strong>Extrema Ratio<\/strong> RESOLZA 10 STONE WASHED.<\/p>\n<p><strong>RESOLZA<\/strong> ist ein alter Name, der an das italienische Wort f\u00fcr Rasiermesser erinnert. Das jahrhundertealte sardische \u201eResolza\u201c, eines der ber\u00fchmtesten Traditionsmesser unseres Landes, ist noch immer ein st\u00e4ndiger Begleiter der Bauern und Hirten der Insel bei ihrer t\u00e4glichen Arbeit. Er folgte ihnen auch, als sie in den Krieg einberufen wurden: Chroniken der Sassari-Brigade w\u00e4hrend des Ersten Weltkriegs erw\u00e4hnen ein Messer als Teil der Ausr\u00fcstung der Soldaten. Unser Versuch, dieses traditionelle Design nach unseren eigenen Ma\u00dfst\u00e4ben neu zu bewerten, ist als Hommage gedacht und vernachl\u00e4ssigt nicht die sardischen Handwerker, die immer noch die alten Methoden der Messerherstellung praktizieren und die Vorfahren am Leben erhalten. Dieses RESOLZA beh\u00e4lt die urspr\u00fcnglichen Abmessungen und Proportionen mit einer 3,9-Zoll-Klinge bei, wird jedoch mit den \u00fcblichen High-End-Materialien und Technologien von Extrema Ratio hergestellt. Der Griff wurde neu gestaltet, w\u00e4hrend die Klinge st\u00e4rker der traditionellen Form folgt. Als Weiterentwicklung der Tradition haben wir einen Klingenverriegelungsmechanismus hinzugef\u00fcgt. Verf\u00fcgbare Versionen: RESOLZA 10 BLACK, RESOLZA 10 STONE WASHED.<br \/>\nTECHNISCHES MERKBLATT<br \/>\nGewicht oz.: 2.29<br \/>\nKlingenl\u00e4nge (mm): 100<br \/>\nKlingenl\u00e4nge (in Zoll): 3.93<br \/>\nGesamtl\u00e4nge (mm): 220<br \/>\nGesamtl\u00e4nge (in Zoll): 8.66<br \/>\nKlingenst\u00e4rke (mm): 3<br \/>\nKlingenst\u00e4rke (in Zoll): 0.11<br \/>\nKlingenmaterial: B\u00f6HLER N690 STEEL (58HRC)<br \/>\nKlingenfinish: STONE COATED<br \/>\nHauptgitter: FLAT<br \/>\nGriffmaterial: ANTICORODAL ELOXIERTES ALUMINIUM<\/p>\n","protected":false},"excerpt":{"rendered":"<p><strong>Extrema Ratio mit Sitz in Prato, Italien,<\/strong> entwirft und fertigt seit 1997 leistungsstarke Kampf-, Milit\u00e4r-, K\u00fcchen-, Jagd- und taktische Messer und genie\u00dft einen Ruf f\u00fcr \u00fcberlegene Qualit\u00e4t, die in der Milit\u00e4r- und taktischen Messerbranche ihresgleichen sucht. <strong>Kostenloser Versand.<\/strong><\/p>\n","protected":false},"featured_media":333934,"comment_status":"open","ping_status":"closed","template":"","meta":[],"pwb-brand":[3539],"product_brand":[],"product_cat":[3303,3285],"product_tag":[3669],"class_list":{"0":"post-333933","1":"product","2":"type-product","3":"status-publish","4":"has-post-thumbnail","6":"pwb-brand-extrema-verhaltnis","7":"product_cat-schliesmesser","8":"product_cat-messer","9":"product_tag-b2b-de","11":"first","12":"outofstock","13":"taxable","14":"shipping-taxable","15":"purchasable","16":"product-type-simple"},"brands":[{"id":3539,"name":"Extrema-Verh\u00e4ltnis","slug":"extrema-verhaltnis"}],"_links":{"self":[{"href":"https:\/\/www.moskito.cz\/de\/wp-json\/wp\/v2\/product\/333933","targetHints":{"allow":["GET"]}}],"collection":[{"href":"https:\/\/www.moskito.cz\/de\/wp-json\/wp\/v2\/product"}],"about":[{"href":"https:\/\/www.moskito.cz\/de\/wp-json\/wp\/v2\/types\/product"}],"replies":[{"embeddable":true,"href":"https:\/\/www.moskito.cz\/de\/wp-json\/wp\/v2\/comments?post=333933"}],"wp:featuredmedia":[{"embeddable":true,"href":"https:\/\/www.moskito.cz\/de\/wp-json\/wp\/v2\/media\/333934"}],"wp:attachment":[{"href":"https:\/\/www.moskito.cz\/de\/wp-json\/wp\/v2\/media?parent=333933"}],"wp:term":[{"taxonomy":"pwb-brand","embeddable":true,"href":"https:\/\/www.moskito.cz\/de\/wp-json\/wp\/v2\/pwb-brand?post=333933"},{"taxonomy":"product_brand","embeddable":true,"href":"https:\/\/www.moskito.cz\/de\/wp-json\/wp\/v2\/product_brand?post=333933"},{"taxonomy":"product_cat","embeddable":true,"href":"https:\/\/www.moskito.cz\/de\/wp-json\/wp\/v2\/product_cat?post=333933"},{"taxonomy":"product_tag","embeddable":true,"href":"https:\/\/www.moskito.cz\/de\/wp-json\/wp\/v2\/product_tag?post=333933"}],"curies":[{"name":"wp","href":"https:\/\/api.w.org\/{rel}","templated":true}]}}