{"id":333960,"date":"2022-11-17T15:24:29","date_gmt":"2024-04-17T12:15:03","guid":{"rendered":"https:\/\/www.moskito.cz\/produkt\/festes-messer-extrema-ratio-nk2-black\/"},"modified":"2025-05-07T11:11:46","modified_gmt":"2025-05-07T10:11:46","slug":"festes-messer-extrema-ratio-nk2-black","status":"publish","type":"product","link":"https:\/\/www.moskito.cz\/de\/produkt\/festes-messer-extrema-ratio-nk2-black\/","title":{"rendered":"Festes Messer Extrema Ratio NK2 BLACK"},"content":{"rendered":"<p>Festes Messer <strong>Extrema Ratio<\/strong> NK2 SCHWARZ.<\/p>\n<p>Das NK2 ist ein verkleinertes Messer, das die Familie der Halsmesser um das Extrema Ratio erweitert. Die wesentlichen Unterschiede zum Vorg\u00e4nger NK1 sind die Tanto-Klinge und das Loch f\u00fcr den Blutabfluss. Das Design des Griffs verhindert versehentliche Verletzungen beim Zeichnen. Die Rille auf der R\u00fcckseite der Klinge ist je nach Arbeitsweise f\u00fcr den Zeigefinger oder Daumen des Benutzers geeignet. Aufgrund seines Gesamtdesigns ist der NK2 sowohl in der Lage, durch \u00e4u\u00dferst effektive Hiebschl\u00e4ge anzugreifen, als auch f\u00fcr feine Pr\u00e4zisionsarbeiten n\u00fctzlich. Das mitgelieferte Kydex-Holster mit Schnellverschluss wird mit einem Paracord-Riemen zum Tragen am Hals geliefert. Es kann auch \u00fcber das MOLLE-System an taktischen Westen oder einer der kompatiblen Cordura-H\u00fcllen von Extrema Ratio befestigt werden. Verf\u00fcgbar, aber nicht im Lieferumfang enthalten: BELT-CLIP (zur Befestigung des Holsters am G\u00fcrtel), Polymer UNDER SHIRT SYSTEM (f\u00fcr verdecktes Tragen).<\/p>\n<p>GEWICHT G: 69<br \/>\nKLINGENL\u00c4NGE (MM): 50<br \/>\nGESAMTL\u00c4NGE (MM): 128<br \/>\nKLINGENST\u00c4RKE (MM): 6,3<br \/>\nKLINGENMATERIAL: B\u00d6HLER N690 STAHL (58HRC)<br \/>\nKLINGENFINISH: SCHWARZ<br \/>\nHAUPTGITTER: FLACH<br \/>\nGRIFFMATERIAL: B\u00d6HLER N690 STAHL (58HRC)<\/p>\n","protected":false},"excerpt":{"rendered":"<p>Extrema Ratio mit Sitz in Prato, Italien, entwirft und produziert seit 1997 leistungsstarke Kampf-, Milit\u00e4r-, K\u00fcchen-, Jagd- und taktische Messer und genie\u00dft einen Ruf f\u00fcr \u00fcberlegene Qualit\u00e4t, die in der Milit\u00e4r- und taktischen Messerbranche ihresgleichen sucht. Kostenloser Transport .<\/p>\n","protected":false},"featured_media":333961,"comment_status":"open","ping_status":"closed","template":"","meta":[],"pwb-brand":[3539],"product_brand":[],"product_cat":[3285,3287],"product_tag":[3669],"class_list":{"0":"post-333960","1":"product","2":"type-product","3":"status-publish","4":"has-post-thumbnail","6":"pwb-brand-extrema-verhaltnis","7":"product_cat-messer","8":"product_cat-solide-messer","9":"product_tag-b2b-de","11":"first","12":"instock","13":"taxable","14":"shipping-taxable","15":"purchasable","16":"product-type-simple"},"brands":[{"id":3539,"name":"Extrema-Verh\u00e4ltnis","slug":"extrema-verhaltnis"}],"_links":{"self":[{"href":"https:\/\/www.moskito.cz\/de\/wp-json\/wp\/v2\/product\/333960","targetHints":{"allow":["GET"]}}],"collection":[{"href":"https:\/\/www.moskito.cz\/de\/wp-json\/wp\/v2\/product"}],"about":[{"href":"https:\/\/www.moskito.cz\/de\/wp-json\/wp\/v2\/types\/product"}],"replies":[{"embeddable":true,"href":"https:\/\/www.moskito.cz\/de\/wp-json\/wp\/v2\/comments?post=333960"}],"wp:featuredmedia":[{"embeddable":true,"href":"https:\/\/www.moskito.cz\/de\/wp-json\/wp\/v2\/media\/333961"}],"wp:attachment":[{"href":"https:\/\/www.moskito.cz\/de\/wp-json\/wp\/v2\/media?parent=333960"}],"wp:term":[{"taxonomy":"pwb-brand","embeddable":true,"href":"https:\/\/www.moskito.cz\/de\/wp-json\/wp\/v2\/pwb-brand?post=333960"},{"taxonomy":"product_brand","embeddable":true,"href":"https:\/\/www.moskito.cz\/de\/wp-json\/wp\/v2\/product_brand?post=333960"},{"taxonomy":"product_cat","embeddable":true,"href":"https:\/\/www.moskito.cz\/de\/wp-json\/wp\/v2\/product_cat?post=333960"},{"taxonomy":"product_tag","embeddable":true,"href":"https:\/\/www.moskito.cz\/de\/wp-json\/wp\/v2\/product_tag?post=333960"}],"curies":[{"name":"wp","href":"https:\/\/api.w.org\/{rel}","templated":true}]}}