{"id":334029,"date":"2024-04-17T13:16:05","date_gmt":"2024-04-17T12:16:34","guid":{"rendered":"https:\/\/www.moskito.cz\/produkt\/festes-messer-extrema-ratio-nk1-stone-washed-copy\/"},"modified":"2025-05-07T11:11:47","modified_gmt":"2025-05-07T10:11:47","slug":"festes-messer-extrema-ratio-nk1-stone-washed-copy","status":"publish","type":"product","link":"https:\/\/www.moskito.cz\/de\/produkt\/festes-messer-extrema-ratio-nk1-stone-washed-copy\/","title":{"rendered":"Festes Messer Extrema Ratio NK1 STONE WASHED &#8211; Copy"},"content":{"rendered":"<p>Festes Messer <strong>Extrema Ratio<\/strong> NK1 STEINGEWASCHEN<\/p>\n<p>Das NK1 ist ein verkleinertes Messer, das auf dem SKINNER basiert (das mit unserem Jagdmesser CULTER VENATORIUS geliefert wird) und zu einem echten taktischen Messer verfeinert wurde. Das Design des Griffs verhindert versehentliche Verletzungen beim Zeichnen. Die Rille auf der R\u00fcckseite der Klinge ist je nach Arbeitsweise f\u00fcr den Zeigefinger oder Daumen des Benutzers geeignet. Aufgrund seines Gesamtdesigns ist der NK1 sowohl in der Lage, durch \u00e4u\u00dferst effektive Hiebschl\u00e4ge anzugreifen, als auch f\u00fcr feine Pr\u00e4zisionsarbeiten n\u00fctzlich. Das mitgelieferte Kydex-Holster mit Schnellverschluss wird mit einem Paracord-Riemen zum Tragen am Hals geliefert. Es kann auch \u00fcber das MOLLE-System an taktischen Westen oder jeder kompatiblen Cordura-Scheide von Extrema Ratio befestigt werden. Verf\u00fcgbar, aber nicht im Lieferumfang enthalten: BELT-CLIP (zur Befestigung des Holsters am G\u00fcrtel), Polymer UNDER SHIRT SYSTEM (f\u00fcr verdecktes Tragen). Verf\u00fcgbare Versionen: NK1 SCHWARZ, NK1 W\u00dcSTENKRIEG, NK1 STEINGEWASCHEN.<\/p>\n<p>GEWICHT G: 56<br \/>\nGEWICHT OZ.: 2<br \/>\nKLINGENL\u00c4NGE (MM): 51<br \/>\nKLINGENL\u00c4NGE (H): 2<br \/>\nGESAMTL\u00c4NGE (MM): 129<br \/>\nGESAMTL\u00c4NGE (IN): 5,1<br \/>\nKLINGENST\u00c4RKE (MM): 3<br \/>\nKLINGENST\u00c4RKE (IN): 0,12<br \/>\nKLINGENMATERIAL: B\u00d6HLER N690 STAHL (58HRC)<br \/>\nKLINGENFINISH: STONE WASHED<br \/>\nHAUPTGRILL: Razor<br \/>\nGRIFFMATERIAL: B\u00d6HLER N690 STAHL (58HRC)<\/p>\n","protected":false},"excerpt":{"rendered":"<p>Extrema Ratio mit Sitz in Prato, Italien, entwirft und produziert seit 1997 leistungsstarke Kampf-, Milit\u00e4r-, K\u00fcchen-, Jagd- und taktische Messer und genie\u00dft einen Ruf f\u00fcr \u00fcberlegene Qualit\u00e4t, die in der Milit\u00e4r- und taktischen Messerbranche ihresgleichen sucht.<\/p>\n","protected":false},"featured_media":334030,"comment_status":"open","ping_status":"closed","template":"","meta":[],"pwb-brand":[3539],"product_brand":[],"product_cat":[3285,3287],"product_tag":[3669],"class_list":{"0":"post-334029","1":"product","2":"type-product","3":"status-publish","4":"has-post-thumbnail","6":"pwb-brand-extrema-verhaltnis","7":"product_cat-messer","8":"product_cat-solide-messer","9":"product_tag-b2b-de","11":"first","12":"instock","13":"taxable","14":"shipping-taxable","15":"purchasable","16":"product-type-simple"},"brands":[{"id":3539,"name":"Extrema-Verh\u00e4ltnis","slug":"extrema-verhaltnis"}],"_links":{"self":[{"href":"https:\/\/www.moskito.cz\/de\/wp-json\/wp\/v2\/product\/334029","targetHints":{"allow":["GET"]}}],"collection":[{"href":"https:\/\/www.moskito.cz\/de\/wp-json\/wp\/v2\/product"}],"about":[{"href":"https:\/\/www.moskito.cz\/de\/wp-json\/wp\/v2\/types\/product"}],"replies":[{"embeddable":true,"href":"https:\/\/www.moskito.cz\/de\/wp-json\/wp\/v2\/comments?post=334029"}],"wp:featuredmedia":[{"embeddable":true,"href":"https:\/\/www.moskito.cz\/de\/wp-json\/wp\/v2\/media\/334030"}],"wp:attachment":[{"href":"https:\/\/www.moskito.cz\/de\/wp-json\/wp\/v2\/media?parent=334029"}],"wp:term":[{"taxonomy":"pwb-brand","embeddable":true,"href":"https:\/\/www.moskito.cz\/de\/wp-json\/wp\/v2\/pwb-brand?post=334029"},{"taxonomy":"product_brand","embeddable":true,"href":"https:\/\/www.moskito.cz\/de\/wp-json\/wp\/v2\/product_brand?post=334029"},{"taxonomy":"product_cat","embeddable":true,"href":"https:\/\/www.moskito.cz\/de\/wp-json\/wp\/v2\/product_cat?post=334029"},{"taxonomy":"product_tag","embeddable":true,"href":"https:\/\/www.moskito.cz\/de\/wp-json\/wp\/v2\/product_tag?post=334029"}],"curies":[{"name":"wp","href":"https:\/\/api.w.org\/{rel}","templated":true}]}}