{"id":334047,"date":"2021-08-19T21:45:15","date_gmt":"2021-08-19T20:45:15","guid":{"rendered":"https:\/\/www.moskito.cz\/produkt\/schliessmesser-extrema-ratio-bf2-helmsman\/"},"modified":"2025-05-07T11:11:48","modified_gmt":"2025-05-07T10:11:48","slug":"schliessmesser-extrema-ratio-bf2-helmsman","status":"publish","type":"product","link":"https:\/\/www.moskito.cz\/de\/produkt\/schliessmesser-extrema-ratio-bf2-helmsman\/","title":{"rendered":"Schlie\u00dfmesser Extrema Ratio BF2 HELMSMAN"},"content":{"rendered":"<p>Schlie\u00dfmesser <strong>Extrema Ratio<\/strong> BF2 HELMSMAN.<\/p>\n<p>Das Helmsman ist ein Messer, das bis ins kleinste Detail f\u00fcr den prim\u00e4ren Einsatz im Meer konzipiert und perfektioniert wurde. Es stellt die Weiterentwicklung des Modells BF2 V dar, das 2013 auf dem Schulschiff Amerigo Vespucci eingef\u00fchrt wurde und dem sch\u00f6nsten Schiff der Welt gewidmet ist.<\/p>\n<p>Die auf 87 mm verl\u00e4ngerte Klinge ist an der Basis gezahnt, w\u00e4hrend die Spitze \u00fcber eine flache Kante verf\u00fcgt, die ein symmetrisches Schneiden mit breiterer Unterst\u00fctzung erm\u00f6glicht, w\u00e4hrend der abschlie\u00dfende Stonewash-Prozess besser vor Korrosion in der Meeresumwelt sch\u00fctzt.<br \/>\nDATEN<br \/>\nGewicht g.: 143<br \/>\nGewicht: 5,04 Unzen<br \/>\nKlingenl\u00e4nge (mm): 87<br \/>\nKlingenl\u00e4nge (Zoll): 3,42<br \/>\nGesamtl\u00e4nge (mm): 210<br \/>\nGesamtl\u00e4nge (Zoll): 8,26<br \/>\nKlingenst\u00e4rke (mm): 3<br \/>\nKlingenst\u00e4rke (Zoll): 0,12<br \/>\nKlingenmaterial: B\u00f6HLER N690 STAHL (58HRC)<br \/>\nOberfl\u00e4chenbehandlung der Klinge: WASHED STONES<br \/>\nKlingenrundung: FLACHDRAHT<br \/>\nTeilverzahnung (Zoll): 1,57<br \/>\nTeilverzahnung (mm):40<br \/>\nGriffmaterial: ELOXIERTES ANTIKORRODALES ALUMINIUM<\/p>\n","protected":false},"excerpt":{"rendered":"<p>Extrema Ratio mit Sitz in Prato, Italien, entwirft und produziert seit 1997 leistungsstarke Kampf-, Milit\u00e4r-, K\u00fcchen-, Jagd- und taktische Messer und genie\u00dft einen Ruf f\u00fcr \u00fcberlegene Qualit\u00e4t, die in der Milit\u00e4r- und taktischen Messerbranche ihresgleichen sucht. Kostenloser Transport .<\/p>\n","protected":false},"featured_media":431773,"comment_status":"open","ping_status":"closed","template":"","meta":[],"pwb-brand":[3539],"product_brand":[],"product_cat":[3303,3285],"product_tag":[3669],"class_list":{"0":"post-334047","1":"product","2":"type-product","3":"status-publish","4":"has-post-thumbnail","6":"pwb-brand-extrema-verhaltnis","7":"product_cat-schliesmesser","8":"product_cat-messer","9":"product_tag-b2b-de","11":"first","12":"instock","13":"taxable","14":"shipping-taxable","15":"purchasable","16":"product-type-simple"},"brands":[{"id":3539,"name":"Extrema-Verh\u00e4ltnis","slug":"extrema-verhaltnis"}],"_links":{"self":[{"href":"https:\/\/www.moskito.cz\/de\/wp-json\/wp\/v2\/product\/334047","targetHints":{"allow":["GET"]}}],"collection":[{"href":"https:\/\/www.moskito.cz\/de\/wp-json\/wp\/v2\/product"}],"about":[{"href":"https:\/\/www.moskito.cz\/de\/wp-json\/wp\/v2\/types\/product"}],"replies":[{"embeddable":true,"href":"https:\/\/www.moskito.cz\/de\/wp-json\/wp\/v2\/comments?post=334047"}],"wp:featuredmedia":[{"embeddable":true,"href":"https:\/\/www.moskito.cz\/de\/wp-json\/wp\/v2\/media\/431773"}],"wp:attachment":[{"href":"https:\/\/www.moskito.cz\/de\/wp-json\/wp\/v2\/media?parent=334047"}],"wp:term":[{"taxonomy":"pwb-brand","embeddable":true,"href":"https:\/\/www.moskito.cz\/de\/wp-json\/wp\/v2\/pwb-brand?post=334047"},{"taxonomy":"product_brand","embeddable":true,"href":"https:\/\/www.moskito.cz\/de\/wp-json\/wp\/v2\/product_brand?post=334047"},{"taxonomy":"product_cat","embeddable":true,"href":"https:\/\/www.moskito.cz\/de\/wp-json\/wp\/v2\/product_cat?post=334047"},{"taxonomy":"product_tag","embeddable":true,"href":"https:\/\/www.moskito.cz\/de\/wp-json\/wp\/v2\/product_tag?post=334047"}],"curies":[{"name":"wp","href":"https:\/\/api.w.org\/{rel}","templated":true}]}}