{"id":334070,"date":"2022-07-07T20:44:29","date_gmt":"2024-04-17T12:20:52","guid":{"rendered":"https:\/\/www.moskito.cz\/produkt\/schliessmesser-extrema-ratio-rao-ii\/"},"modified":"2025-05-07T11:11:49","modified_gmt":"2025-05-07T10:11:49","slug":"schliessmesser-extrema-ratio-rao-ii","status":"publish","type":"product","link":"https:\/\/www.moskito.cz\/de\/produkt\/schliessmesser-extrema-ratio-rao-ii\/","title":{"rendered":"Schlie\u00dfmesser Extrema Ratio RAO II"},"content":{"rendered":"<p>Schlie\u00dfmesser <strong>Extrema Ratio<\/strong> RAO II<\/p>\n<p>Das RAO II ist eine neue Version des ber\u00fchmten Extrema Ratio RAO-Messers; Es verf\u00fcgt \u00fcber eine neue Drop-Point-Klinge und einen verbesserten Griff, der an den oberen Ecken f\u00fcr einen ergonomischeren Griff abgerundet ist. Die zus\u00e4tzliche Sicherheitsverriegelung verwandelt es effektiv in ein Messer mit feststehender Klinge, das eine hervorragende Schneidleistung ohne Verletzungsgefahr erm\u00f6glicht. Die Scheide kann das Messer in ge\u00f6ffneter Position f\u00fcr h\u00e4ufigen Gebrauch oder in geschlossener Position in der Vordertasche halten. Im Lieferumfang ist ein Diamant-Schleifrad enthalten, das stets f\u00fcr eine perfekte Schneide sorgt.<\/p>\n<p>G. GEWICHT: 322<br \/>\nGEWICHT OZ.: 11,4<br \/>\nKLINGENL\u00c4NGE (MM): 119<br \/>\nKLINGENL\u00c4NGE (IN): 4,7<br \/>\nGESAMTL\u00c4NGE (MM): 263<br \/>\nGESAMTL\u00c4NGE (IN): 10,4<br \/>\nKLINGENST\u00c4RKE (MM): 6<br \/>\nKLINGENST\u00c4RKE (IN): 0,24<br \/>\nKLINGENMATERIAL: B\u00d6HLER N690 STAHL (58HRC)<br \/>\nMESSERFINISH: MIL-C-13924 LAYING<br \/>\nHAUPTGITTER: FLACH<br \/>\nGRIFFMATERIAL: KORROSIONSSCHUTZ ELOXIERTES ALUMINIUM<\/p>\n","protected":false},"excerpt":{"rendered":"<p>Extrema Ratio mit Sitz in Prato, Italien, entwirft und produziert seit 1997 leistungsstarke Kampf-, Milit\u00e4r-, K\u00fcchen-, Jagd- und taktische Messer und genie\u00dft einen Ruf f\u00fcr \u00fcberlegene Qualit\u00e4t, die in der Milit\u00e4r- und taktischen Messerbranche ihresgleichen sucht. Kostenloser Transport .<\/p>\n","protected":false},"featured_media":334071,"comment_status":"open","ping_status":"closed","template":"","meta":[],"pwb-brand":[3539],"product_brand":[],"product_cat":[3285,3303],"product_tag":[],"class_list":{"0":"post-334070","1":"product","2":"type-product","3":"status-publish","4":"has-post-thumbnail","6":"pwb-brand-extrema-verhaltnis","7":"product_cat-messer","8":"product_cat-schliesmesser","10":"first","11":"instock","12":"taxable","13":"shipping-taxable","14":"purchasable","15":"product-type-simple"},"brands":[{"id":3539,"name":"Extrema-Verh\u00e4ltnis","slug":"extrema-verhaltnis"}],"_links":{"self":[{"href":"https:\/\/www.moskito.cz\/de\/wp-json\/wp\/v2\/product\/334070","targetHints":{"allow":["GET"]}}],"collection":[{"href":"https:\/\/www.moskito.cz\/de\/wp-json\/wp\/v2\/product"}],"about":[{"href":"https:\/\/www.moskito.cz\/de\/wp-json\/wp\/v2\/types\/product"}],"replies":[{"embeddable":true,"href":"https:\/\/www.moskito.cz\/de\/wp-json\/wp\/v2\/comments?post=334070"}],"wp:featuredmedia":[{"embeddable":true,"href":"https:\/\/www.moskito.cz\/de\/wp-json\/wp\/v2\/media\/334071"}],"wp:attachment":[{"href":"https:\/\/www.moskito.cz\/de\/wp-json\/wp\/v2\/media?parent=334070"}],"wp:term":[{"taxonomy":"pwb-brand","embeddable":true,"href":"https:\/\/www.moskito.cz\/de\/wp-json\/wp\/v2\/pwb-brand?post=334070"},{"taxonomy":"product_brand","embeddable":true,"href":"https:\/\/www.moskito.cz\/de\/wp-json\/wp\/v2\/product_brand?post=334070"},{"taxonomy":"product_cat","embeddable":true,"href":"https:\/\/www.moskito.cz\/de\/wp-json\/wp\/v2\/product_cat?post=334070"},{"taxonomy":"product_tag","embeddable":true,"href":"https:\/\/www.moskito.cz\/de\/wp-json\/wp\/v2\/product_tag?post=334070"}],"curies":[{"name":"wp","href":"https:\/\/api.w.org\/{rel}","templated":true}]}}