{"id":334331,"date":"2024-04-17T20:26:34","date_gmt":"2024-04-17T19:30:03","guid":{"rendered":"https:\/\/www.moskito.cz\/produkt\/wurfmesser-crkt-ken-onion-3-teiliges-wurfmesser-k930rkp\/"},"modified":"2025-05-07T11:11:55","modified_gmt":"2025-05-07T10:11:55","slug":"wurfmesser-crkt-ken-onion-3-teiliges-wurfmesser-k930rkp","status":"publish","type":"product","link":"https:\/\/www.moskito.cz\/de\/produkt\/wurfmesser-crkt-ken-onion-3-teiliges-wurfmesser-k930rkp\/","title":{"rendered":"Wurfmesser CRKT Ken Onion 3-teiliges Wurfmesser K930RKP"},"content":{"rendered":"<p>Wurfmesser <strong>CRKT<\/strong> Ken Onion 3-teiliges Wurfmesser K930RKP<\/p>\n<p>Ken Onions erstes Wurfmesser.<\/p>\n<p>Nach unz\u00e4hligen Iterationen und Tests hat Ken Onion sein Wurfmesserdesign perfektioniert und ist bereit, es mit der Welt zu teilen. Diese perfekt ausbalancierten Messer erf\u00fcllen alle Anforderungen des modernen Messerwerfers. Die Zwiebel-Wurfmesser werden im Dreierset mit einer robusten Nylonscheide geliefert, damit Sie sie sicher am G\u00fcrtel tragen k\u00f6nnen.<br \/>\nGeschmiedete Z\u00e4higkeit: 1050-Kohlenstoffstahl sorgt f\u00fcr Haltbarkeit und Schnitthaltigkeit<br \/>\nVolle Kontrolle: Rillen f\u00fcr maximale Wurfkontrolle<br \/>\nOptische Attraktivit\u00e4t: Schwarz pulverbeschichtet mit rotem Farbspray<br \/>\nSolide Konstruktion: Die gewebte Nylonh\u00fclle ist leicht und langlebig<br \/>\nBeidh\u00e4ndig verwendbar: Das symmetrische Design erm\u00f6glicht das Werfen mit der linken oder rechten Hand<br \/>\nWeitere Messer: Set mit 3 Messern mit G\u00fcrtelholster.<\/p>\n<p><iframe title=\"CRKT Onion Throwing Knives | Ken Onion Design\" width=\"800\" height=\"450\" src=\"https:\/\/www.youtube.com\/embed\/UTpZODJUOv0?feature=oembed\" frameborder=\"0\" allow=\"accelerometer; autoplay; clipboard-write; encrypted-media; gyroscope; picture-in-picture; web-share\" referrerpolicy=\"strict-origin-when-cross-origin\" allowfullscreen><\/iframe><\/p>\n<p>&nbsp;<\/p>\n","protected":false},"excerpt":{"rendered":"<p>Ken Onion<br \/>\nKaneohe, Hawaii<br \/>\nKen ist der echte Deal. Ken, der j\u00fcngste Neuzugang, der 2008 in die Blade Magazine Hall of Fame aufgenommen wurde, gilt als einer der innovativsten und erfolgreichsten Messerdesigner aller Zeiten. 1996 entwickelte er den ersten kommerziell erfolgreichen unterst\u00fctzten \u00d6ffnungsmechanismus und stellte 20 Jahre sp\u00e4ter seine preisgekr\u00f6nte Field Strip-Technologie vor. Jetzt setzt diese weltver\u00e4ndernde Innovation mit der Field Strip Gen II-Technologie einen neuen Standard, eine Wiedergeburt, die ihrem Namen alle Ehre machen muss.<\/p>\n","protected":false},"featured_media":334278,"comment_status":"open","ping_status":"closed","template":"","meta":[],"pwb-brand":[3457],"product_brand":[],"product_cat":[3285,3542],"product_tag":[3669],"class_list":{"0":"post-334331","1":"product","2":"type-product","3":"status-publish","4":"has-post-thumbnail","6":"pwb-brand-crkt-de","7":"product_cat-messer","8":"product_cat-messer-werfen","9":"product_tag-b2b-de","11":"first","12":"outofstock","13":"taxable","14":"shipping-taxable","15":"purchasable","16":"product-type-simple"},"brands":[{"id":3457,"name":"CRKT","slug":"crkt-de"}],"_links":{"self":[{"href":"https:\/\/www.moskito.cz\/de\/wp-json\/wp\/v2\/product\/334331","targetHints":{"allow":["GET"]}}],"collection":[{"href":"https:\/\/www.moskito.cz\/de\/wp-json\/wp\/v2\/product"}],"about":[{"href":"https:\/\/www.moskito.cz\/de\/wp-json\/wp\/v2\/types\/product"}],"replies":[{"embeddable":true,"href":"https:\/\/www.moskito.cz\/de\/wp-json\/wp\/v2\/comments?post=334331"}],"wp:featuredmedia":[{"embeddable":true,"href":"https:\/\/www.moskito.cz\/de\/wp-json\/wp\/v2\/media\/334278"}],"wp:attachment":[{"href":"https:\/\/www.moskito.cz\/de\/wp-json\/wp\/v2\/media?parent=334331"}],"wp:term":[{"taxonomy":"pwb-brand","embeddable":true,"href":"https:\/\/www.moskito.cz\/de\/wp-json\/wp\/v2\/pwb-brand?post=334331"},{"taxonomy":"product_brand","embeddable":true,"href":"https:\/\/www.moskito.cz\/de\/wp-json\/wp\/v2\/product_brand?post=334331"},{"taxonomy":"product_cat","embeddable":true,"href":"https:\/\/www.moskito.cz\/de\/wp-json\/wp\/v2\/product_cat?post=334331"},{"taxonomy":"product_tag","embeddable":true,"href":"https:\/\/www.moskito.cz\/de\/wp-json\/wp\/v2\/product_tag?post=334331"}],"curies":[{"name":"wp","href":"https:\/\/api.w.org\/{rel}","templated":true}]}}