{"id":334380,"date":"2024-04-17T20:41:20","date_gmt":"2024-04-17T19:44:06","guid":{"rendered":"https:\/\/www.moskito.cz\/produkt\/feststehendes-messer-crkt-clever-girl-2709b\/"},"modified":"2025-05-07T11:11:56","modified_gmt":"2025-05-07T10:11:56","slug":"feststehendes-messer-crkt-clever-girl-2709b","status":"publish","type":"product","link":"https:\/\/www.moskito.cz\/de\/produkt\/feststehendes-messer-crkt-clever-girl-2709b\/","title":{"rendered":"Feststehendes Messer CRKT Clever Girl 2709B"},"content":{"rendered":"<p>Feststehendes Messer <strong>CRKT<\/strong> Clever Girl 2709B.<\/p>\n<p>Das Tactical Clever Girl\u2122 mit fester Klinge kann Ihnen mit seiner kraftvollen, nach oben geschwungenen Klinge dabei helfen, sich aus heiklen Situationen zu befreien. Diese Version bietet zus\u00e4tzlichen Nutzen in Form von Veff Serrations\u2122 zum einfachen Durchschneiden von Dingen wie Seilen und einem marmorierten G10-Griff f\u00fcr zus\u00e4tzliche Eleganz und Allwetter-Grifffunktionalit\u00e4t.<\/p>\n<p>Austin McGlauns Wohlt\u00e4tigkeitsorganisation f\u00fcr dieses Messer ist die Green Beret Foundation.<\/p>\n<p>Das 2016 gegr\u00fcndete Forged by War\u00ae-Programm war Vorreiter der Zusammenarbeit zwischen CRKT und Veterans und l\u00e4dt echte Krieger ein, ihr Wissen und ihre Erfahrung einzusetzen, um eine spezielle Linie einsatzbereiter Messer und Werkzeuge zu entwerfen. Zus\u00e4tzlich zu einer Provision f\u00fcr ihre Entw\u00fcrfe wird ein Teil des Gewinns an eine Veteranen-Wohlt\u00e4tigkeitsorganisation gespendet. CRKT ist stolz, diese spezielle Spendenaktion anbieten zu k\u00f6nnen, um teilnehmende Wohlt\u00e4tigkeitsorganisationen auf nationaler Ebene zu unterst\u00fctzen.<\/p>\n<p>Hochleistungsstahl: SK-5-Kohlenstoffstahl h\u00e4lt die Klinge gut<br \/>\nExtrem scharf: Veff Serrations\u2122 bieten hervorragende Schneidkraft f\u00fcr Seile und Gurtb\u00e4nder<br \/>\nAu\u00dfergew\u00f6hnlicher Halt: Der G10-Griff bietet au\u00dfergew\u00f6hnlichen Halt unter allen Bedingungen<br \/>\nKompatibel mit dem Getriebe: Robuste Thermoplastschale mit Befestigungsm\u00f6glichkeit<br \/>\nKompatibel mit Ausr\u00fcstung: Verstellbare interne Clips sorgen f\u00fcr sicheren Halt am G\u00fcrtel und Riemen<br \/>\nSpezifikationen<\/p>\n<p>Klinge aus SK-5-Stahl<br \/>\nKlingenkante Veff Serrations\u2122<br \/>\nOberfl\u00e4chenbehandlung der Klingenpulverbeschichtung<\/p>\n<p>Klingenl\u00e4nge: 11,68 cm<br \/>\nKlingenst\u00e4rke 0,40 cm<br \/>\nGesamtl\u00e4nge: 25,71 cm<br \/>\nGewicht 6,30 Unzen. (178,60 g)<br \/>\nANDERE<br \/>\nGriffmaterial G10<br \/>\nStilvolles Messer mit feststehender Klinge und Scheide<br \/>\nSchalenmaterial Thermoplast<\/p>\n<p><iframe title=\"CRKT Clever Girl\u2122 Fixed | Austin McGlaun Design\" width=\"800\" height=\"450\" src=\"https:\/\/www.youtube.com\/embed\/lsooCJ8hItI?feature=oembed\" frameborder=\"0\" allow=\"accelerometer; autoplay; clipboard-write; encrypted-media; gyroscope; picture-in-picture; web-share\" referrerpolicy=\"strict-origin-when-cross-origin\" allowfullscreen><\/iframe><\/p>\n<p>&nbsp;<\/p>\n<p>&nbsp;<\/p>\n","protected":false},"excerpt":{"rendered":"<p>DESIGNER<br \/>\nAustin McGlaun<br \/>\nSpring Lake Park, Minnesota<br \/>\nEs gibt diejenigen, die mit Messern k\u00e4mpfen. Es gibt andere, die sie vorschlagen. Und dann&#8230; ist da noch Austin. Nach seinem Dienst beim 101 Als Soldat der Airborne Division im Irak und als Stra\u00dfenpolizist in Columbus, Georgia, wei\u00df er, dass ein Messer sowohl als Waffe als auch als Werkzeug fungieren muss. Im Rahmen des Forged By War\u00ae-Programms setzte er seine F\u00e4higkeiten als Kampftierarzt und Messermacher bei der Entwicklung von Clever Girl\u2122 ein. Ganz zu schweigen von einer neuen M\u00f6glichkeit, Ihre Kameraden nach Hause zu bringen. Wenn man ihn nach seiner Designphilosophie fragt, sagt er, dass ein Messer, das zwar h\u00e4sslich, aber effektiv ist, nicht h\u00e4sslich ist. Es ist perfekt.<\/p>\n","protected":false},"featured_media":334336,"comment_status":"open","ping_status":"closed","template":"","meta":[],"pwb-brand":[3457],"product_brand":[],"product_cat":[3287,3285],"product_tag":[3669],"class_list":{"0":"post-334380","1":"product","2":"type-product","3":"status-publish","4":"has-post-thumbnail","6":"pwb-brand-crkt-de","7":"product_cat-solide-messer","8":"product_cat-messer","9":"product_tag-b2b-de","11":"first","12":"instock","13":"sale","14":"taxable","15":"shipping-taxable","16":"purchasable","17":"product-type-simple"},"brands":[{"id":3457,"name":"CRKT","slug":"crkt-de"}],"_links":{"self":[{"href":"https:\/\/www.moskito.cz\/de\/wp-json\/wp\/v2\/product\/334380","targetHints":{"allow":["GET"]}}],"collection":[{"href":"https:\/\/www.moskito.cz\/de\/wp-json\/wp\/v2\/product"}],"about":[{"href":"https:\/\/www.moskito.cz\/de\/wp-json\/wp\/v2\/types\/product"}],"replies":[{"embeddable":true,"href":"https:\/\/www.moskito.cz\/de\/wp-json\/wp\/v2\/comments?post=334380"}],"wp:featuredmedia":[{"embeddable":true,"href":"https:\/\/www.moskito.cz\/de\/wp-json\/wp\/v2\/media\/334336"}],"wp:attachment":[{"href":"https:\/\/www.moskito.cz\/de\/wp-json\/wp\/v2\/media?parent=334380"}],"wp:term":[{"taxonomy":"pwb-brand","embeddable":true,"href":"https:\/\/www.moskito.cz\/de\/wp-json\/wp\/v2\/pwb-brand?post=334380"},{"taxonomy":"product_brand","embeddable":true,"href":"https:\/\/www.moskito.cz\/de\/wp-json\/wp\/v2\/product_brand?post=334380"},{"taxonomy":"product_cat","embeddable":true,"href":"https:\/\/www.moskito.cz\/de\/wp-json\/wp\/v2\/product_cat?post=334380"},{"taxonomy":"product_tag","embeddable":true,"href":"https:\/\/www.moskito.cz\/de\/wp-json\/wp\/v2\/product_tag?post=334380"}],"curies":[{"name":"wp","href":"https:\/\/api.w.org\/{rel}","templated":true}]}}