{"id":334385,"date":"2022-06-08T10:06:35","date_gmt":"2024-04-18T06:12:32","guid":{"rendered":"https:\/\/www.moskito.cz\/produkt\/feststehendes-messer-boeker-plus-boeker-plus-v-42\/"},"modified":"2025-05-07T11:11:57","modified_gmt":"2025-05-07T10:11:57","slug":"feststehendes-messer-boeker-plus-boeker-plus-v-42","status":"publish","type":"product","link":"https:\/\/www.moskito.cz\/de\/produkt\/feststehendes-messer-boeker-plus-boeker-plus-v-42\/","title":{"rendered":"Feststehendes Messer B\u00f6ker Plus B\u00f6ker Plus V-42"},"content":{"rendered":"<p>Feststehendes Messer <strong>B\u00f6ker<\/strong> Plus B\u00f6ker Plus V-42.<\/p>\n<p>Die Teufelsbrigade wurde im Juli 1942 gegr\u00fcndet. Unter dem offiziellen Namen 1. In einer Spezialeinheit schlossen sich amerikanische und kanadische Soldaten zu einer Spezialeinheit zusammen, die f\u00fcr den Kampf hinter den feindlichen Linien ausgebildet war. Die Urspr\u00fcnge vieler Spezialeinheiten lassen sich auf diese Spezialeinheit zur\u00fcckf\u00fchren. Aufgrund der zahlreichen Nachteins\u00e4tze, bei denen alle Gesichter zur Tarnung geschw\u00e4rzt wurden, pr\u00e4gte die deutsche Wehrmacht den Spitznamen \u201eSchwarze Teufel\u201c, der von dem gro\u00dfen Respekt zeugte, den sie ihrem Feind entgegenbrachte, obwohl die Einheit relativ klein war. In den Jahren 1943 und 1944 1. Die SSF schloss viele Eins\u00e4tze in Italien und Frankreich erfolgreich ab und konnte auf eine Reihe wichtiger Situationen Einfluss nehmen.<\/p>\n<p>Ein wichtiger Teil der Ausr\u00fcstung der Teufelsbrigade war das speziell entwickelte Kampfmesser V-42, das auch Teil einer intensiven Nahkampfausbildung war. Der Griff der gepressten Lederscheiben endet mit einer spitzen Schlagkappe. Eine dicke Lederpolsterung unter dem leicht gebogenen Kopf muss Verletzungen verhindert haben. Die zweischneidige Klinge aus rostfreiem SK-85-Kohlenstoffstahl ist beschichtet und verf\u00fcgt \u00fcber eine gewellte Daumenauflage im Ricasso-Bereich. Dieser legend\u00e4re Dolch ist noch heute mit den Insignien der Spezialeinheiten der US-Armee geschm\u00fcckt.<\/p>\n<p>Dieses exklusive Sammlerst\u00fcck wird nicht nur mit einem klassischen Lederetui geliefert, sondern auch mit einer Nachbildung des Stoffabzeichens der Einheit, das eine rote Speerspitze darstellt, und mit einer Reproduktion des originalen deutschen Aufklebers mit der Aufschrift \u201eDas Schlimmste kommt noch!\u201c. &#8220; &#8222;. Zus\u00e4tzlich wird die Beschriftung 1 angezeigt. SSF, das fr\u00fcher an W\u00e4nden, Autos, T\u00fcren usw. klebte. hinter den feindlichen Linien, um den Feind zu demoralisieren. Ein Premium-Sammelset nicht nur f\u00fcr Liebhaber der Milit\u00e4rgeschichte!<\/p>\n<p>Typ: Feste Klinge<br \/>\nGesamtl\u00e4nge: 30,40 cm<br \/>\nKlingenl\u00e4nge: 17,80 cm<br \/>\nKlingenst\u00e4rke: 5,00 mm<br \/>\nGewicht: 196,00 g<br \/>\nKlingenmaterial: SK-85<br \/>\nGriffmaterial: Leder<br \/>\nFarbe braun<br \/>\nKlingenfarbe: Schwarz<br \/>\nSchalenmaterial: Leder<br \/>\nArtikelnummer: 02BO047<\/p>\n<p>&nbsp;<\/p>\n","protected":false},"excerpt":{"rendered":"<p>Ber\u00fchmt wurde der Kampfdolch <strong>V-42<\/strong> im Dienst der alliierten amerikanisch-kanadischen Einheit Devil&#8217;s Brigade.<\/p>\n","protected":false},"featured_media":334392,"comment_status":"open","ping_status":"closed","template":"","meta":[],"pwb-brand":[3422],"product_brand":[],"product_cat":[3285,3287],"product_tag":[3669],"class_list":{"0":"post-334385","1":"product","2":"type-product","3":"status-publish","4":"has-post-thumbnail","6":"pwb-brand-boker-de","7":"product_cat-messer","8":"product_cat-solide-messer","9":"product_tag-b2b-de","11":"first","12":"outofstock","13":"taxable","14":"shipping-taxable","15":"purchasable","16":"product-type-simple"},"brands":[{"id":3422,"name":"B\u00f6ker","slug":"boker-de"}],"_links":{"self":[{"href":"https:\/\/www.moskito.cz\/de\/wp-json\/wp\/v2\/product\/334385","targetHints":{"allow":["GET"]}}],"collection":[{"href":"https:\/\/www.moskito.cz\/de\/wp-json\/wp\/v2\/product"}],"about":[{"href":"https:\/\/www.moskito.cz\/de\/wp-json\/wp\/v2\/types\/product"}],"replies":[{"embeddable":true,"href":"https:\/\/www.moskito.cz\/de\/wp-json\/wp\/v2\/comments?post=334385"}],"wp:featuredmedia":[{"embeddable":true,"href":"https:\/\/www.moskito.cz\/de\/wp-json\/wp\/v2\/media\/334392"}],"wp:attachment":[{"href":"https:\/\/www.moskito.cz\/de\/wp-json\/wp\/v2\/media?parent=334385"}],"wp:term":[{"taxonomy":"pwb-brand","embeddable":true,"href":"https:\/\/www.moskito.cz\/de\/wp-json\/wp\/v2\/pwb-brand?post=334385"},{"taxonomy":"product_brand","embeddable":true,"href":"https:\/\/www.moskito.cz\/de\/wp-json\/wp\/v2\/product_brand?post=334385"},{"taxonomy":"product_cat","embeddable":true,"href":"https:\/\/www.moskito.cz\/de\/wp-json\/wp\/v2\/product_cat?post=334385"},{"taxonomy":"product_tag","embeddable":true,"href":"https:\/\/www.moskito.cz\/de\/wp-json\/wp\/v2\/product_tag?post=334385"}],"curies":[{"name":"wp","href":"https:\/\/api.w.org\/{rel}","templated":true}]}}