{"id":334440,"date":"2021-09-28T11:04:40","date_gmt":"2024-04-18T13:35:52","guid":{"rendered":"https:\/\/www.moskito.cz\/produkt\/sog-flare-verschlussmesser\/"},"modified":"2025-05-07T11:11:59","modified_gmt":"2025-05-07T10:11:59","slug":"sog-flare-verschlussmesser","status":"publish","type":"product","link":"https:\/\/www.moskito.cz\/de\/produkt\/sog-flare-verschlussmesser\/","title":{"rendered":"SOG FLARE Verschlussmesser"},"content":{"rendered":"<p>Unsere Geschichte beginnt in Vietnam, wo Mitglieder der streng geheimen Spezialeinheit Amerikas \u2013 bekannt als MACV \u2013 <strong>SOG<\/strong> \u2013 auf verdeckten Missionen ein einzigartiges Geheimmesser in den Dschungel trugen. Einige Jahre sp\u00e4ter, 1986, inspirierte dieses Messer einen jungen Designer namens Spencer Frazer zur Gr\u00fcndung von <strong>SOG<\/strong> Specialty Knives. Seine Mission: das originale <strong>SOG-<\/strong> Bowiemesser zu reproduzieren und der Spezialeinheit, die es geschaffen hat, Tribut zu zollen. Was als einzelnes Gedenkmodell begann, entwickelte sich bald zu einer ganzen Reihe innovativer Werkzeuge \u2013 bew\u00e4hrt von US-Spezialeinheiten und sogar als Messer der Wahl der Navy SEALs ausgezeichnet. Heute werden SOG-Messer auch in den anspruchsvollsten Situationen selbstbewusst getragen. Aus Tradition geschmiedet, im Feld geh\u00e4rtet, f\u00fcr Sie gefeilt.<\/p>\n<p>Egal, ob Sie andere besch\u00fctzen oder eine epische Jagdexpedition leiten, eine der allt\u00e4glichen Herausforderungen des Lebens meistern oder die bisher extremsten Bedingungen meistern, machen Sie sich mit <strong>SOG<\/strong> auf den Weg.<\/p>\n<p><strong>SOG<\/strong> FLARE Verschlussmesser.<\/p>\n<p>Wenn Sie auf der Suche nach einem tollen Klappmesser sind, sind Sie beim Flare Assistant genau richtig. Mit unserem patentierten \u00d6ffnungssystem SOG Assisted Technology (SAT) \u00f6ffnet sich der Flare kraftvoll. Ein leichter und dennoch robuster Griff aus glasfaserverst\u00e4rktem Nylon (GRN) und eine aufsteckbare Klinge sorgen f\u00fcr Haltbarkeit und Vielseitigkeit. Der Flare ist sehr schlank und verf\u00fcgt au\u00dferdem \u00fcber unseren charakteristischen doppelseitigen Taschenclip, sodass Sie ihn sicher \u00fcberall hin mitnehmen k\u00f6nnen.<\/p>\n<p>KLINGENL\u00c4NGE: 8,5 cm<br \/>\nPRODUKTTYP: Klappmesser<br \/>\nG\u00dcRTELSCHNALLENTYP: Fest<br \/>\nAUSF\u00dcHRUNGEN: Polierter Satin<br \/>\nKANTENTYP: Gerade<br \/>\nKLINGENFORM: Clip-Point<br \/>\nH\u00c4RTE: \u200b\u200bRC 54-58<br \/>\nGRIFFFARBE: Schwarz<\/p>\n<p><iframe title=\"SOG Flare\" width=\"800\" height=\"450\" src=\"https:\/\/www.youtube.com\/embed\/sN9VjcMTNFg?feature=oembed\" frameborder=\"0\" allow=\"accelerometer; autoplay; clipboard-write; encrypted-media; gyroscope; picture-in-picture; web-share\" referrerpolicy=\"strict-origin-when-cross-origin\" allowfullscreen><\/iframe><\/p>\n<p>&nbsp;<\/p>\n<p>Wenn Sie auf der Suche nach einem tollen Klappmesser sind, ist das Flare Assist genau das Richtige f\u00fcr Sie. Ausgestattet mit unserem patentierten SOG Assisted Technology (SAT)-\u00d6ffnungssystem \u00f6ffnet sich der Flare kraftvoll. Der leichte, aber robuste Griff aus glasfaserverst\u00e4rktem Nylon (GRN) und die Clip-Point-Klinge sorgen f\u00fcr Haltbarkeit und Vielseitigkeit. Der Flare ist sehr schlank und verf\u00fcgt au\u00dferdem \u00fcber unseren markentypischen umkehrbaren Low-Carry-Taschenclip, sodass Sie ihn problemlos \u00fcberallhin mitnehmen k\u00f6nnen.<\/p>\n<p>&nbsp;<\/p>\n","protected":false},"excerpt":{"rendered":"<p>Egal, ob Sie andere besch\u00fctzen oder eine epische Jagdexpedition leiten, eine der allt\u00e4glichen Herausforderungen des Lebens meistern oder die bisher extremsten Bedingungen meistern, machen Sie sich mit <strong>SOG<\/strong> auf den Weg.<\/p>\n<p><strong>Wir geben auf alle SOG-Messer eine lebenslange Garantie!<\/strong><\/p>\n","protected":false},"featured_media":334441,"comment_status":"open","ping_status":"closed","template":"","meta":[],"pwb-brand":[3605],"product_brand":[],"product_cat":[3285,3303],"product_tag":[3669],"class_list":{"0":"post-334440","1":"product","2":"type-product","3":"status-publish","4":"has-post-thumbnail","6":"pwb-brand-wie-g","7":"product_cat-messer","8":"product_cat-schliesmesser","9":"product_tag-b2b-de","11":"first","12":"instock","13":"taxable","14":"shipping-taxable","15":"purchasable","16":"product-type-simple"},"brands":[{"id":3605,"name":"WIE G","slug":"wie-g"}],"_links":{"self":[{"href":"https:\/\/www.moskito.cz\/de\/wp-json\/wp\/v2\/product\/334440","targetHints":{"allow":["GET"]}}],"collection":[{"href":"https:\/\/www.moskito.cz\/de\/wp-json\/wp\/v2\/product"}],"about":[{"href":"https:\/\/www.moskito.cz\/de\/wp-json\/wp\/v2\/types\/product"}],"replies":[{"embeddable":true,"href":"https:\/\/www.moskito.cz\/de\/wp-json\/wp\/v2\/comments?post=334440"}],"wp:featuredmedia":[{"embeddable":true,"href":"https:\/\/www.moskito.cz\/de\/wp-json\/wp\/v2\/media\/334441"}],"wp:attachment":[{"href":"https:\/\/www.moskito.cz\/de\/wp-json\/wp\/v2\/media?parent=334440"}],"wp:term":[{"taxonomy":"pwb-brand","embeddable":true,"href":"https:\/\/www.moskito.cz\/de\/wp-json\/wp\/v2\/pwb-brand?post=334440"},{"taxonomy":"product_brand","embeddable":true,"href":"https:\/\/www.moskito.cz\/de\/wp-json\/wp\/v2\/product_brand?post=334440"},{"taxonomy":"product_cat","embeddable":true,"href":"https:\/\/www.moskito.cz\/de\/wp-json\/wp\/v2\/product_cat?post=334440"},{"taxonomy":"product_tag","embeddable":true,"href":"https:\/\/www.moskito.cz\/de\/wp-json\/wp\/v2\/product_tag?post=334440"}],"curies":[{"name":"wp","href":"https:\/\/api.w.org\/{rel}","templated":true}]}}