{"id":334507,"date":"2022-02-20T11:07:20","date_gmt":"2024-04-18T13:58:59","guid":{"rendered":"https:\/\/www.moskito.cz\/produkt\/verschlussmesser-sog-seal-xr-usa-hergestellt\/"},"modified":"2025-05-07T11:12:01","modified_gmt":"2025-05-07T10:12:01","slug":"verschlussmesser-sog-seal-xr-usa-hergestellt","status":"publish","type":"product","link":"https:\/\/www.moskito.cz\/de\/produkt\/verschlussmesser-sog-seal-xr-usa-hergestellt\/","title":{"rendered":"Verschlussmesser SOG SEAL XR USA HERGESTELLT"},"content":{"rendered":"<p>Unsere Geschichte beginnt in Vietnam, wo Mitglieder der streng geheimen Spezialeinheit Amerikas \u2013 bekannt als MACV \u2013 <strong>SOG<\/strong> \u2013 auf verdeckten Missionen ein einzigartiges Geheimmesser in den Dschungel trugen. Jahre sp\u00e4ter, 1986, inspirierte dieses Messer einen jungen Designer namens Spencer Frazer zur Gr\u00fcndung von SOG Specialty Knives. Seine Mission: das originale <strong>SOG-<\/strong> Bowiemesser zu reproduzieren und der Spezialeinheit, die es geschaffen hat, Tribut zu zollen. Was als einzelnes Gedenkmodell begann, entwickelte sich bald zu einer ganzen Reihe innovativer Werkzeuge \u2013 bew\u00e4hrt von US-Spezialeinheiten und sogar als Messer der Wahl der Navy SEALs ausgezeichnet. Heute werden SOG-Messer auch in den anspruchsvollsten Situationen selbstbewusst getragen. Aus Tradition geschmiedet, im Feld geh\u00e4rtet, f\u00fcr Sie gefeilt.<\/p>\n<p>Egal, ob Sie andere besch\u00fctzen oder eine epische Jagdexpedition leiten, eine der allt\u00e4glichen Herausforderungen des Lebens meistern oder die bisher extremsten Bedingungen meistern, machen Sie sich mit <strong>SOG<\/strong> auf den Weg.<\/p>\n<p>Verschlussmesser <strong>SOG SEAL XR USA HERGESTELLT<\/strong> .<\/p>\n<p>Ein Schlie\u00dfmesser, das ausschlie\u00dflich in den USA hergestellt wird. Entwickelt und optimiert in Absprache mit professionellen Anwendern. Das SEAL XR bietet das Gef\u00fchl und die Funktionalit\u00e4t eines SEAL-Messers in Form eines gro\u00dfformatigen Taschenmessers. Das aus GRN- und S35VN-Stahl gefertigte SEAL XR ist ein \u00e4u\u00dferst langlebiges Messer mit hoher Korrosionsbest\u00e4ndigkeit und Schnitthaltigkeit. SEAL XR ist ein vollst\u00e4ndig umkehrbares Design und l\u00e4sst sich mit einem sicheren XR-Schloss \u00f6ffnen. Eines der besten taktischen Messer \u00fcberhaupt.<\/p>\n<p>In Lebens- oder Todessituationen ist der SEAL XR praktisch. Es wurde von professionellen Betreibern auf einigen der unwirtlichsten und gef\u00e4hrlichsten St\u00fctzpunkte der Welt entwickelt, getestet und verfeinert.<\/p>\n<p>Gro\u00dfformatiges Messer f\u00fcr professionelle Anwender. Verf\u00fcgt \u00fcber schnelles beidseitiges \u00d6ffnen, GRN-Griffanschlagpunkt und in den USA hergestellten S35VN-Stahl.<\/p>\n<p>AMBIDEXTER-DESIGN<br \/>\nSanftes und schnelles einh\u00e4ndiges \u00d6ffnen mit beiden H\u00e4nden mit drei \u00d6ffnungsmethoden: Daumenloch, XR-Verriegelung und Kick.<\/p>\n<p>XR-SPERRE<br \/>\nZuverl\u00e4ssig und leistungsstark, h\u00e4lt einer Kraft von bis zu 1.500 Pfund stand und bietet maximale integrierte Klingensicherheit beim \u00d6ffnen, sodass sie sich nur dann \u00f6ffnet, wenn es beabsichtigt ist.<\/p>\n<p>S35VN-STAHL<br \/>\nCPM-S35VN ist ein in den USA hergestellter Stahl, der eine verbesserte Z\u00e4higkeit, besseren Halt der Klinge, erh\u00f6hte Verschlei\u00dffestigkeit und Klingenbruchfestigkeit bietet und gleichzeitig das Sch\u00e4rfen erleichtert.<\/p>\n<p>GESCHLOSSENE L\u00c4NGE: 13,3 cm<br \/>\nGRAVURIERBAR: Ja<br \/>\nKLINGENL\u00c4NGE: 9,8 cm<br \/>\nHERKUNFTSLAND: USA<br \/>\nVERRIEGELUNGSMECHANISMUS: XR<br \/>\n\u00d6FFNUNGSMECHANISMUS: XR, Daumenloch, Kick<br \/>\nG\u00dcRTELCLIP-TYP: Reversible Low-Carry<br \/>\nAUSF\u00dcHRUNGEN: Schwarzes Cerakote<br \/>\nKANTENTYP: Teilweise gezahnt<br \/>\nKLINGENSTAHLTYP: S35VN<br \/>\nH\u00c4RTE: \u200b\u200bRc. 59-61<br \/>\nGRIFFMATERIAL: Mit Glas verst\u00e4rktes Nylon<br \/>\nGRIFFFARBE: Schwarz<\/p>\n<p><iframe title=\"Seal XR\" width=\"800\" height=\"450\" src=\"https:\/\/www.youtube.com\/embed\/In0_XwMsm8M?feature=oembed\" frameborder=\"0\" allow=\"accelerometer; autoplay; clipboard-write; encrypted-media; gyroscope; picture-in-picture; web-share\" referrerpolicy=\"strict-origin-when-cross-origin\" allowfullscreen><\/iframe><\/p>\n<p>&nbsp;<\/p>\n","protected":false},"excerpt":{"rendered":"<p>Egal, ob Sie andere besch\u00fctzen oder eine epische Jagdexpedition leiten, eine der allt\u00e4glichen Herausforderungen des Lebens meistern oder die bisher extremsten Bedingungen meistern, machen Sie sich mit <strong>SOG<\/strong> auf den Weg.<\/p>\n<p><strong>Wir geben auf alle SOG-Messer eine lebenslange Garantie!<\/strong><\/p>\n<p><strong>Kostenloser Transport.<\/strong><\/p>\n","protected":false},"featured_media":334514,"comment_status":"open","ping_status":"closed","template":"","meta":[],"pwb-brand":[3605],"product_brand":[],"product_cat":[3285,3303],"product_tag":[3669],"class_list":{"0":"post-334507","1":"product","2":"type-product","3":"status-publish","4":"has-post-thumbnail","6":"pwb-brand-wie-g","7":"product_cat-messer","8":"product_cat-schliesmesser","9":"product_tag-b2b-de","11":"first","12":"instock","13":"taxable","14":"shipping-taxable","15":"purchasable","16":"product-type-simple"},"brands":[{"id":3605,"name":"WIE G","slug":"wie-g"}],"_links":{"self":[{"href":"https:\/\/www.moskito.cz\/de\/wp-json\/wp\/v2\/product\/334507","targetHints":{"allow":["GET"]}}],"collection":[{"href":"https:\/\/www.moskito.cz\/de\/wp-json\/wp\/v2\/product"}],"about":[{"href":"https:\/\/www.moskito.cz\/de\/wp-json\/wp\/v2\/types\/product"}],"replies":[{"embeddable":true,"href":"https:\/\/www.moskito.cz\/de\/wp-json\/wp\/v2\/comments?post=334507"}],"wp:featuredmedia":[{"embeddable":true,"href":"https:\/\/www.moskito.cz\/de\/wp-json\/wp\/v2\/media\/334514"}],"wp:attachment":[{"href":"https:\/\/www.moskito.cz\/de\/wp-json\/wp\/v2\/media?parent=334507"}],"wp:term":[{"taxonomy":"pwb-brand","embeddable":true,"href":"https:\/\/www.moskito.cz\/de\/wp-json\/wp\/v2\/pwb-brand?post=334507"},{"taxonomy":"product_brand","embeddable":true,"href":"https:\/\/www.moskito.cz\/de\/wp-json\/wp\/v2\/product_brand?post=334507"},{"taxonomy":"product_cat","embeddable":true,"href":"https:\/\/www.moskito.cz\/de\/wp-json\/wp\/v2\/product_cat?post=334507"},{"taxonomy":"product_tag","embeddable":true,"href":"https:\/\/www.moskito.cz\/de\/wp-json\/wp\/v2\/product_tag?post=334507"}],"curies":[{"name":"wp","href":"https:\/\/api.w.org\/{rel}","templated":true}]}}