{"id":334579,"date":"2023-04-02T17:17:51","date_gmt":"2024-04-18T14:07:47","guid":{"rendered":"https:\/\/www.moskito.cz\/produkt\/verschlussmesser-sog-key-knife-schwarz-technische-daten\/"},"modified":"2025-05-07T11:12:01","modified_gmt":"2025-05-07T10:12:01","slug":"verschlussmesser-sog-key-knife-schwarz-technische-daten","status":"publish","type":"product","link":"https:\/\/www.moskito.cz\/de\/produkt\/verschlussmesser-sog-key-knife-schwarz-technische-daten\/","title":{"rendered":"Verschlussmesser SOG KEY KNIFE SCHWARZ TECHNISCHE DATEN"},"content":{"rendered":"<p>Verschlussmesser <strong>SOG<\/strong> KEY KNIFE SCHWARZ TECHNISCHE DATEN<\/p>\n<p>Man sagt, das beste Taschenmesser ist das, das man bei sich tr\u00e4gt! Seien Sie mit dem neuen Schl\u00fcsselmesser immer vorbereitet. Dies ist der erste Lockback dieser Art. \u00d6ffne dein Bewusstsein. Wir lieben die Tatsache, dass wir uns manchmal w\u00fcnschen, wir h\u00e4tten ein Taschenmesser, mit dem wir unsere Finger reinigen, ein Seil durchschneiden, eine Schachtel \u00f6ffnen oder einen Faden durchschneiden k\u00f6nnten. Jetzt tun wir es, immer. Unser neues Schl\u00fcsselmesser kann die Situation retten, es sei denn, Sie schlie\u00dfen es nat\u00fcrlich in Ihrem Kofferraum ein.<\/p>\n<p>Beschreibung:<\/p>\n<p>Klingenmaterial: 5Cr13MoV<br \/>\nGriffmaterial: Edelstahl<br \/>\nSicherheit: Backlock<br \/>\nKlingenl\u00e4nge: 3,8 cm<br \/>\nGesamtl\u00e4nge: 10,2 cm<br \/>\nKlingenst\u00e4rke: 2,5 mm<br \/>\nGewicht: 19,8 g<\/p>\n","protected":false},"excerpt":{"rendered":"<p><strong>Schlie\u00dfmesser f\u00fcr Schl\u00fcssel mit einem Griff in Form und Gr\u00f6\u00dfe eines normalen Hausschl\u00fcssels. <\/strong><\/p>\n","protected":false},"featured_media":334581,"comment_status":"open","ping_status":"closed","template":"","meta":[],"pwb-brand":[3605],"product_brand":[],"product_cat":[3285,3303],"product_tag":[3669],"class_list":{"0":"post-334579","1":"product","2":"type-product","3":"status-publish","4":"has-post-thumbnail","6":"pwb-brand-wie-g","7":"product_cat-messer","8":"product_cat-schliesmesser","9":"product_tag-b2b-de","11":"first","12":"outofstock","13":"taxable","14":"shipping-taxable","15":"purchasable","16":"product-type-simple"},"brands":[{"id":3605,"name":"WIE G","slug":"wie-g"}],"_links":{"self":[{"href":"https:\/\/www.moskito.cz\/de\/wp-json\/wp\/v2\/product\/334579","targetHints":{"allow":["GET"]}}],"collection":[{"href":"https:\/\/www.moskito.cz\/de\/wp-json\/wp\/v2\/product"}],"about":[{"href":"https:\/\/www.moskito.cz\/de\/wp-json\/wp\/v2\/types\/product"}],"replies":[{"embeddable":true,"href":"https:\/\/www.moskito.cz\/de\/wp-json\/wp\/v2\/comments?post=334579"}],"wp:featuredmedia":[{"embeddable":true,"href":"https:\/\/www.moskito.cz\/de\/wp-json\/wp\/v2\/media\/334581"}],"wp:attachment":[{"href":"https:\/\/www.moskito.cz\/de\/wp-json\/wp\/v2\/media?parent=334579"}],"wp:term":[{"taxonomy":"pwb-brand","embeddable":true,"href":"https:\/\/www.moskito.cz\/de\/wp-json\/wp\/v2\/pwb-brand?post=334579"},{"taxonomy":"product_brand","embeddable":true,"href":"https:\/\/www.moskito.cz\/de\/wp-json\/wp\/v2\/product_brand?post=334579"},{"taxonomy":"product_cat","embeddable":true,"href":"https:\/\/www.moskito.cz\/de\/wp-json\/wp\/v2\/product_cat?post=334579"},{"taxonomy":"product_tag","embeddable":true,"href":"https:\/\/www.moskito.cz\/de\/wp-json\/wp\/v2\/product_tag?post=334579"}],"curies":[{"name":"wp","href":"https:\/\/api.w.org\/{rel}","templated":true}]}}